{"id":17301,"date":"2025-06-20T19:17:53","date_gmt":"2025-06-20T23:17:53","guid":{"rendered":"https:\/\/www.multicasa.com.br\/inicio\/?post_type=product&#038;p=17301"},"modified":"2025-08-17T19:14:52","modified_gmt":"2025-08-17T23:14:52","slug":"assento-calypso-almofadado-branco","status":"publish","type":"product","link":"https:\/\/www.multicasa.com.br\/inicio\/produto\/assento-calypso-almofadado-branco\/","title":{"rendered":"Assento Calypso Almofadado Branco"},"content":{"rendered":"<p>Higi\u00eancio-cont\u00e9m prote\u00e7\u00e3o contra fungos e bact\u00e9rias; Confort\u00e1vel &#8211; arco macio; F\u00e1cil limpeza &#8211; Arco liso, n\u00e3o acumula sujeira; Fixa\u00e7\u00e3o regul\u00e1vel &#8211; assento se encaixa perfeitamente na lou\u00e7a; N\u00e3o cai &#8211; sistema que mant\u00e9m o assento em p\u00e9 quando aberto.<\/p>\n","protected":false},"excerpt":{"rendered":"<h4 style=\"margin: 0px;padding: 0px 0px 16px;font-family: Lato, sans-serif;font-weight: bold;line-height: 3rem;color: var(--dark-grey3);font-size: 22px;font-style: normal;letter-spacing: normal;text-align: start;text-indent: 0px;text-transform: none\">Informa\u00e7\u00f5es t\u00e9cnicas<\/h4>\n<p><span style=\"margin: 0px;padding: 0px;font-weight: 450;font-size: 14px;line-height: 21px;color: var(--dark-grey2);font-family: Lato, sans-serif;font-style: normal;letter-spacing: normal;text-align: start;text-indent: 0px;text-transform: none\">Produto: ASSENTO CALYPSO ALMOFADADO BRANCO<br \/>\nMarca: ASTRA<\/p>\n<p>Caracteristicas:<br \/>\n&#8211; Produto\tAssento: Sanit\u00e1rio;<br \/>\n&#8211; para Vaso Sanit\u00e1rio da Marca: Incepa;<br \/>\n&#8211; para Vaso Sanit\u00e1rio do Modelo: Calypso;<br \/>\n&#8211; Tipo: Formatos;<br \/>\n&#8211; Altura do Assento Sanit\u00e1rio Fechado: 5 cm;<br \/>\n&#8211; Largura do Assento Sanit\u00e1rio: 36 cm;<br \/>\n&#8211; Comprimento do Assento: 45 cm;<br \/>\n&#8211; Dist\u00e2ncia dos Furos do Assento Sanit\u00e1rio: 23,8 cm;<br \/>\n&#8211; Dimens\u00e3o Assento Sanit\u00e1rio: 5x36x45cm;<br \/>\n&#8211; Cor do Assento Sanit\u00e1rio: Branco;<br \/>\n&#8211; Tonalidade do Assento Sanit\u00e1rio: Branco;<br \/>\n&#8211; Material do Assento Sanit\u00e1rio: Pl\u00e1stico;<br \/>\n&#8211; Tipo de Material do Assento Sanit\u00e1rio: Espuma;<br \/>\n&#8211; Marca do Assento Sanit\u00e1rio:\tAstra;<br \/>\n&#8211; Formato: Quadrado;<br \/>\n&#8211; Almofadado: Sim;<br \/>\n&#8211; Tipo de Fechamento: Fechamento Comum;<br \/>\n&#8211; Acompanha Fixa\u00e7\u00e3o: Sim;<br \/>\n&#8211; Tipo de Fixa\u00e7\u00e3o: Parafuso;<br \/>\n&#8211; Material da Fixa\u00e7\u00e3o: Pl\u00e1stico;<br \/>\n&#8211; Cor da Fixa\u00e7\u00e3o: Branco;<br \/>\n&#8211; Tonalidade da Fixa\u00e7\u00e3o: Branco;<br \/>\n&#8211; Garantia do Fabricante: 12 mes(es);<br \/>\n&#8211; Instru\u00e7\u00f5es de Limpeza: Utilizar somente pano macio umedecido com sab\u00e3o &#8211; neutro. N\u00e3o utilize produtos qu\u00edmicos ou esponjas abrasivas, pois danificam o &#8211; produto;<br \/>\n&#8211; Dica: Para comprar o assento ideal saiba a marca e o modelo do vaso sanit\u00e1rio. Caso n\u00e3o tenha essas informa\u00e7\u00f5es, tire as medidas do seu vaso: comprimento (dist\u00e2ncia do parafuso at\u00e9 a ponta da lou\u00e7a), largura (ponto mais largo) e dist\u00e2ncia entre os furos.<br \/>\n<\/span><\/p>\n","protected":false},"featured_media":24640,"template":"","meta":{"_joinchat":[]},"product_brand":[],"product_cat":[70],"product_tag":[],"class_list":{"0":"post-17301","1":"product","2":"type-product","3":"status-publish","4":"has-post-thumbnail","6":"product_cat-assentos-e-cia","8":"first","9":"outofstock","10":"shipping-taxable","11":"purchasable","12":"product-type-simple"},"_links":{"self":[{"href":"https:\/\/www.multicasa.com.br\/inicio\/wp-json\/wp\/v2\/product\/17301","targetHints":{"allow":["GET"]}}],"collection":[{"href":"https:\/\/www.multicasa.com.br\/inicio\/wp-json\/wp\/v2\/product"}],"about":[{"href":"https:\/\/www.multicasa.com.br\/inicio\/wp-json\/wp\/v2\/types\/product"}],"wp:featuredmedia":[{"embeddable":true,"href":"https:\/\/www.multicasa.com.br\/inicio\/wp-json\/wp\/v2\/media\/24640"}],"wp:attachment":[{"href":"https:\/\/www.multicasa.com.br\/inicio\/wp-json\/wp\/v2\/media?parent=17301"}],"wp:term":[{"taxonomy":"product_brand","embeddable":true,"href":"https:\/\/www.multicasa.com.br\/inicio\/wp-json\/wp\/v2\/product_brand?post=17301"},{"taxonomy":"product_cat","embeddable":true,"href":"https:\/\/www.multicasa.com.br\/inicio\/wp-json\/wp\/v2\/product_cat?post=17301"},{"taxonomy":"product_tag","embeddable":true,"href":"https:\/\/www.multicasa.com.br\/inicio\/wp-json\/wp\/v2\/product_tag?post=17301"}],"curies":[{"name":"wp","href":"https:\/\/api.w.org\/{rel}","templated":true}]}}