{"id":17302,"date":"2025-06-20T19:17:53","date_gmt":"2025-06-20T23:17:53","guid":{"rendered":"https:\/\/www.multicasa.com.br\/inicio\/?post_type=product&#038;p=17302"},"modified":"2025-08-18T04:03:46","modified_gmt":"2025-08-18T08:03:46","slug":"monocomando-lav-banc-logg-cr-docol","status":"publish","type":"product","link":"https:\/\/www.multicasa.com.br\/inicio\/produto\/monocomando-lav-banc-logg-cr-docol\/","title":{"rendered":"Monocomando Lav.Banc.Logg.Cr Docol"},"content":{"rendered":"<p>O misturador monocomando para banheiro com bica alta da linha L\u00f3ggica \u00e9 perfeito para ambientes vers\u00e1teis, que buscam por um produto simples e sofisticado ao mesmo tempo. A bica alta encaixa em uma cuba de apoio, por exemplo, pois evita respingos e direciona o jato para o centro da v\u00e1lvula de sa\u00edda da \u00e1gua, justamente pela presen\u00e7a da bica maior. Al\u00e9m disso, com a presen\u00e7a do monocomando numa s\u00f3 alavanca, voc\u00ea pode acionar a \u00e1gua quente e fria com maior facilidade. A bancada do seu banheiro fica ainda mais simples e sofisticada, visto que \u00e9 feito apenas um furo para instala\u00e7\u00e3o. Esse misturador possui encaixe para bitolas com tamanho \u00bd&#8221; e suporta temperaturas de at\u00e9 70\u00b0C.<\/p>\n","protected":false},"excerpt":{"rendered":"<h4 style=\"margin: 0px;padding: 0px 0px 16px;font-family: Lato, sans-serif;font-weight: bold;line-height: 3rem;color: var(--dark-grey3);font-size: 22px;font-style: normal;letter-spacing: normal;text-align: start;text-indent: 0px;text-transform: none\">Informa\u00e7\u00f5es t\u00e9cnicas<\/h4>\n<p><span style=\"margin: 0px;padding: 0px;font-weight: 450;font-size: 14px;line-height: 21px;color: var(--dark-grey2);font-family: Lato, sans-serif;font-style: normal;letter-spacing: normal;text-align: start;text-indent: 0px;text-transform: none\">Produto: MONOCOMANDO LAV.BANC.LOGG.CR DOCOL<br \/>\nMarca: DOCOL<\/p>\n<p>Caracteristicas:<br \/>\n&#8211; Acabamento: Polido;<br \/>\n&#8211; Cor: Cromado;<br \/>\n&#8211; Sistema de abertura: Monocomando;<br \/>\n&#8211; Tecnologias: Acabamento bin\u00edquel, Cartucho com veda\u00e7\u00e3o cer\u00e2mica, ColdStart, Instala F\u00e1cil;<br \/>\n&#8211; Arejador: Arejador Embutido;<br \/>\n&#8211; Bitola: 1\/2&#8243; &#8211; DN 15;<br \/>\n&#8211; Classe de press\u00e3o: 2 a 40 m.c.a;<br \/>\n&#8211; Temperatura m\u00e1xima da \u00e1gua: 70\u00b0C;<br \/>\n&#8211; Conte\u00fado da embalagem: 1 misturador montado, 1 porca pl\u00e1stica, 1 anel borracha, 1 cal\u00e7o, 1 v\u00e1lvula sa\u00edda d\u00e1gua e 1 manual de instala\u00e7\u00e3o;<br \/>\n&#8211; Composi\u00e7\u00e3o: Ligas de cobre, elast\u00f4meros e pl\u00e1stico de engenharia;<br \/>\n&#8211; Mobilidade da bica: Fixa;<br \/>\n&#8211; Acionamento: Alavanca;<br \/>\n&#8211; Tipo de Instala\u00e7\u00e3o: Mesa;<\/span><\/p>\n","protected":false},"featured_media":25607,"template":"","meta":{"_joinchat":[]},"product_brand":[],"product_cat":[67],"product_tag":[],"class_list":{"0":"post-17302","1":"product","2":"type-product","3":"status-publish","4":"has-post-thumbnail","6":"product_cat-torneiras-e-cia","8":"first","9":"instock","10":"shipping-taxable","11":"purchasable","12":"product-type-simple"},"_links":{"self":[{"href":"https:\/\/www.multicasa.com.br\/inicio\/wp-json\/wp\/v2\/product\/17302","targetHints":{"allow":["GET"]}}],"collection":[{"href":"https:\/\/www.multicasa.com.br\/inicio\/wp-json\/wp\/v2\/product"}],"about":[{"href":"https:\/\/www.multicasa.com.br\/inicio\/wp-json\/wp\/v2\/types\/product"}],"wp:featuredmedia":[{"embeddable":true,"href":"https:\/\/www.multicasa.com.br\/inicio\/wp-json\/wp\/v2\/media\/25607"}],"wp:attachment":[{"href":"https:\/\/www.multicasa.com.br\/inicio\/wp-json\/wp\/v2\/media?parent=17302"}],"wp:term":[{"taxonomy":"product_brand","embeddable":true,"href":"https:\/\/www.multicasa.com.br\/inicio\/wp-json\/wp\/v2\/product_brand?post=17302"},{"taxonomy":"product_cat","embeddable":true,"href":"https:\/\/www.multicasa.com.br\/inicio\/wp-json\/wp\/v2\/product_cat?post=17302"},{"taxonomy":"product_tag","embeddable":true,"href":"https:\/\/www.multicasa.com.br\/inicio\/wp-json\/wp\/v2\/product_tag?post=17302"}],"curies":[{"name":"wp","href":"https:\/\/api.w.org\/{rel}","templated":true}]}}