{"id":17307,"date":"2025-06-20T19:17:54","date_gmt":"2025-06-20T23:17:54","guid":{"rendered":"https:\/\/www.multicasa.com.br\/inicio\/?post_type=product&#038;p=17307"},"modified":"2025-08-17T19:16:31","modified_gmt":"2025-08-17T23:16:31","slug":"sifao-tubo-exten-flex-538cm-bc-ast","status":"publish","type":"product","link":"https:\/\/www.multicasa.com.br\/inicio\/produto\/sifao-tubo-exten-flex-538cm-bc-ast\/","title":{"rendered":"Sif\u00e3o Tubo Exten.Flex.53,8Cm Bc Ast"},"content":{"rendered":"<p>v\u00e1lvula de pia e a qualquer tubula\u00e7\u00e3o de esgoto. Seus diferentes comprimentos s\u00e3o suficientes para suprir os problemas de instala\u00e7\u00e3o presentes em resid\u00eancias. Corrige poss\u00edveis desalinhamentos e impede o retorno do mau cheiro da tubula\u00e7\u00e3o de esgoto. <\/p>\n","protected":false},"excerpt":{"rendered":"<h4 style=\"margin: 0px;padding: 0px 0px 16px;font-family: Lato, sans-serif;font-weight: bold;line-height: 3rem;color: var(--dark-grey3);font-size: 22px;font-style: normal;letter-spacing: normal;text-align: start;text-indent: 0px;text-transform: none\">Informa\u00e7\u00f5es t\u00e9cnicas<\/h4>\n<p><span style=\"margin: 0px;padding: 0px;font-weight: 450;font-size: 14px;line-height: 21px;color: var(--dark-grey2);font-family: Lato, sans-serif;font-style: normal;letter-spacing: normal;text-align: start;text-indent: 0px;text-transform: none\">Produto: SIF\u00c3O TUBO EXTEN.FLEX.53,8CM BC AST<br \/>\nMarca: ASTRA<\/p>\n<p>Caracteristicas:<br \/>\nFabricado em Polipropileno;<br \/>\n&#8211; Mat\u00e9ria prima virgem;<br \/>\n&#8211; Suporta \u00e1gua fria ou quente at\u00e9 90\u00b0C;<br \/>\n&#8211; Entradas de 7\/8, 1 1\/4 e 1 1\/2;<br \/>\n&#8211; Sa\u00eddas de 40 mm e 50 mm para tubos e conex\u00f5es;<br \/>\n&#8211; Corrige desalinhamentos entre a v\u00e1lvula da cuba\/pia e a tubula\u00e7\u00e3o de despejo<\/span><\/p>\n","protected":false},"featured_media":25972,"template":"","meta":{"_joinchat":[]},"product_brand":[],"product_cat":[74],"product_tag":[],"class_list":{"0":"post-17307","1":"product","2":"type-product","3":"status-publish","4":"has-post-thumbnail","6":"product_cat-reparos-hidraulicos","8":"first","9":"outofstock","10":"shipping-taxable","11":"purchasable","12":"product-type-simple"},"_links":{"self":[{"href":"https:\/\/www.multicasa.com.br\/inicio\/wp-json\/wp\/v2\/product\/17307","targetHints":{"allow":["GET"]}}],"collection":[{"href":"https:\/\/www.multicasa.com.br\/inicio\/wp-json\/wp\/v2\/product"}],"about":[{"href":"https:\/\/www.multicasa.com.br\/inicio\/wp-json\/wp\/v2\/types\/product"}],"wp:featuredmedia":[{"embeddable":true,"href":"https:\/\/www.multicasa.com.br\/inicio\/wp-json\/wp\/v2\/media\/25972"}],"wp:attachment":[{"href":"https:\/\/www.multicasa.com.br\/inicio\/wp-json\/wp\/v2\/media?parent=17307"}],"wp:term":[{"taxonomy":"product_brand","embeddable":true,"href":"https:\/\/www.multicasa.com.br\/inicio\/wp-json\/wp\/v2\/product_brand?post=17307"},{"taxonomy":"product_cat","embeddable":true,"href":"https:\/\/www.multicasa.com.br\/inicio\/wp-json\/wp\/v2\/product_cat?post=17307"},{"taxonomy":"product_tag","embeddable":true,"href":"https:\/\/www.multicasa.com.br\/inicio\/wp-json\/wp\/v2\/product_tag?post=17307"}],"curies":[{"name":"wp","href":"https:\/\/api.w.org\/{rel}","templated":true}]}}