{"id":17308,"date":"2025-06-20T19:17:54","date_gmt":"2025-06-20T23:17:54","guid":{"rendered":"https:\/\/www.multicasa.com.br\/inicio\/?post_type=product&#038;p=17308"},"modified":"2025-06-23T10:38:17","modified_gmt":"2025-06-23T14:38:17","slug":"tampa-ferro-fundido-esgoto-60x60cm","status":"publish","type":"product","link":"https:\/\/www.multicasa.com.br\/inicio\/produto\/tampa-ferro-fundido-esgoto-60x60cm\/","title":{"rendered":"Tampa Ferro Fundido Esgoto 60X60Cm"},"content":{"rendered":"<p>Nossa tampa de Polipropileno pode ser utilizada no fechamento de esgotos, reservat\u00f3rios, cisternas, casa de m\u00e1quinas piscina, al\u00e7ap\u00e3o bueiro e etc. Confeccionado em polipropileno resistente sua capacidade de carga \u00e9 de 100kg, pr\u00f3prio para \u00e1reas externas pois \u00e9 resistente a aos raios ultravioleta e as chuvas. Utilizada no fechamento de caixa de passagem de Fios El\u00e9tricos, Fios de Telefone, Esgoto, Etc. Tenha tranquilidade de comprar com quem est\u00e1 disposto a te oferecer o melhor atendimento, caso tenha algum problema ap\u00f3s a compra, conte com nossa equipe de p\u00f3s-venda para solucion\u00e1-lo! 09 anos de experi\u00eancia no mercado e entre os melhores vendedores do Mercado comLoja Virtual! A Loja Sistole tem a miss\u00e3o de garantir a satisfa\u00e7\u00e3o total do seu cliente, tanto nos produtos quanto no atendimento. Assim estabelecendo uma rela\u00e7\u00e3o de confian\u00e7a! Somos a Loja Sistole &#8211; Pesquise somente em nossos an\u00fancios, acesse: Ver mais an\u00fancios do Vendedor.<\/p>\n","protected":false},"excerpt":{"rendered":"<h4 style=\"margin: 0px;padding: 0px 0px 16px;font-family: Lato, sans-serif;font-weight: bold;line-height: 3rem;color: var(--dark-grey3);font-size: 22px;font-style: normal;letter-spacing: normal;text-align: start;text-indent: 0px;text-transform: none\">Informa\u00e7\u00f5es t\u00e9cnicas<\/h4>\n<p><span style=\"margin: 0px;padding: 0px;font-weight: 450;font-size: 14px;line-height: 21px;color: var(--dark-grey2);font-family: Lato, sans-serif;font-style: normal;letter-spacing: normal;text-align: start;text-indent: 0px;text-transform: none\">Produto: TAMPA FERRO FUNDIDO ESGOTO 60X60CM<br \/>\nMarca: EDYP<\/p>\n<p>Caracteristicas:<br \/>\n&#8211; Usado para caixa de passagem de Fios El\u00e9tricos, Fios de Telefone, Esgoto, Etc;<br \/>\n&#8211; Diminui o mau cheiro do esgoto;<br \/>\n&#8211; Medidas: Larg 60 x Comp 60cm;<br \/>\n&#8211; Espessura: 3,5cm;<br \/>\n&#8211; Capacidade de Carga: 100kg;<br \/>\n&#8211; Material: Polipropileno &#8211; PVC;<br \/>\n&#8211; Peso: 3,030kg.<\/span><\/p>\n","protected":false},"featured_media":26051,"template":"","meta":{"_joinchat":[]},"product_brand":[],"product_cat":[73],"product_tag":[],"class_list":{"0":"post-17308","1":"product","2":"type-product","3":"status-publish","4":"has-post-thumbnail","6":"product_cat-tubos-e-conexoes","8":"first","9":"outofstock","10":"shipping-taxable","11":"product-type-simple"},"_links":{"self":[{"href":"https:\/\/www.multicasa.com.br\/inicio\/wp-json\/wp\/v2\/product\/17308","targetHints":{"allow":["GET"]}}],"collection":[{"href":"https:\/\/www.multicasa.com.br\/inicio\/wp-json\/wp\/v2\/product"}],"about":[{"href":"https:\/\/www.multicasa.com.br\/inicio\/wp-json\/wp\/v2\/types\/product"}],"wp:featuredmedia":[{"embeddable":true,"href":"https:\/\/www.multicasa.com.br\/inicio\/wp-json\/wp\/v2\/media\/26051"}],"wp:attachment":[{"href":"https:\/\/www.multicasa.com.br\/inicio\/wp-json\/wp\/v2\/media?parent=17308"}],"wp:term":[{"taxonomy":"product_brand","embeddable":true,"href":"https:\/\/www.multicasa.com.br\/inicio\/wp-json\/wp\/v2\/product_brand?post=17308"},{"taxonomy":"product_cat","embeddable":true,"href":"https:\/\/www.multicasa.com.br\/inicio\/wp-json\/wp\/v2\/product_cat?post=17308"},{"taxonomy":"product_tag","embeddable":true,"href":"https:\/\/www.multicasa.com.br\/inicio\/wp-json\/wp\/v2\/product_tag?post=17308"}],"curies":[{"name":"wp","href":"https:\/\/api.w.org\/{rel}","templated":true}]}}