{"id":17311,"date":"2025-06-20T19:17:54","date_gmt":"2025-06-20T23:17:54","guid":{"rendered":"https:\/\/www.multicasa.com.br\/inicio\/?post_type=product&#038;p=17311"},"modified":"2025-06-23T10:41:56","modified_gmt":"2025-06-23T14:41:56","slug":"torneira-lav-banc-b-a-1198-c23-cr-e","status":"publish","type":"product","link":"https:\/\/www.multicasa.com.br\/inicio\/produto\/torneira-lav-banc-b-a-1198-c23-cr-e\/","title":{"rendered":"Torneira Lav.Banc.B.A.1198 C23 Cr E"},"content":{"rendered":"<p>Liga de Cobre, Pl\u00e1stico Engenharia, Zamac, Elast\u00f4meros. Mecanismo cer\u00e2mico \u00bc volta. A Torneira de mesa para banheiro da Esteves Metais \u00e9 perfeita para a sua casa!! <\/p>\n","protected":false},"excerpt":{"rendered":"<h4 style=\"margin: 0px;padding: 0px 0px 16px;font-family: Lato, sans-serif;font-weight: bold;line-height: 3rem;color: var(--dark-grey3);font-size: 22px;font-style: normal;letter-spacing: normal;text-align: start;text-indent: 0px;text-transform: none\">Informa\u00e7\u00f5es t\u00e9cnicas<\/h4>\n<p><span style=\"margin: 0px;padding: 0px;font-weight: 450;font-size: 14px;line-height: 21px;color: var(--dark-grey2);font-family: Lato, sans-serif;font-style: normal;letter-spacing: normal;text-align: start;text-indent: 0px;text-transform: none\">Produto: TORNEIRA LAV.BANC.B.A.1198 C23 CR E<br \/>\nMarca: ESTEVES<\/p>\n<p>Caracteristicas:<br \/>\n&#8211; Linha\/Modelo: Eco;<br \/>\n&#8211; Acabamento\/Cor: Cromado;<br \/>\n&#8211; Composi\u00e7\u00e3o B\u00e1sica:Liga de Cobre (Bronze e Lat\u00e3o), pl\u00e1sticos de engenharia e elast\u00f4meros;<br \/>\n&#8211; Fixa\u00e7\u00e3o\tMesa;<br \/>\n&#8211; Mecanismos de acionamento:3 voltas e \u00bd;<br \/>\n&#8211; Tipo de bica:Fixa, Alta;<br \/>\n&#8211; Bitola: \u00bd&#8221;;<br \/>\n<\/span><\/p>\n","protected":false},"featured_media":26142,"template":"","meta":{"_joinchat":[]},"product_brand":[],"product_cat":[67],"product_tag":[],"class_list":{"0":"post-17311","1":"product","2":"type-product","3":"status-publish","4":"has-post-thumbnail","6":"product_cat-torneiras-e-cia","8":"first","9":"outofstock","10":"shipping-taxable","11":"product-type-simple"},"_links":{"self":[{"href":"https:\/\/www.multicasa.com.br\/inicio\/wp-json\/wp\/v2\/product\/17311","targetHints":{"allow":["GET"]}}],"collection":[{"href":"https:\/\/www.multicasa.com.br\/inicio\/wp-json\/wp\/v2\/product"}],"about":[{"href":"https:\/\/www.multicasa.com.br\/inicio\/wp-json\/wp\/v2\/types\/product"}],"wp:featuredmedia":[{"embeddable":true,"href":"https:\/\/www.multicasa.com.br\/inicio\/wp-json\/wp\/v2\/media\/26142"}],"wp:attachment":[{"href":"https:\/\/www.multicasa.com.br\/inicio\/wp-json\/wp\/v2\/media?parent=17311"}],"wp:term":[{"taxonomy":"product_brand","embeddable":true,"href":"https:\/\/www.multicasa.com.br\/inicio\/wp-json\/wp\/v2\/product_brand?post=17311"},{"taxonomy":"product_cat","embeddable":true,"href":"https:\/\/www.multicasa.com.br\/inicio\/wp-json\/wp\/v2\/product_cat?post=17311"},{"taxonomy":"product_tag","embeddable":true,"href":"https:\/\/www.multicasa.com.br\/inicio\/wp-json\/wp\/v2\/product_tag?post=17311"}],"curies":[{"name":"wp","href":"https:\/\/api.w.org\/{rel}","templated":true}]}}