{"id":17346,"date":"2025-06-20T19:18:12","date_gmt":"2025-06-20T23:18:12","guid":{"rendered":"https:\/\/www.multicasa.com.br\/inicio\/?post_type=product&#038;p=17346"},"modified":"2026-01-05T07:51:40","modified_gmt":"2026-01-05T11:51:40","slug":"ventilador-3p-com-130w-127v-cz-vent","status":"publish","type":"product","link":"https:\/\/www.multicasa.com.br\/inicio\/produto\/ventilador-3p-com-130w-127v-cz-vent\/","title":{"rendered":"Ventilador 3P Com.130W 127V Cz Vent"},"content":{"rendered":"<p>oferecem excelentes resultados de ventila\u00e7\u00e3o para ambientes comerciais e \u00e1reas externas. Possuem 03 modelos de controle de velocidade.<\/p>\n","protected":false},"excerpt":{"rendered":"<h4 style=\"margin: 0px; padding: 0px 0px 16px; font-family: Lato, sans-serif; font-weight: bold; line-height: 3rem; color: var(--dark-grey3); font-size: 22px; font-style: normal; letter-spacing: normal; text-align: start; text-indent: 0px; text-transform: none;\">Informa\u00e7\u00f5es t\u00e9cnicas<\/h4>\n<p><span style=\"margin: 0px; padding: 0px; font-weight: 450; font-size: 14px; line-height: 21px; color: var(--dark-grey2); font-family: Lato, sans-serif; font-style: normal; letter-spacing: normal; text-align: start; text-indent: 0px; text-transform: none;\">PRODUTO: VENTILADOR 3P COM.130W 127V CZ VENT<br \/>\nMARCA: VENTIDELTA<br \/>\ncaracteristicas<\/span><\/p>\n<p>&#8211; Simples e eficiente. Essas palavras definem o Classic;<br \/>\n&#8211; Com simplicidade e resist\u00eancia os modelos;<br \/>\n&#8211; oferecem excelentes resultados;<br \/>\n&#8211; de ventila\u00e7\u00e3o para ambientes comerciais e \u00e1reas externas;<br \/>\n&#8211; Possuem 03 modelos de controle de velocidade:<br \/>\nsr (sem revers\u00e3o: n\u00e3o acompanha chave seletora),<br \/>\nrv (com revers\u00e3o: liga e desliga + ventila\u00e7\u00e3o e exaust\u00e3o)<br \/>\ncv (l\u00e2mpada: liga\/desliga + ventilador e exaust\u00e3o).<br \/>\nAs p\u00e1s de a\u00e7o e pintura eletrost\u00e1tica altamente resistente<br \/>\naumentam a durabilidade do produto;<br \/>\n&#8211; Cor: cinza;<br \/>\n&#8211; Tipo de Pintura: eletrost\u00e1tica (pe\u00e7as met\u00e1licas);<br \/>\n&#8211; N\u00famero de p\u00e1s: 3;<br \/>\n&#8211; Material das P\u00e1s: A\u00e7o;<br \/>\n&#8211; Cor da p\u00e1: cinza;<br \/>\n&#8211; Controle de velocidade: 1 velocidade com revers\u00e3o;<br \/>\n&#8211; (cr) \/ 1 velocidade sem revers\u00e3o (sr) \/ Continuo (cv);<br \/>\n&#8211; Tens\u00e3o: 127V (Monovolt);<br \/>\n&#8211; Frequ\u00eancia: 60 Hz;<br \/>\n&#8211; Pot\u00eancia do motor: 130W;<br \/>\n&#8211; Capacitor cr e sr: 10 Fx250V (127V);<br \/>\n&#8211; Capacitor cv: 8,5 Fx250V (127V);<br \/>\n&#8211; Velocidade em 127V: 372,3 rpm;<br \/>\n&#8211; Vaz\u00e3o na velocidade m\u00e1xima (127V): 1,90 m3\/s (114 m3\/min);<br \/>\n&#8211; Efici\u00eancia Energ\u00e9tica (m3\/s\/W): 0,015 (127V);<br \/>\n&#8211; Consumo de Energia (kWh\/m\u00eas): 3,69 (127V);<\/p>\n","protected":false},"featured_media":17376,"template":"","meta":{"_joinchat":[]},"product_brand":[],"product_cat":[171,149],"product_tag":[],"class_list":{"0":"post-17346","1":"product","2":"type-product","3":"status-publish","4":"has-post-thumbnail","6":"product_cat-ofertas","7":"product_cat-ventiladores-comerciais","9":"first","10":"instock","11":"sale","12":"featured","13":"shipping-taxable","14":"purchasable","15":"product-type-simple"},"_links":{"self":[{"href":"https:\/\/www.multicasa.com.br\/inicio\/wp-json\/wp\/v2\/product\/17346","targetHints":{"allow":["GET"]}}],"collection":[{"href":"https:\/\/www.multicasa.com.br\/inicio\/wp-json\/wp\/v2\/product"}],"about":[{"href":"https:\/\/www.multicasa.com.br\/inicio\/wp-json\/wp\/v2\/types\/product"}],"wp:featuredmedia":[{"embeddable":true,"href":"https:\/\/www.multicasa.com.br\/inicio\/wp-json\/wp\/v2\/media\/17376"}],"wp:attachment":[{"href":"https:\/\/www.multicasa.com.br\/inicio\/wp-json\/wp\/v2\/media?parent=17346"}],"wp:term":[{"taxonomy":"product_brand","embeddable":true,"href":"https:\/\/www.multicasa.com.br\/inicio\/wp-json\/wp\/v2\/product_brand?post=17346"},{"taxonomy":"product_cat","embeddable":true,"href":"https:\/\/www.multicasa.com.br\/inicio\/wp-json\/wp\/v2\/product_cat?post=17346"},{"taxonomy":"product_tag","embeddable":true,"href":"https:\/\/www.multicasa.com.br\/inicio\/wp-json\/wp\/v2\/product_tag?post=17346"}],"curies":[{"name":"wp","href":"https:\/\/api.w.org\/{rel}","templated":true}]}}