{"id":17347,"date":"2025-06-20T19:18:13","date_gmt":"2025-06-20T23:18:13","guid":{"rendered":"https:\/\/www.multicasa.com.br\/inicio\/?post_type=product&#038;p=17347"},"modified":"2025-08-17T19:17:44","modified_gmt":"2025-08-17T23:17:44","slug":"ventilador-de-parede-60cm-200w-bivolt-ventisol","status":"publish","type":"product","link":"https:\/\/www.multicasa.com.br\/inicio\/produto\/ventilador-de-parede-60cm-200w-bivolt-ventisol\/","title":{"rendered":"Ventilador de parede 60cm 200W bivolt Ventisol"},"content":{"rendered":"<p>O ventilador de parede 60cm \u00e9 um parceiro para o ambiente comercial. Lojas, academias, mercados, oficinas, entre outros ir\u00e3o ficar muito mais frescos e confrot\u00e1veis com essa ventila\u00e7\u00e3o. Possui 3 velocidades e inclina\u00e7\u00e3o regul\u00e1vel, al\u00e9m de uma oscila\u00e7\u00e3o horizontal que pode ser autom\u00e1tica. <\/p>\n","protected":false},"excerpt":{"rendered":"<h4 style=\"margin: 0px;padding: 0px 0px 16px;font-family: Lato, sans-serif;font-weight: bold;line-height: 3rem;color: var(--dark-grey3);font-size: 22px;font-style: normal;letter-spacing: normal;text-align: start;text-indent: 0px;text-transform: none\">Informa\u00e7\u00f5es t\u00e9cnicas<\/h4>\n<p><span style=\"margin: 0px;padding: 0px;font-weight: 450;font-size: 14px;line-height: 21px;color: var(--dark-grey2);font-family: Lato, sans-serif;font-style: normal;letter-spacing: normal;text-align: start;text-indent: 0px;text-transform: none\">\u0095 H\u00e9lices em pl\u00e1stico: Al\u00e9m de fortes, s\u00e3o leves e aumentam a vida \u00fatil do motor.<br \/>\n\u0095 Oscila\u00e7\u00e3o horizontal: Proporciona um fluxo de ar melhor distribu\u00eddo por todo o ambiente.<br \/>\n\u0095 Regulagem de Inclina\u00e7\u00e3o manual: Pode ser ajustada.<br \/>\n\u0095 Pintura Eletrost\u00e1tica: Grade com pintura de alta resist\u00eancia.<br \/>\n\u0095 Chave CVV: Acompanha chave de controle deslizante de velocidade.<\/span><\/p>\n","protected":false},"featured_media":26278,"template":"","meta":{"_joinchat":[]},"product_brand":[],"product_cat":[149],"product_tag":[],"class_list":{"0":"post-17347","1":"product","2":"type-product","3":"status-publish","4":"has-post-thumbnail","6":"product_cat-ventiladores-comerciais","8":"first","9":"outofstock","10":"shipping-taxable","11":"purchasable","12":"product-type-simple"},"_links":{"self":[{"href":"https:\/\/www.multicasa.com.br\/inicio\/wp-json\/wp\/v2\/product\/17347","targetHints":{"allow":["GET"]}}],"collection":[{"href":"https:\/\/www.multicasa.com.br\/inicio\/wp-json\/wp\/v2\/product"}],"about":[{"href":"https:\/\/www.multicasa.com.br\/inicio\/wp-json\/wp\/v2\/types\/product"}],"wp:featuredmedia":[{"embeddable":true,"href":"https:\/\/www.multicasa.com.br\/inicio\/wp-json\/wp\/v2\/media\/26278"}],"wp:attachment":[{"href":"https:\/\/www.multicasa.com.br\/inicio\/wp-json\/wp\/v2\/media?parent=17347"}],"wp:term":[{"taxonomy":"product_brand","embeddable":true,"href":"https:\/\/www.multicasa.com.br\/inicio\/wp-json\/wp\/v2\/product_brand?post=17347"},{"taxonomy":"product_cat","embeddable":true,"href":"https:\/\/www.multicasa.com.br\/inicio\/wp-json\/wp\/v2\/product_cat?post=17347"},{"taxonomy":"product_tag","embeddable":true,"href":"https:\/\/www.multicasa.com.br\/inicio\/wp-json\/wp\/v2\/product_tag?post=17347"}],"curies":[{"name":"wp","href":"https:\/\/api.w.org\/{rel}","templated":true}]}}