{"id":17349,"date":"2025-06-20T19:18:13","date_gmt":"2025-06-20T23:18:13","guid":{"rendered":"https:\/\/www.multicasa.com.br\/inicio\/?post_type=product&#038;p=17349"},"modified":"2025-06-23T10:38:18","modified_gmt":"2025-06-23T14:38:18","slug":"tampa-ferro-fundido-esgoto-leve-40x40-edyp","status":"publish","type":"product","link":"https:\/\/www.multicasa.com.br\/inicio\/produto\/tampa-ferro-fundido-esgoto-leve-40x40-edyp\/","title":{"rendered":"Tampa Ferro Fundido Esgoto Leve 40X40 Edyp"},"content":{"rendered":"<p>A tampa para esgoto da Edyp \u00e9 fabricado em ferro fundido garantindo alta durabilidade e qualidade. Ideal para redes de esgoto.<\/p>\n","protected":false},"excerpt":{"rendered":"<h4 style=\"margin: 0px;padding: 0px 0px 16px;font-family: Lato, sans-serif;font-weight: bold;line-height: 3rem;color: var(--dark-grey3);font-size: 22px;font-style: normal;letter-spacing: normal;text-align: start;text-indent: 0px;text-transform: none\">Informa\u00e7\u00f5es t\u00e9cnicas<\/h4>\n<p><span style=\"margin: 0px;padding: 0px;font-weight: 450;font-size: 14px;line-height: 21px;color: var(--dark-grey2);font-family: Lato, sans-serif;font-style: normal;letter-spacing: normal;text-align: start;text-indent: 0px;text-transform: none\">PRODUTO: TAMPA FERRO FUNDIDO ESGOTO LEVE 40X40<br \/>\nMARCA: EDYP<\/p>\n<p>Caracter\u00edsticas T\u00e9cnicas: Projetado para tampar, caixas de passagem de tubula\u00e7\u00e3o, esgoto, \u00e1guas pluviais, \u00e1gua pot\u00e1vel, redes de telecomunica\u00e7\u00f5es, eletricidade entre outros. Facilitando o acesso a v\u00e1lvulas, registros, quadro de distribui\u00e7\u00e3o.<br \/>\nMaterial: Ferro Fundido.<br \/>\nAcabamento: Pintura cor Preta (Esmalte Sint\u00e9tico).<br \/>\nGarantia: 30 dias contra defeito de fabrica\u00e7\u00e3o<br \/>\nPeso: 7,650 KG<br \/>\nCarga M\u00e1xima Nominal por eixo: 300 Kg<br \/>\n<\/span><\/p>\n","protected":false},"featured_media":26052,"template":"","meta":{"_joinchat":[]},"product_brand":[],"product_cat":[73],"product_tag":[],"class_list":{"0":"post-17349","1":"product","2":"type-product","3":"status-publish","4":"has-post-thumbnail","6":"product_cat-tubos-e-conexoes","8":"first","9":"outofstock","10":"shipping-taxable","11":"product-type-simple"},"_links":{"self":[{"href":"https:\/\/www.multicasa.com.br\/inicio\/wp-json\/wp\/v2\/product\/17349","targetHints":{"allow":["GET"]}}],"collection":[{"href":"https:\/\/www.multicasa.com.br\/inicio\/wp-json\/wp\/v2\/product"}],"about":[{"href":"https:\/\/www.multicasa.com.br\/inicio\/wp-json\/wp\/v2\/types\/product"}],"wp:featuredmedia":[{"embeddable":true,"href":"https:\/\/www.multicasa.com.br\/inicio\/wp-json\/wp\/v2\/media\/26052"}],"wp:attachment":[{"href":"https:\/\/www.multicasa.com.br\/inicio\/wp-json\/wp\/v2\/media?parent=17349"}],"wp:term":[{"taxonomy":"product_brand","embeddable":true,"href":"https:\/\/www.multicasa.com.br\/inicio\/wp-json\/wp\/v2\/product_brand?post=17349"},{"taxonomy":"product_cat","embeddable":true,"href":"https:\/\/www.multicasa.com.br\/inicio\/wp-json\/wp\/v2\/product_cat?post=17349"},{"taxonomy":"product_tag","embeddable":true,"href":"https:\/\/www.multicasa.com.br\/inicio\/wp-json\/wp\/v2\/product_tag?post=17349"}],"curies":[{"name":"wp","href":"https:\/\/api.w.org\/{rel}","templated":true}]}}