{"id":17351,"date":"2025-06-20T19:18:13","date_gmt":"2025-06-20T23:18:13","guid":{"rendered":"https:\/\/www.multicasa.com.br\/inicio\/?post_type=product&#038;p=17351"},"modified":"2025-08-18T04:34:18","modified_gmt":"2025-08-18T08:34:18","slug":"mangueira-para-irrigacao-1m-santeno","status":"publish","type":"product","link":"https:\/\/www.multicasa.com.br\/inicio\/produto\/mangueira-para-irrigacao-1m-santeno\/","title":{"rendered":"Mangueira para irriga\u00e7\u00e3o 1M Santeno"},"content":{"rendered":"<p>A Mangueira para Irriga\u00e7\u00e3o Santeno 7310SN1100015 Microperfurada 100m foi desenvolvida com o prop\u00f3sito de irrigar \u00e1reas maiores. Fabricada em polietileno, esta mangueira possui prote\u00e7\u00e3o UVA e seus micro jatos alcan\u00e7am um raio de 2,5 m e podem atingir uma altura de at\u00e9 1,8 m. F\u00e1cil de transportar e armazenar al\u00e9m de n\u00e3o provocar eros\u00e3o do solo. Adapta-se a diversas \u00e1reas, por\u00e9m \u00e9 utilizada comumente em jardins, gramados e pastos.<\/p>\n","protected":false},"excerpt":{"rendered":"<h4 style=\"margin: 0px;padding: 0px 0px 16px;font-family: Lato, sans-serif;font-weight: bold;line-height: 3rem;color: var(--dark-grey3);font-size: 22px;font-style: normal;letter-spacing: normal;text-align: start;text-indent: 0px;text-transform: none\">Informa\u00e7\u00f5es t\u00e9cnicas<\/h4>\n<p><span style=\"margin: 0px;padding: 0px;font-weight: 450;font-size: 14px;line-height: 21px;color: var(--dark-grey2);font-family: Lato, sans-serif;font-style: normal;letter-spacing: normal;text-align: start;text-indent: 0px;text-transform: none\">\u00b7 Seus micro jatos alcan\u00e7am um raio de 2,5 m e podem atingir uma altura de at\u00e9 1,8 m<br \/>\n\u00b7 Foi desenvolvida com o prop\u00f3sito de irrigar \u00e1reas maiores<br \/>\n\u00b7 Fabricada em polietileno com prote\u00e7\u00e3o contra raios Uvs<br \/>\n\u00b7 Ideal para irriga\u00e7\u00e3o de pastagens, gramados e hortali\u00e7as<br \/>\n\u00b7 Produzida em polietileno<br \/>\n\u00b7 Microperfurada a laser<br \/>\n\u00b7 N\u00e3o agridi o solo<\/span><\/p>\n","protected":false},"featured_media":25539,"template":"","meta":{"_joinchat":[]},"product_brand":[],"product_cat":[76],"product_tag":[],"class_list":{"0":"post-17351","1":"product","2":"type-product","3":"status-publish","4":"has-post-thumbnail","6":"product_cat-jardinagem","8":"first","9":"outofstock","10":"shipping-taxable","11":"purchasable","12":"product-type-simple"},"_links":{"self":[{"href":"https:\/\/www.multicasa.com.br\/inicio\/wp-json\/wp\/v2\/product\/17351","targetHints":{"allow":["GET"]}}],"collection":[{"href":"https:\/\/www.multicasa.com.br\/inicio\/wp-json\/wp\/v2\/product"}],"about":[{"href":"https:\/\/www.multicasa.com.br\/inicio\/wp-json\/wp\/v2\/types\/product"}],"wp:featuredmedia":[{"embeddable":true,"href":"https:\/\/www.multicasa.com.br\/inicio\/wp-json\/wp\/v2\/media\/25539"}],"wp:attachment":[{"href":"https:\/\/www.multicasa.com.br\/inicio\/wp-json\/wp\/v2\/media?parent=17351"}],"wp:term":[{"taxonomy":"product_brand","embeddable":true,"href":"https:\/\/www.multicasa.com.br\/inicio\/wp-json\/wp\/v2\/product_brand?post=17351"},{"taxonomy":"product_cat","embeddable":true,"href":"https:\/\/www.multicasa.com.br\/inicio\/wp-json\/wp\/v2\/product_cat?post=17351"},{"taxonomy":"product_tag","embeddable":true,"href":"https:\/\/www.multicasa.com.br\/inicio\/wp-json\/wp\/v2\/product_tag?post=17351"}],"curies":[{"name":"wp","href":"https:\/\/api.w.org\/{rel}","templated":true}]}}