{"id":17352,"date":"2025-06-20T19:18:13","date_gmt":"2025-06-20T23:18:13","guid":{"rendered":"https:\/\/www.multicasa.com.br\/inicio\/?post_type=product&#038;p=17352"},"modified":"2025-08-18T04:34:25","modified_gmt":"2025-08-18T08:34:25","slug":"manta-asfaltica-laje-3mm-10mt-preta-viapol","status":"publish","type":"product","link":"https:\/\/www.multicasa.com.br\/inicio\/produto\/manta-asfaltica-laje-3mm-10mt-preta-viapol\/","title":{"rendered":"Manta Asf\u00e1ltica Laje 3Mm 10Mt Preta Viapol"},"content":{"rendered":"<p>Viamanta Multiuso \u00e9 uma manta asf\u00e1ltica produzida a partir da modifica\u00e7\u00e3o f\u00edsica do asfalto com uma mescla de pol\u00edmeros especiais, que proporcionam \u00e0 manta, excelente ader\u00eancia, durabilidade e resist\u00eancia. Estruturada com v\u00e9u de fibra de vidro especial, resinado e termofixado, garante perfeita impermeabiliza\u00e7\u00e3o da \u00e1rea a ser utilizada.<\/p>\n","protected":false},"excerpt":{"rendered":"<h4 style=\"margin: 0px;padding: 0px 0px 16px;font-family: Lato, sans-serif;font-weight: bold;line-height: 3rem;color: var(--dark-grey3);font-size: 22px;font-style: normal;letter-spacing: normal;text-align: start;text-indent: 0px;text-transform: none\">Informa\u00e7\u00f5es t\u00e9cnicas<\/h4>\n<p><span style=\"margin: 0px;padding: 0px;font-weight: 450;font-size: 14px;line-height: 21px;color: var(--dark-grey2);font-family: Lato, sans-serif;font-style: normal;letter-spacing: normal;text-align: start;text-indent: 0px;text-transform: none\">PRODUTO: MANTA ASF.LAJE 3MM 10MT PT VIAPOL<br \/>\nMARCA: VIAPOL<\/p>\n<p>Caracter\u00edsticas T\u00e9cnicas:<br \/>\n&#8211; A Manta Asf\u00e1ltica Multiuso Auto Adevisa Cer\u00e2mica \u00e9 um dos materiais mais utilizados para reparos em diversas situa\u00e7\u00f5es;<br \/>\n&#8211; Com poderoso adesivo \u00e0 base asf\u00e1ltica tem capacidade de aderir \u00e0 in\u00fameras superf\u00edcies, seja ela fria ou quente;<br \/>\n&#8211; O fabricante \u00e9 lider no segmento de mantas asf\u00e1lticas, tendo por conceito a qualidade superior em seus produtos;<br \/>\n&#8211; Tudo isso sem perder a originalidade de sua cobertura, pois, a manta j\u00e1 vem na cor da telha cer\u00e2mica.<\/span><\/p>\n","protected":false},"featured_media":25544,"template":"","meta":{"_joinchat":[]},"product_brand":[],"product_cat":[155],"product_tag":[],"class_list":{"0":"post-17352","1":"product","2":"type-product","3":"status-publish","4":"has-post-thumbnail","6":"product_cat-impermeabilizantes-e-cia","8":"first","9":"instock","10":"shipping-taxable","11":"purchasable","12":"product-type-simple"},"_links":{"self":[{"href":"https:\/\/www.multicasa.com.br\/inicio\/wp-json\/wp\/v2\/product\/17352","targetHints":{"allow":["GET"]}}],"collection":[{"href":"https:\/\/www.multicasa.com.br\/inicio\/wp-json\/wp\/v2\/product"}],"about":[{"href":"https:\/\/www.multicasa.com.br\/inicio\/wp-json\/wp\/v2\/types\/product"}],"wp:featuredmedia":[{"embeddable":true,"href":"https:\/\/www.multicasa.com.br\/inicio\/wp-json\/wp\/v2\/media\/25544"}],"wp:attachment":[{"href":"https:\/\/www.multicasa.com.br\/inicio\/wp-json\/wp\/v2\/media?parent=17352"}],"wp:term":[{"taxonomy":"product_brand","embeddable":true,"href":"https:\/\/www.multicasa.com.br\/inicio\/wp-json\/wp\/v2\/product_brand?post=17352"},{"taxonomy":"product_cat","embeddable":true,"href":"https:\/\/www.multicasa.com.br\/inicio\/wp-json\/wp\/v2\/product_cat?post=17352"},{"taxonomy":"product_tag","embeddable":true,"href":"https:\/\/www.multicasa.com.br\/inicio\/wp-json\/wp\/v2\/product_tag?post=17352"}],"curies":[{"name":"wp","href":"https:\/\/api.w.org\/{rel}","templated":true}]}}