{"id":17353,"date":"2025-06-20T19:18:13","date_gmt":"2025-06-20T23:18:13","guid":{"rendered":"https:\/\/www.multicasa.com.br\/inicio\/?post_type=product&#038;p=17353"},"modified":"2026-04-13T16:00:26","modified_gmt":"2026-04-13T20:00:26","slug":"viabit-galao-36l-pt-viapol","status":"publish","type":"product","link":"https:\/\/www.multicasa.com.br\/inicio\/produto\/viabit-galao-36l-pt-viapol\/","title":{"rendered":"Viabit Galao 3,6L Pt Viapol"},"content":{"rendered":"<p>Para quem busca uma solu\u00e7\u00e3o pr\u00e1tica e eficaz para impermeabiliza\u00e7\u00e3o este produto \u00e9 uma \u00f3tima op\u00e7\u00e3o. Pode ser usada para aplica\u00e7\u00e3o a frio sobre superf\u00edcies de concreto, argamassa, alvenaria, metal, PVC, fibra de vidro.<\/p>\n","protected":false},"excerpt":{"rendered":"<h4 style=\"margin: 0px;padding: 0px 0px 16px;font-family: Lato, sans-serif;font-weight: bold;line-height: 3rem;color: var(--dark-grey3);font-size: 22px;font-style: normal;letter-spacing: normal;text-align: start;text-indent: 0px;text-transform: none\">Informa\u00e7\u00f5es t\u00e9cnicas<\/h4>\n<p><span style=\"margin: 0px;padding: 0px;font-weight: 450;font-size: 14px;line-height: 21px;color: var(--dark-grey2);font-family: Lato, sans-serif;font-style: normal;letter-spacing: normal;text-align: start;text-indent: 0px;text-transform: none\">PRODUTO: MANTA ASF.LAJE 3MM 10MT PT VIAPOL<br \/>\nMARCA: VIAPOL<\/p>\n<p>Caracter\u00edsticas T\u00e9cnicas:<br \/>\n&#8211; Cor: Preto;<br \/>\n&#8211; Acabamento: Liso;<br \/>\n&#8211; Quantidade de Dem\u00e3o: 2 dem\u00e3o(s);<br \/>\n&#8211; Altura: 19,5 cm;<br \/>\n&#8211; Largura: 18,5 cm;<br \/>\n&#8211; Espessura: 1 mm;<br \/>\n&#8211; Tipo de Embalagem: Gal\u00e3o;<br \/>\n&#8211; Conte\u00fado da Embalagem: L\u00edquido;<br \/>\n&#8211; Peso do Produto: 3,6 Kg;<br \/>\n&#8211; Marca: Viapol;<\/span><\/p>\n","protected":false},"featured_media":26284,"template":"","meta":{"_joinchat":[]},"product_brand":[],"product_cat":[155],"product_tag":[],"class_list":{"0":"post-17353","1":"product","2":"type-product","3":"status-publish","4":"has-post-thumbnail","6":"product_cat-impermeabilizantes-e-cia","8":"first","9":"outofstock","10":"shipping-taxable","11":"purchasable","12":"product-type-simple"},"_links":{"self":[{"href":"https:\/\/www.multicasa.com.br\/inicio\/wp-json\/wp\/v2\/product\/17353","targetHints":{"allow":["GET"]}}],"collection":[{"href":"https:\/\/www.multicasa.com.br\/inicio\/wp-json\/wp\/v2\/product"}],"about":[{"href":"https:\/\/www.multicasa.com.br\/inicio\/wp-json\/wp\/v2\/types\/product"}],"wp:featuredmedia":[{"embeddable":true,"href":"https:\/\/www.multicasa.com.br\/inicio\/wp-json\/wp\/v2\/media\/26284"}],"wp:attachment":[{"href":"https:\/\/www.multicasa.com.br\/inicio\/wp-json\/wp\/v2\/media?parent=17353"}],"wp:term":[{"taxonomy":"product_brand","embeddable":true,"href":"https:\/\/www.multicasa.com.br\/inicio\/wp-json\/wp\/v2\/product_brand?post=17353"},{"taxonomy":"product_cat","embeddable":true,"href":"https:\/\/www.multicasa.com.br\/inicio\/wp-json\/wp\/v2\/product_cat?post=17353"},{"taxonomy":"product_tag","embeddable":true,"href":"https:\/\/www.multicasa.com.br\/inicio\/wp-json\/wp\/v2\/product_tag?post=17353"}],"curies":[{"name":"wp","href":"https:\/\/api.w.org\/{rel}","templated":true}]}}