{"id":17357,"date":"2025-06-20T19:18:14","date_gmt":"2025-06-20T23:18:14","guid":{"rendered":"https:\/\/www.multicasa.com.br\/inicio\/?post_type=product&#038;p=17357"},"modified":"2025-09-25T12:43:43","modified_gmt":"2025-09-25T16:43:43","slug":"tubo-soldavel-50mm-6m-krona","status":"publish","type":"product","link":"https:\/\/www.multicasa.com.br\/inicio\/produto\/tubo-soldavel-50mm-6m-krona\/","title":{"rendered":"Tubo Sold\u00e1vel 50Mm 6M Krona"},"content":{"rendered":"<p>Especialmente criada para projetos com instala\u00e7\u00f5es permanentes e embutidas, a Linha Sold\u00e1vel \u00e9 perfeita para conduzir \u00e1gua fria, em obras residenciais, industriais ou comerciais. Vai construir, reformar ou fazer algum conserto? A linha Sold\u00e1vel tamb\u00e9m \u00e9 uma excelente solu\u00e7\u00e3o para esses casos. Todos os produtos desta se\u00e7\u00e3o s\u00e3o feitos em PVC, suportando a press\u00e3o 7,5Kgf\/cm\u00ba\u00b2, produzidos na cor marrom para a Linha Sold\u00e1vel e produzidos na cor azul para a Linha Sold\u00e1vel com Bucha de Lat\u00e3o, ambas seguindo a determina\u00e7\u00e3o das normas brasileiras.<\/p>\n","protected":false},"excerpt":{"rendered":"<h4 style=\"margin: 0px;padding: 0px 0px 16px;font-family: Lato, sans-serif;font-weight: bold;line-height: 3rem;color: var(--dark-grey3);font-size: 22px;font-style: normal;letter-spacing: normal;text-align: start;text-indent: 0px;text-transform: none\">Informa\u00e7\u00f5es t\u00e9cnicas<\/h4>\n<p><span style=\"margin: 0px;padding: 0px;font-weight: 450;font-size: 14px;line-height: 21px;color: var(--dark-grey2);font-family: Lato, sans-serif;font-style: normal;letter-spacing: normal;text-align: start;text-indent: 0px;text-transform: none\">PRODUTO: TUBO sold\u00e1vel 50MM 6M KRONA<br \/>\nMARCA: KRONA<\/p>\n<p>Caracter\u00edsticas T\u00e9cnicas:<br \/>\nbitola: 50.<\/span><\/p>\n","protected":false},"featured_media":26192,"template":"","meta":{"_joinchat":[]},"product_brand":[],"product_cat":[73],"product_tag":[],"class_list":{"0":"post-17357","1":"product","2":"type-product","3":"status-publish","4":"has-post-thumbnail","6":"product_cat-tubos-e-conexoes","8":"first","9":"instock","10":"shipping-taxable","11":"purchasable","12":"product-type-simple"},"_links":{"self":[{"href":"https:\/\/www.multicasa.com.br\/inicio\/wp-json\/wp\/v2\/product\/17357","targetHints":{"allow":["GET"]}}],"collection":[{"href":"https:\/\/www.multicasa.com.br\/inicio\/wp-json\/wp\/v2\/product"}],"about":[{"href":"https:\/\/www.multicasa.com.br\/inicio\/wp-json\/wp\/v2\/types\/product"}],"wp:featuredmedia":[{"embeddable":true,"href":"https:\/\/www.multicasa.com.br\/inicio\/wp-json\/wp\/v2\/media\/26192"}],"wp:attachment":[{"href":"https:\/\/www.multicasa.com.br\/inicio\/wp-json\/wp\/v2\/media?parent=17357"}],"wp:term":[{"taxonomy":"product_brand","embeddable":true,"href":"https:\/\/www.multicasa.com.br\/inicio\/wp-json\/wp\/v2\/product_brand?post=17357"},{"taxonomy":"product_cat","embeddable":true,"href":"https:\/\/www.multicasa.com.br\/inicio\/wp-json\/wp\/v2\/product_cat?post=17357"},{"taxonomy":"product_tag","embeddable":true,"href":"https:\/\/www.multicasa.com.br\/inicio\/wp-json\/wp\/v2\/product_tag?post=17357"}],"curies":[{"name":"wp","href":"https:\/\/api.w.org\/{rel}","templated":true}]}}