{"id":17358,"date":"2025-06-20T19:18:14","date_gmt":"2025-06-20T23:18:14","guid":{"rendered":"https:\/\/www.multicasa.com.br\/inicio\/?post_type=product&#038;p=17358"},"modified":"2025-12-19T08:00:39","modified_gmt":"2025-12-19T12:00:39","slug":"tubo-esgoto-100mm-6m-krona","status":"publish","type":"product","link":"https:\/\/www.multicasa.com.br\/inicio\/produto\/tubo-esgoto-100mm-6m-krona\/","title":{"rendered":"Tubo Esgoto 100Mm 6M Krona"},"content":{"rendered":"<p>Para sistemas de esgoto resistentes, com alta durabilidade e precis\u00e3o, a Linha de Esgoto S\u00e9rie Normal \u00e9 ideal para o seu projeto. Os produtos desta se\u00e7\u00e3o podem ser aplicados para escoar os efluentes de aparelhos sanit\u00e1rios, para conduzir \u00e1gua pluvial ou at\u00e9 mesmo para instala\u00e7\u00f5es prediais de esgoto e ventila\u00e7\u00e3o; inseridos na vertical ou na horizontal de obras residenciais, comerciais e industriais.<\/p>\n<p>Os Tubos e Conex\u00f5es da S\u00e9rie Normal s\u00e3o fabricados em PVC na cor branca, seguindo a determina\u00e7\u00e3o das normas brasileiras. A Linha Esgoto S\u00e9rie Normal \u00e9 atestada e reconhecida pela qualidade, durabilidade e seguran\u00e7a.<\/p>\n","protected":false},"excerpt":{"rendered":"<h4 style=\"margin: 0px;padding: 0px 0px 16px;font-family: Lato, sans-serif;font-weight: bold;line-height: 3rem;color: var(--dark-grey3);font-size: 22px;font-style: normal;letter-spacing: normal;text-align: start;text-indent: 0px;text-transform: none\">Informa\u00e7\u00f5es t\u00e9cnicas<\/h4>\n<p><span style=\"margin: 0px;padding: 0px;font-weight: 450;font-size: 14px;line-height: 21px;color: var(--dark-grey2);font-family: Lato, sans-serif;font-style: normal;letter-spacing: normal;text-align: start;text-indent: 0px;text-transform: none\">PRODUTO: TUBO ESGOTO 100MM 6M KRONA<br \/>\nMARCA: KRONA<\/p>\n<p>Caracter\u00edsticas T\u00e9cnicas:<br \/>\nbitola: 100.<\/span><\/p>\n","protected":false},"featured_media":26173,"template":"","meta":{"_joinchat":[]},"product_brand":[],"product_cat":[73],"product_tag":[],"class_list":{"0":"post-17358","1":"product","2":"type-product","3":"status-publish","4":"has-post-thumbnail","6":"product_cat-tubos-e-conexoes","8":"first","9":"outofstock","10":"shipping-taxable","11":"purchasable","12":"product-type-simple"},"_links":{"self":[{"href":"https:\/\/www.multicasa.com.br\/inicio\/wp-json\/wp\/v2\/product\/17358","targetHints":{"allow":["GET"]}}],"collection":[{"href":"https:\/\/www.multicasa.com.br\/inicio\/wp-json\/wp\/v2\/product"}],"about":[{"href":"https:\/\/www.multicasa.com.br\/inicio\/wp-json\/wp\/v2\/types\/product"}],"wp:featuredmedia":[{"embeddable":true,"href":"https:\/\/www.multicasa.com.br\/inicio\/wp-json\/wp\/v2\/media\/26173"}],"wp:attachment":[{"href":"https:\/\/www.multicasa.com.br\/inicio\/wp-json\/wp\/v2\/media?parent=17358"}],"wp:term":[{"taxonomy":"product_brand","embeddable":true,"href":"https:\/\/www.multicasa.com.br\/inicio\/wp-json\/wp\/v2\/product_brand?post=17358"},{"taxonomy":"product_cat","embeddable":true,"href":"https:\/\/www.multicasa.com.br\/inicio\/wp-json\/wp\/v2\/product_cat?post=17358"},{"taxonomy":"product_tag","embeddable":true,"href":"https:\/\/www.multicasa.com.br\/inicio\/wp-json\/wp\/v2\/product_tag?post=17358"}],"curies":[{"name":"wp","href":"https:\/\/api.w.org\/{rel}","templated":true}]}}