{"id":17366,"date":"2025-06-20T19:18:15","date_gmt":"2025-06-20T23:18:15","guid":{"rendered":"https:\/\/www.multicasa.com.br\/inicio\/?post_type=product&#038;p=17366"},"modified":"2026-03-21T10:00:21","modified_gmt":"2026-03-21T14:00:21","slug":"broca-para-madeira-tramontina-6mm","status":"publish","type":"product","link":"https:\/\/www.multicasa.com.br\/inicio\/produto\/broca-para-madeira-tramontina-6mm\/","title":{"rendered":"Broca para Madeira Tramontina 6mm"},"content":{"rendered":"<p>A Broca para Madeira de 6x90mm da Tramontina \u00e9 produzida em a\u00e7o especial temperado e com corpo fosfatizado, com isso evita a corros\u00e3o do produto. Para se ter os resultados perfeitos conte com as brocas Tramontina de alta qualidade, suas tarefas ficar\u00e3o muito mais f\u00e1ceis e r\u00e1pidas.<\/p>\n","protected":false},"excerpt":{"rendered":"<h4 style=\"margin: 0px;padding: 0px 0px 16px;font-family: Lato, sans-serif;font-weight: bold;line-height: 3rem;color: var(--dark-grey3);font-size: 22px;font-style: normal;letter-spacing: normal;text-align: start;text-indent: 0px;text-transform: none\">Informa\u00e7\u00f5es t\u00e9cnicas<\/h4>\n<p><span style=\"margin: 0px;padding: 0px;font-weight: 450;font-size: 14px;line-height: 21px;color: var(--dark-grey2);font-family: Lato, sans-serif;font-style: normal;letter-spacing: normal;text-align: start;text-indent: 0px;text-transform: none\">Produto: Broca para Madeira<br \/>\nMarca: Tramontina<br \/>\nMaterial: A\u00e7o especial temperado<br \/>\nCaracrer\u00edsricas: corpo fosfatizado, t\u00eampera total no corpo<br \/>\nItens Inclusos: 1 Broca<br \/>\nDimens\u00f5es do produto (A x L): 90 x 6mm<br \/>\nPeso: 0,02kg<\/span><\/p>\n","protected":false},"featured_media":17412,"template":"","meta":{"_joinchat":[]},"product_brand":[],"product_cat":[152],"product_tag":[],"class_list":{"0":"post-17366","1":"product","2":"type-product","3":"status-publish","4":"has-post-thumbnail","6":"product_cat-ferramentas-eletricas","8":"first","9":"instock","10":"shipping-taxable","11":"purchasable","12":"product-type-simple"},"_links":{"self":[{"href":"https:\/\/www.multicasa.com.br\/inicio\/wp-json\/wp\/v2\/product\/17366","targetHints":{"allow":["GET"]}}],"collection":[{"href":"https:\/\/www.multicasa.com.br\/inicio\/wp-json\/wp\/v2\/product"}],"about":[{"href":"https:\/\/www.multicasa.com.br\/inicio\/wp-json\/wp\/v2\/types\/product"}],"wp:featuredmedia":[{"embeddable":true,"href":"https:\/\/www.multicasa.com.br\/inicio\/wp-json\/wp\/v2\/media\/17412"}],"wp:attachment":[{"href":"https:\/\/www.multicasa.com.br\/inicio\/wp-json\/wp\/v2\/media?parent=17366"}],"wp:term":[{"taxonomy":"product_brand","embeddable":true,"href":"https:\/\/www.multicasa.com.br\/inicio\/wp-json\/wp\/v2\/product_brand?post=17366"},{"taxonomy":"product_cat","embeddable":true,"href":"https:\/\/www.multicasa.com.br\/inicio\/wp-json\/wp\/v2\/product_cat?post=17366"},{"taxonomy":"product_tag","embeddable":true,"href":"https:\/\/www.multicasa.com.br\/inicio\/wp-json\/wp\/v2\/product_tag?post=17366"}],"curies":[{"name":"wp","href":"https:\/\/api.w.org\/{rel}","templated":true}]}}