{"id":17367,"date":"2025-06-20T19:18:15","date_gmt":"2025-06-20T23:18:15","guid":{"rendered":"https:\/\/www.multicasa.com.br\/inicio\/?post_type=product&#038;p=17367"},"modified":"2025-06-20T19:18:45","modified_gmt":"2025-06-20T23:18:45","slug":"kit-broca-para-aco-5-pecas-tramontina","status":"publish","type":"product","link":"https:\/\/www.multicasa.com.br\/inicio\/produto\/kit-broca-para-aco-5-pecas-tramontina\/","title":{"rendered":"Kit Broca para A\u00e7o 5 Pe\u00e7as Tramontina"},"content":{"rendered":"<p>O Kit Broca para A\u00e7o 5 Pe\u00e7as Tramontina \u00e9 o conjunto ideal para perfurar a\u00e7o. Com a qualidade das brocas Tramontina, as cinco pe\u00e7as apresentam tamanho de 3, 4, 5, 6 e 8 mm. Al\u00e9m disso, s\u00e3o produzidas com a resist\u00eancia e durabilidade do a\u00e7o r\u00e1pido HSS. S\u00e3o as ferramentas certas para as exig\u00eancias de diferentes tipos de trabalho.<\/p>\n","protected":false},"excerpt":{"rendered":"<h4 style=\"margin: 0px;padding: 0px 0px 16px;font-family: Lato, sans-serif;font-weight: bold;line-height: 3rem;color: var(--dark-grey3);font-size: 22px;font-style: normal;letter-spacing: normal;text-align: start;text-indent: 0px;text-transform: none\">Informa\u00e7\u00f5es t\u00e9cnicas<\/h4>\n<p><span style=\"margin: 0px;padding: 0px;font-weight: 450;font-size: 14px;line-height: 21px;color: var(--dark-grey2);font-family: Lato, sans-serif;font-style: normal;letter-spacing: normal;text-align: start;text-indent: 0px;text-transform: none\">Produto: Kit de Broca para A\u00e7o<br \/>\nMarca: Tramontina<br \/>\nMaterial: A\u00e7o r\u00e1pido (HSS)<br \/>\nUso indicado: Perfura\u00e7\u00e3o em a\u00e7o                                                                                                                                        Caracter\u00edsticas: t\u00eampera total no corpo, corpo polido, \u00e2ngulo de afia\u00e7\u00e3o da ponta de 118\u00b0, DIN 338<br \/>\nQuantidade de pe\u00e7as: 5 pe\u00e7as<br \/>\nItens inclusos: 1 broca de 3mm, 1 broca de 4mm, 1 broca de 5mm, 1 broca de 6mm e 1 broca de 8mm<br \/>\nDimens\u00f5es do Produto (A X L): 16,5 x 7,5cm                                                                                                                       Peso: 0,08kg<\/span><\/p>\n","protected":false},"featured_media":17415,"template":"","meta":{"_joinchat":[]},"product_brand":[],"product_cat":[152],"product_tag":[],"class_list":{"0":"post-17367","1":"product","2":"type-product","3":"status-publish","4":"has-post-thumbnail","6":"product_cat-ferramentas-eletricas","8":"first","9":"outofstock","10":"shipping-taxable","11":"product-type-simple"},"_links":{"self":[{"href":"https:\/\/www.multicasa.com.br\/inicio\/wp-json\/wp\/v2\/product\/17367","targetHints":{"allow":["GET"]}}],"collection":[{"href":"https:\/\/www.multicasa.com.br\/inicio\/wp-json\/wp\/v2\/product"}],"about":[{"href":"https:\/\/www.multicasa.com.br\/inicio\/wp-json\/wp\/v2\/types\/product"}],"wp:featuredmedia":[{"embeddable":true,"href":"https:\/\/www.multicasa.com.br\/inicio\/wp-json\/wp\/v2\/media\/17415"}],"wp:attachment":[{"href":"https:\/\/www.multicasa.com.br\/inicio\/wp-json\/wp\/v2\/media?parent=17367"}],"wp:term":[{"taxonomy":"product_brand","embeddable":true,"href":"https:\/\/www.multicasa.com.br\/inicio\/wp-json\/wp\/v2\/product_brand?post=17367"},{"taxonomy":"product_cat","embeddable":true,"href":"https:\/\/www.multicasa.com.br\/inicio\/wp-json\/wp\/v2\/product_cat?post=17367"},{"taxonomy":"product_tag","embeddable":true,"href":"https:\/\/www.multicasa.com.br\/inicio\/wp-json\/wp\/v2\/product_tag?post=17367"}],"curies":[{"name":"wp","href":"https:\/\/api.w.org\/{rel}","templated":true}]}}