{"id":17368,"date":"2025-06-20T19:18:15","date_gmt":"2025-06-20T23:18:15","guid":{"rendered":"https:\/\/www.multicasa.com.br\/inicio\/?post_type=product&#038;p=17368"},"modified":"2025-08-17T18:56:01","modified_gmt":"2025-08-17T22:56:01","slug":"parafusadeira-black-decker-angular-laranja-36v-9036br-bivolt","status":"publish","type":"product","link":"https:\/\/www.multicasa.com.br\/inicio\/produto\/parafusadeira-black-decker-angular-laranja-36v-9036br-bivolt\/","title":{"rendered":"Parafusadeira Black + Decker Angular Laranja 3,6v 9036BR Bivolt"},"content":{"rendered":"<p>A Parafusadeira Angular Black + Decker \u00e9 ideal para facilitar seus trabalhos dom\u00e9sticos. Cont\u00e9m um potente motor de 3,6v contendo duas posi\u00e7\u00f5es de \u00e2ngulo facilitando a utiliza\u00e7\u00e3o em lugares de pouco espa\u00e7o. Possui um bloqueio do eixo manual para facilitar seu manuseio. Ela \u00e9 extremamente pr\u00e1tica devida a sua a\u00e7\u00e3o de parafusar e desparafusar. Seu desenho ergon\u00f4mico, cont\u00e9m acomodamento, possuindo um gatilho especial com acomoda\u00e7\u00e3o para dois dedos. Sua bateria \u00e9 recarreg\u00e1vel, podendo ser carregado na parede.<\/p>\n","protected":false},"excerpt":{"rendered":"<h4 style=\"margin: 0px;padding: 0px 0px 16px;font-family: Lato, sans-serif;font-weight: bold;line-height: 3rem;color: var(--dark-grey3);font-size: 22px;font-style: normal;letter-spacing: normal;text-align: start;text-indent: 0px;text-transform: none\">Informa\u00e7\u00f5es t\u00e9cnicas<\/h4>\n<p><span style=\"margin: 0px;padding: 0px;font-weight: 450;font-size: 14px;line-height: 21px;color: var(--dark-grey2);font-family: Lato, sans-serif;font-style: normal;letter-spacing: normal;text-align: start;text-indent: 0px;text-transform: none\">Produto: Furadeira\/Parafusadeira<br \/>\nMarca: Black + Decker<br \/>\nModelo: 9036BR<br \/>\nCor: Laranja<br \/>\nTens\u00e3o el\u00e9trica do carregador: 127-220v<br \/>\nPot\u00eancia da bateria: 3,6v<br \/>\nCaracter\u00edsticas: 2 Posi\u00e7\u00f5es de \u00e2ngulo<br \/>\nEmpunhadura De Duas Posi\u00e7\u00f5es<br \/>\nGatilho Especial Com Acomodamento Para 2 Dedos<br \/>\nQuantidade de pe\u00e7as: 2<br \/>\nItens Inclusos: 1 Parafusadeira<br \/>\n1 Carregador de parede<br \/>\nDimens\u00f5es do produto (A x L x P): 28 x 25 x 4,5cm<br \/>\nPeso do produto: 500g<br \/>\nGarantia: 12 meses pelo fabricante<br \/>\n<\/span><\/p>\n","protected":false},"featured_media":17416,"template":"","meta":{"_joinchat":[]},"product_brand":[],"product_cat":[152],"product_tag":[],"class_list":{"0":"post-17368","1":"product","2":"type-product","3":"status-publish","4":"has-post-thumbnail","6":"product_cat-ferramentas-eletricas","8":"first","9":"outofstock","10":"shipping-taxable","11":"purchasable","12":"product-type-simple"},"_links":{"self":[{"href":"https:\/\/www.multicasa.com.br\/inicio\/wp-json\/wp\/v2\/product\/17368","targetHints":{"allow":["GET"]}}],"collection":[{"href":"https:\/\/www.multicasa.com.br\/inicio\/wp-json\/wp\/v2\/product"}],"about":[{"href":"https:\/\/www.multicasa.com.br\/inicio\/wp-json\/wp\/v2\/types\/product"}],"wp:featuredmedia":[{"embeddable":true,"href":"https:\/\/www.multicasa.com.br\/inicio\/wp-json\/wp\/v2\/media\/17416"}],"wp:attachment":[{"href":"https:\/\/www.multicasa.com.br\/inicio\/wp-json\/wp\/v2\/media?parent=17368"}],"wp:term":[{"taxonomy":"product_brand","embeddable":true,"href":"https:\/\/www.multicasa.com.br\/inicio\/wp-json\/wp\/v2\/product_brand?post=17368"},{"taxonomy":"product_cat","embeddable":true,"href":"https:\/\/www.multicasa.com.br\/inicio\/wp-json\/wp\/v2\/product_cat?post=17368"},{"taxonomy":"product_tag","embeddable":true,"href":"https:\/\/www.multicasa.com.br\/inicio\/wp-json\/wp\/v2\/product_tag?post=17368"}],"curies":[{"name":"wp","href":"https:\/\/api.w.org\/{rel}","templated":true}]}}