{"id":17370,"date":"2025-06-20T19:18:16","date_gmt":"2025-06-20T23:18:16","guid":{"rendered":"https:\/\/www.multicasa.com.br\/inicio\/?post_type=product&#038;p=17370"},"modified":"2025-08-17T18:56:18","modified_gmt":"2025-08-17T22:56:18","slug":"chave-grifo-para-tubos-10-tramontina","status":"publish","type":"product","link":"https:\/\/www.multicasa.com.br\/inicio\/produto\/chave-grifo-para-tubos-10-tramontina\/","title":{"rendered":"Chave Grifo para Tubos 10&#8221; Tramontina"},"content":{"rendered":"<p>A Chave Grifo para Tubos 10&#8221; Tramontina tem seu corpo feito em ferro fundido e mand\u00edbulas em a\u00e7o alto carbono modelo americano, trazendo mais efici\u00eancia e qualidade a pe\u00e7a. Resistente e dur\u00e1vel possui mordente regul\u00e1vel para maior versatilidade da ferramenta. Ideal para ajudar a realizar instala\u00e7\u00f5es e manuten\u00e7\u00f5es hidr\u00e1ulicas, n\u00e3o pode faltar na sua caixa de ferramentas.<\/p>\n","protected":false},"excerpt":{"rendered":"<h4 style=\"margin: 0px;padding: 0px 0px 16px;font-family: Lato, sans-serif;font-weight: bold;line-height: 3rem;color: var(--dark-grey3);font-size: 22px;font-style: normal;letter-spacing: normal;text-align: start;text-indent: 0px;text-transform: none\">Informa\u00e7\u00f5es t\u00e9cnicas<\/h4>\n<p><span style=\"margin: 0px;padding: 0px;font-weight: 450;font-size: 14px;line-height: 21px;color: var(--dark-grey2);font-family: Lato, sans-serif;font-style: normal;letter-spacing: normal;text-align: start;text-indent: 0px;text-transform: none\">Produto: Chave Grifo<br \/>\nMarca: Tramontina<br \/>\nMaterial: Ferro fundido, a\u00e7o alto carbono<br \/>\nUso Indicado: Para instala\u00e7\u00f5es e manuten\u00e7\u00f5es hidr\u00e1ulicas, tubos<br \/>\nCaracter\u00edsticas: mordente regul\u00e1vel, pintura eletrost\u00e1tica<br \/>\nItens Inclusos: 1 Chave Grifo                                                                                                                                             Dimens\u00f5es do produto em polegadas: 10&#8221;<br \/>\nDimens\u00f5es do produto (A x L x P): 29 x 6 x 1,7cm<br \/>\nPeso: 0,69kg<\/span><\/p>\n","protected":false},"featured_media":17421,"template":"","meta":{"_joinchat":[]},"product_brand":[],"product_cat":[137],"product_tag":[],"class_list":{"0":"post-17370","1":"product","2":"type-product","3":"status-publish","4":"has-post-thumbnail","6":"product_cat-ferramentas-manuais","8":"first","9":"outofstock","10":"shipping-taxable","11":"purchasable","12":"product-type-simple"},"_links":{"self":[{"href":"https:\/\/www.multicasa.com.br\/inicio\/wp-json\/wp\/v2\/product\/17370","targetHints":{"allow":["GET"]}}],"collection":[{"href":"https:\/\/www.multicasa.com.br\/inicio\/wp-json\/wp\/v2\/product"}],"about":[{"href":"https:\/\/www.multicasa.com.br\/inicio\/wp-json\/wp\/v2\/types\/product"}],"wp:featuredmedia":[{"embeddable":true,"href":"https:\/\/www.multicasa.com.br\/inicio\/wp-json\/wp\/v2\/media\/17421"}],"wp:attachment":[{"href":"https:\/\/www.multicasa.com.br\/inicio\/wp-json\/wp\/v2\/media?parent=17370"}],"wp:term":[{"taxonomy":"product_brand","embeddable":true,"href":"https:\/\/www.multicasa.com.br\/inicio\/wp-json\/wp\/v2\/product_brand?post=17370"},{"taxonomy":"product_cat","embeddable":true,"href":"https:\/\/www.multicasa.com.br\/inicio\/wp-json\/wp\/v2\/product_cat?post=17370"},{"taxonomy":"product_tag","embeddable":true,"href":"https:\/\/www.multicasa.com.br\/inicio\/wp-json\/wp\/v2\/product_tag?post=17370"}],"curies":[{"name":"wp","href":"https:\/\/api.w.org\/{rel}","templated":true}]}}