{"id":17371,"date":"2025-06-20T19:18:16","date_gmt":"2025-06-20T23:18:16","guid":{"rendered":"https:\/\/www.multicasa.com.br\/inicio\/?post_type=product&#038;p=17371"},"modified":"2025-08-17T18:56:27","modified_gmt":"2025-08-17T22:56:27","slug":"ducha-duo-shower-quadra-turbo-eletronica-7500w-220v-lorenzetti","status":"publish","type":"product","link":"https:\/\/www.multicasa.com.br\/inicio\/produto\/ducha-duo-shower-quadra-turbo-eletronica-7500w-220v-lorenzetti\/","title":{"rendered":"Ducha Duo Shower Quadra Turbo Eletr\u00f4nica 7500W 220V Lorenzetti"},"content":{"rendered":"<p>A Ducha Duo Shower Quadra Turbo Eletr\u00f4nica Lorenzetti \u00e9 ducha e chuveiro em um s\u00f3 produto, uma op\u00e7\u00e3o exclusiva, inteligente e eficaz, de design e tecnologia.<br \/>\nA Mistura de linhas flu\u00eddas com espalhador ultra-fino e de alta tecnologia tornam o banho \u00fanico e inesquec\u00edvel.<br \/>\nVoc\u00ea pode escolher o chuveiro com &#8220;grande espalhador&#8221;, ou a ducha com o jato concentrado, direcion\u00e1vel e mais forte, para aquele banho relaxante.<br \/>\nSeu comando eletr\u00f4nico permite a escolha gradual e precisa da temperatura, com a troca de temperatura ao alcance das m\u00e3os a partir da haste de comando de 30cm (uso opcional).<br \/>\n &#8211; DRI (Dispositivo para regulagem da inclina\u00e7\u00e3o).<\/p>\n","protected":false},"excerpt":{"rendered":"<h4 style=\"margin: 0px;padding: 0px 0px 16px;font-family: Lato, sans-serif;font-weight: bold;line-height: 3rem;color: var(--dark-grey3);font-size: 22px;font-style: normal;letter-spacing: normal;text-align: start;text-indent: 0px;text-transform: none\">Informa\u00e7\u00f5es t\u00e9cnicas<\/h4>\n<p><span style=\"margin: 0px;padding: 0px;font-weight: 450;font-size: 14px;line-height: 21px;color: var(--dark-grey2);font-family: Lato, sans-serif;font-style: normal;letter-spacing: normal;text-align: start;text-indent: 0px;text-transform: none\">Protudo: DUCHA<br \/>\nTens\u00e3o: 220v<br \/>\nPot\u00eancia: 7500w<br \/>\nMarca: Lorenzetti<\/span><\/p>\n","protected":false},"featured_media":25076,"template":"","meta":{"_joinchat":[]},"product_brand":[],"product_cat":[71],"product_tag":[],"class_list":{"0":"post-17371","1":"product","2":"type-product","3":"status-publish","4":"has-post-thumbnail","6":"product_cat-chuveiros","8":"first","9":"outofstock","10":"shipping-taxable","11":"purchasable","12":"product-type-simple"},"_links":{"self":[{"href":"https:\/\/www.multicasa.com.br\/inicio\/wp-json\/wp\/v2\/product\/17371","targetHints":{"allow":["GET"]}}],"collection":[{"href":"https:\/\/www.multicasa.com.br\/inicio\/wp-json\/wp\/v2\/product"}],"about":[{"href":"https:\/\/www.multicasa.com.br\/inicio\/wp-json\/wp\/v2\/types\/product"}],"wp:featuredmedia":[{"embeddable":true,"href":"https:\/\/www.multicasa.com.br\/inicio\/wp-json\/wp\/v2\/media\/25076"}],"wp:attachment":[{"href":"https:\/\/www.multicasa.com.br\/inicio\/wp-json\/wp\/v2\/media?parent=17371"}],"wp:term":[{"taxonomy":"product_brand","embeddable":true,"href":"https:\/\/www.multicasa.com.br\/inicio\/wp-json\/wp\/v2\/product_brand?post=17371"},{"taxonomy":"product_cat","embeddable":true,"href":"https:\/\/www.multicasa.com.br\/inicio\/wp-json\/wp\/v2\/product_cat?post=17371"},{"taxonomy":"product_tag","embeddable":true,"href":"https:\/\/www.multicasa.com.br\/inicio\/wp-json\/wp\/v2\/product_tag?post=17371"}],"curies":[{"name":"wp","href":"https:\/\/api.w.org\/{rel}","templated":true}]}}