{"id":17393,"date":"2025-06-20T19:18:38","date_gmt":"2025-06-20T23:18:38","guid":{"rendered":"https:\/\/www.multicasa.com.br\/inicio\/?post_type=product&#038;p=17393"},"modified":"2025-06-20T19:19:00","modified_gmt":"2025-06-20T23:19:00","slug":"abracadeira-tipo-u-em-aco-1-inca-2-unidades","status":"publish","type":"product","link":"https:\/\/www.multicasa.com.br\/inicio\/produto\/abracadeira-tipo-u-em-aco-1-inca-2-unidades\/","title":{"rendered":"Abra\u00e7adeira Tipo U em A\u00e7o 1&#8221; Inca 2 unidades"},"content":{"rendered":"<p>Com a abara\u00e7adeira em U 1?? da Inca voc\u00ea n\u00e3o precisa mais quebrar as paredes na hora de fazer instala\u00e7\u00f5es. Feita de a\u00e7o carbono SAE1010, tem f\u00e1cil utiliza\u00e7\u00e3o e pode ser usada em residencies ou com\u00e9rcios. Com alta resist\u00eancia mec\u00e2nica, garante seguran\u00e7a e economia. Embalagem com 2 unidades.<\/p>\n","protected":false},"excerpt":{"rendered":"<h4 style=\"margin: 0px;padding: 0px 0px 16px;font-family: Lato, sans-serif;font-weight: bold;line-height: 3rem;color: var(--dark-grey3);font-size: 22px;font-style: normal;letter-spacing: normal;text-align: start;text-indent: 0px;text-transform: none\">Informa\u00e7\u00f5es t\u00e9cnicas<\/h4>\n<p><span style=\"margin: 0px;padding: 0px;font-weight: 450;font-size: 14px;line-height: 21px;color: var(--dark-grey2);font-family: Lato, sans-serif;font-style: normal;letter-spacing: normal;text-align: start;text-indent: 0px;text-transform: none\">Produto: Abra\u00e7adeira<br \/>\nTipo: U<br \/>\nMarca: Inca<br \/>\nMaterial: A\u00e7o Carbono SAE 1010<br \/>\nCor: Prata<br \/>\nCaracter\u00edsticas: Evite quebrar paredes<br \/>\nResistente<br \/>\nItens inclusos: 2 Abra\u00e7adeiras<br \/>\nDimens\u00f5es do produto em polegadas: 1&#8243;<br \/>\n<\/span><\/p>\n","protected":false},"featured_media":17427,"template":"","meta":{"_joinchat":[]},"product_brand":[],"product_cat":[76],"product_tag":[],"class_list":{"0":"post-17393","1":"product","2":"type-product","3":"status-publish","4":"has-post-thumbnail","6":"product_cat-jardinagem","8":"first","9":"outofstock","10":"shipping-taxable","11":"product-type-simple"},"_links":{"self":[{"href":"https:\/\/www.multicasa.com.br\/inicio\/wp-json\/wp\/v2\/product\/17393","targetHints":{"allow":["GET"]}}],"collection":[{"href":"https:\/\/www.multicasa.com.br\/inicio\/wp-json\/wp\/v2\/product"}],"about":[{"href":"https:\/\/www.multicasa.com.br\/inicio\/wp-json\/wp\/v2\/types\/product"}],"wp:featuredmedia":[{"embeddable":true,"href":"https:\/\/www.multicasa.com.br\/inicio\/wp-json\/wp\/v2\/media\/17427"}],"wp:attachment":[{"href":"https:\/\/www.multicasa.com.br\/inicio\/wp-json\/wp\/v2\/media?parent=17393"}],"wp:term":[{"taxonomy":"product_brand","embeddable":true,"href":"https:\/\/www.multicasa.com.br\/inicio\/wp-json\/wp\/v2\/product_brand?post=17393"},{"taxonomy":"product_cat","embeddable":true,"href":"https:\/\/www.multicasa.com.br\/inicio\/wp-json\/wp\/v2\/product_cat?post=17393"},{"taxonomy":"product_tag","embeddable":true,"href":"https:\/\/www.multicasa.com.br\/inicio\/wp-json\/wp\/v2\/product_tag?post=17393"}],"curies":[{"name":"wp","href":"https:\/\/api.w.org\/{rel}","templated":true}]}}