{"id":17394,"date":"2025-06-20T19:18:38","date_gmt":"2025-06-20T23:18:38","guid":{"rendered":"https:\/\/www.multicasa.com.br\/inicio\/?post_type=product&#038;p=17394"},"modified":"2025-06-20T19:19:04","modified_gmt":"2025-06-20T23:19:04","slug":"desengordurante-e-desengraxante-algoo-1l","status":"publish","type":"product","link":"https:\/\/www.multicasa.com.br\/inicio\/produto\/desengordurante-e-desengraxante-algoo-1l\/","title":{"rendered":"Desengordurante e Desengraxante Algoo 1L"},"content":{"rendered":"<p>Chega de dificuldades na hora da limpeza pesada. Use o Desengordurante e desengraxante da Algoo para limpar metais, concreto, borracha, sint\u00e9ticos, pl\u00e1sticos e outras superf\u00edcies resistentes \u00e0 \u00e1gua. Retira as impurezas mais dif\u00edceis de serem removidas com facilidade e deixa os seus objetos novos. N\u00e3o inflam\u00e1vel e n\u00e3o t\u00f3xico, \u00e9 biodegrad\u00e1vel e rende 6 litros. Embalagem com 1 litro.<\/p>\n","protected":false},"excerpt":{"rendered":"<h4 style=\"margin: 0px;padding: 0px 0px 16px;font-family: Lato, sans-serif;font-weight: bold;line-height: 3rem;color: var(--dark-grey3);font-size: 22px;font-style: normal;letter-spacing: normal;text-align: start;text-indent: 0px;text-transform: none\">Informa\u00e7\u00f5es t\u00e9cnicas<\/h4>\n<p><span style=\"margin: 0px;padding: 0px;font-weight: 450;font-size: 14px;line-height: 21px;color: var(--dark-grey2);font-family: Lato, sans-serif;font-style: normal;letter-spacing: normal;text-align: start;text-indent: 0px;text-transform: none\">Produto: Desengordurante e Desengraxante<br \/>\nMarca: Algoo<br \/>\nConte\u00fado: 1L<br \/>\nCaracter\u00edsticas: Rende 6 litros<br \/>\nProduto Biodegrad\u00e1vel<br \/>\nN\u00e3o inflam\u00e1vel<br \/>\nPara limpeza pesada e sobre qualquer superf\u00edcie<br \/>\nBaixa toxidade<br \/>\nItens Inclusos: 1 desengordurante e desengraxante<br \/>\nDimens\u00f5es do produto (A x L): 22,5 x 8,5cm<br \/>\n<\/span><\/p>\n","protected":false},"featured_media":17440,"template":"","meta":{"_joinchat":[]},"product_brand":[],"product_cat":[131],"product_tag":[],"class_list":{"0":"post-17394","1":"product","2":"type-product","3":"status-publish","4":"has-post-thumbnail","6":"product_cat-quimicos","8":"first","9":"outofstock","10":"shipping-taxable","11":"product-type-simple"},"_links":{"self":[{"href":"https:\/\/www.multicasa.com.br\/inicio\/wp-json\/wp\/v2\/product\/17394","targetHints":{"allow":["GET"]}}],"collection":[{"href":"https:\/\/www.multicasa.com.br\/inicio\/wp-json\/wp\/v2\/product"}],"about":[{"href":"https:\/\/www.multicasa.com.br\/inicio\/wp-json\/wp\/v2\/types\/product"}],"wp:featuredmedia":[{"embeddable":true,"href":"https:\/\/www.multicasa.com.br\/inicio\/wp-json\/wp\/v2\/media\/17440"}],"wp:attachment":[{"href":"https:\/\/www.multicasa.com.br\/inicio\/wp-json\/wp\/v2\/media?parent=17394"}],"wp:term":[{"taxonomy":"product_brand","embeddable":true,"href":"https:\/\/www.multicasa.com.br\/inicio\/wp-json\/wp\/v2\/product_brand?post=17394"},{"taxonomy":"product_cat","embeddable":true,"href":"https:\/\/www.multicasa.com.br\/inicio\/wp-json\/wp\/v2\/product_cat?post=17394"},{"taxonomy":"product_tag","embeddable":true,"href":"https:\/\/www.multicasa.com.br\/inicio\/wp-json\/wp\/v2\/product_tag?post=17394"}],"curies":[{"name":"wp","href":"https:\/\/api.w.org\/{rel}","templated":true}]}}