{"id":17395,"date":"2025-06-20T19:18:38","date_gmt":"2025-06-20T23:18:38","guid":{"rendered":"https:\/\/www.multicasa.com.br\/inicio\/?post_type=product&#038;p=17395"},"modified":"2025-06-20T19:19:05","modified_gmt":"2025-06-20T23:19:05","slug":"caixa-maleta-de-ferramentas-129-pecas-13564-sparta","status":"publish","type":"product","link":"https:\/\/www.multicasa.com.br\/inicio\/produto\/caixa-maleta-de-ferramentas-129-pecas-13564-sparta\/","title":{"rendered":"Caixa Maleta de Ferramentas 129 Pe\u00e7as 13564 Sparta"},"content":{"rendered":"<p>O Jogo de Ferramentas da Sparta \u00e9 ideal para montagem em bancada. Vem com 129 pe\u00e7as, esse kit de ferramentas com maleta \u00e9 ideal para uso dom\u00e9stico, escrit\u00f3rio e oficinas, contando com uma grande variedade de ferramentas que v\u00e3o facilitar sua vida. Tendo sua grande maioria feitas de a\u00e7o, as pe\u00e7as s\u00e3o resistentes e garantem o sucesso no trabalho realizado.<\/p>\n","protected":false},"excerpt":{"rendered":"<h4 style=\"margin: 0px;padding: 0px 0px 16px;font-family: Lato, sans-serif;font-weight: bold;line-height: 3rem;color: var(--dark-grey3);font-size: 22px;font-style: normal;letter-spacing: normal;text-align: start;text-indent: 0px;text-transform: none\">Informa\u00e7\u00f5es t\u00e9cnicas<\/h4>\n<p><span style=\"margin: 0px;padding: 0px;font-weight: 450;font-size: 14px;line-height: 21px;color: var(--dark-grey2);font-family: Lato, sans-serif;font-style: normal;letter-spacing: normal;text-align: start;text-indent: 0px;text-transform: none\">Produto: Kit Ferramentas<br \/>\nMarca: Sparta<br \/>\nMaterial: A\u00e7o e pl\u00e1stico<br \/>\nQuantidade de pe\u00e7as: 129 pe\u00e7as<br \/>\nItens Inclusos: 1 alicate bico meia cana reto 6,5&#8243;(160mm); 1 alicate corte diagonal 6,5&#8243;(160mm); 1 alicate prensa terminal; 1 cabo anat\u00f4mico com catraca para bits; 4 chaves de precis\u00e3o; 1 chave ajust\u00e1vel\/inglesa 6&#8243;(150mm); 1 estilete(9mm); 1 martelo unha 250g cabo met\u00e1lico emborrachado; 1 n\u00edvel 9&#8243;(230mm) com 3 bolhas; 10 parafusos(6mm) cabe\u00e7a chata, zincado, phillips; 51 pregos de a\u00e7o com cabe\u00e7a(20mm); 5 parafusos m\u00e1quina cabe\u00e7a redonda com porca sextavada; 4 ganchos; 10 buchas pl\u00e1sticas para fixa\u00e7\u00e3o(6 x 25mm); 1 Trena(3,5m x 12mm); Jogo com 20 bits: hex, h3-h4-h5-h6, quadrado s1-s2, adaptador, torx t10,t15,t20,t25, poziddriv 0-1-2, philips 1-2-3, fenda 3-4-5; jogo com 16 chaves allen: 1,5-2-2,5-3-4-5-5,5-6mm, 1\/16&#8243; &#8211; 5\/64&#8243; &#8211; 3\/32&#8243; &#8211; 3\/16&#8243; &#8211; 7\/32&#8243; &#8211; 1\/4&#8243; &#8211; 1\/8&#8243; &#8211; 5\/32&#8243;<br \/>\nDimens\u00f5es do produto (A X L X P): 25 x 3 x 31cm<br \/>\nPeso: 2,451kg<\/span><\/p>\n","protected":false},"featured_media":17441,"template":"","meta":{"_joinchat":[]},"product_brand":[],"product_cat":[137],"product_tag":[],"class_list":{"0":"post-17395","1":"product","2":"type-product","3":"status-publish","4":"has-post-thumbnail","6":"product_cat-ferramentas-manuais","8":"first","9":"outofstock","10":"shipping-taxable","11":"product-type-simple"},"_links":{"self":[{"href":"https:\/\/www.multicasa.com.br\/inicio\/wp-json\/wp\/v2\/product\/17395","targetHints":{"allow":["GET"]}}],"collection":[{"href":"https:\/\/www.multicasa.com.br\/inicio\/wp-json\/wp\/v2\/product"}],"about":[{"href":"https:\/\/www.multicasa.com.br\/inicio\/wp-json\/wp\/v2\/types\/product"}],"wp:featuredmedia":[{"embeddable":true,"href":"https:\/\/www.multicasa.com.br\/inicio\/wp-json\/wp\/v2\/media\/17441"}],"wp:attachment":[{"href":"https:\/\/www.multicasa.com.br\/inicio\/wp-json\/wp\/v2\/media?parent=17395"}],"wp:term":[{"taxonomy":"product_brand","embeddable":true,"href":"https:\/\/www.multicasa.com.br\/inicio\/wp-json\/wp\/v2\/product_brand?post=17395"},{"taxonomy":"product_cat","embeddable":true,"href":"https:\/\/www.multicasa.com.br\/inicio\/wp-json\/wp\/v2\/product_cat?post=17395"},{"taxonomy":"product_tag","embeddable":true,"href":"https:\/\/www.multicasa.com.br\/inicio\/wp-json\/wp\/v2\/product_tag?post=17395"}],"curies":[{"name":"wp","href":"https:\/\/api.w.org\/{rel}","templated":true}]}}