{"id":17397,"date":"2025-06-20T19:18:39","date_gmt":"2025-06-20T23:18:39","guid":{"rendered":"https:\/\/www.multicasa.com.br\/inicio\/?post_type=product&#038;p=17397"},"modified":"2026-04-30T17:30:29","modified_gmt":"2026-04-30T21:30:29","slug":"luva-de-pvc-soldavel-marrom-tigre-25mmx1-2","status":"publish","type":"product","link":"https:\/\/www.multicasa.com.br\/inicio\/produto\/luva-de-pvc-soldavel-marrom-tigre-25mmx1-2\/","title":{"rendered":"Luva de PVC Sold\u00e1vel Marrom Tigre 25mmx1\/2&#8221;"},"content":{"rendered":"<p>A Luva de PVC Sold\u00e1vel Tigre de 25mm \u00e9 f\u00e1cil de instalar, leve e resistente. Pode ser utilizada para a uni\u00e3o entre tubos e conex\u00f5es, possui juntas soldadas a frio, dispensando o uso de ferramentas e equipamentos sofisticados. Al\u00e9m disso, \u00e9 resistente a produtos qu\u00edmicos, n\u00e3o sofrendo corros\u00e3o e destaca-se pelo eficiente desempenho hidr\u00e1ulico, o que garante menor perda de carga. A Luva de PVC Tigre tem cor marrom e bitola de 25mm. Atende \u00e0 norma NBR5648. Com press\u00e3o de servi\u00e7o, a 20\u00b0C, de 75 M.C.A.<\/p>\n","protected":false},"excerpt":{"rendered":"<h4 style=\"margin: 0px;padding: 0px 0px 16px;font-family: Lato, sans-serif;font-weight: bold;line-height: 3rem;color: var(--dark-grey3);font-size: 22px;font-style: normal;letter-spacing: normal;text-align: start;text-indent: 0px;text-transform: none\">Informa\u00e7\u00f5es t\u00e9cnicas<\/h4>\n<p><span style=\"margin: 0px;padding: 0px;font-weight: 450;font-size: 14px;line-height: 21px;color: var(--dark-grey2);font-family: Lato, sans-serif;font-style: normal;letter-spacing: normal;text-align: start;text-indent: 0px;text-transform: none\">Produto: Luva de PVC Sold\u00e1vel<br \/>\nMarca: Tigre<br \/>\nMaterial: PVC<br \/>\nCor: Marrom<br \/>\nUso indicado: Para uni\u00e3o entre tubos e conex\u00f5es<br \/>\nCaracter\u00edsticas: Sold\u00e1vel<br \/>\nBitola de 25mm<br \/>\nCom press\u00e3o de servi\u00e7o de 75 M.C.A a 20\u00b0C<br \/>\nItens inclusos: 1 Luva de pvc sold\u00e1vel<br \/>\nDimens\u00e3o do Produto (L x P): 25mm x 1\/2&#8221;<br \/>\n<\/span><\/p>\n","protected":false},"featured_media":17443,"template":"","meta":{"_joinchat":[]},"product_brand":[],"product_cat":[73],"product_tag":[],"class_list":{"0":"post-17397","1":"product","2":"type-product","3":"status-publish","4":"has-post-thumbnail","6":"product_cat-tubos-e-conexoes","8":"first","9":"instock","10":"shipping-taxable","11":"purchasable","12":"product-type-simple"},"_links":{"self":[{"href":"https:\/\/www.multicasa.com.br\/inicio\/wp-json\/wp\/v2\/product\/17397","targetHints":{"allow":["GET"]}}],"collection":[{"href":"https:\/\/www.multicasa.com.br\/inicio\/wp-json\/wp\/v2\/product"}],"about":[{"href":"https:\/\/www.multicasa.com.br\/inicio\/wp-json\/wp\/v2\/types\/product"}],"wp:featuredmedia":[{"embeddable":true,"href":"https:\/\/www.multicasa.com.br\/inicio\/wp-json\/wp\/v2\/media\/17443"}],"wp:attachment":[{"href":"https:\/\/www.multicasa.com.br\/inicio\/wp-json\/wp\/v2\/media?parent=17397"}],"wp:term":[{"taxonomy":"product_brand","embeddable":true,"href":"https:\/\/www.multicasa.com.br\/inicio\/wp-json\/wp\/v2\/product_brand?post=17397"},{"taxonomy":"product_cat","embeddable":true,"href":"https:\/\/www.multicasa.com.br\/inicio\/wp-json\/wp\/v2\/product_cat?post=17397"},{"taxonomy":"product_tag","embeddable":true,"href":"https:\/\/www.multicasa.com.br\/inicio\/wp-json\/wp\/v2\/product_tag?post=17397"}],"curies":[{"name":"wp","href":"https:\/\/api.w.org\/{rel}","templated":true}]}}