{"id":17405,"date":"2025-06-20T19:18:40","date_gmt":"2025-06-20T23:18:40","guid":{"rendered":"https:\/\/www.multicasa.com.br\/inicio\/?post_type=product&#038;p=17405"},"modified":"2025-06-20T19:19:23","modified_gmt":"2025-06-20T23:19:23","slug":"parafusadeira-a-bateria-bosch-bivolt-36v","status":"publish","type":"product","link":"https:\/\/www.multicasa.com.br\/inicio\/produto\/parafusadeira-a-bateria-bosch-bivolt-36v\/","title":{"rendered":"Parafusadeira \u00e0 Bateria Bosch Bivolt 3,6V"},"content":{"rendered":"<p>Leve e ergon\u00f4mica, a Parafusadeira \u00e0 Bateria Bosch funciona \u00e0 bateria de l\u00edtio de 3,6v e 1,5ah. Pr\u00e1tica, \u00e9 a menor ferramenta que conta com sistema inovador pressione e use, basta pressionar contra o parafuso para que funcione. Com softgrip, proporciona uma pegada mais segura e confort\u00e1vel que ajuda a prevenir acidentes. Com alimenta\u00e7\u00e3o bivolt, sua carga \u00e9 feita via micro usb e a bateria feita de l\u00edtio conta com tecnologia Bosch ECP que garante qualidade e durabilidade. A sua parafusadeira \u00e0 bateria mede 3,5 x 3,5 x 18,2cm, tem 6 tipos de toque (torque duro\/macio) de 5 \/2,5Nm, encaixe HEX 1,4, indicador de carga, velocidade de 160rpm, di\u00e2metro m\u00e1ximo de 5mm e pode ser usada para parafusar, modo manual e desparafusar.<\/p>\n","protected":false},"excerpt":{"rendered":"<h4 style=\"margin: 0px;padding: 0px 0px 16px;font-family: Lato, sans-serif;font-weight: bold;line-height: 3rem;color: var(--dark-grey3);font-size: 22px;font-style: normal;letter-spacing: normal;text-align: start;text-indent: 0px;text-transform: none\">Informa\u00e7\u00f5es t\u00e9cnicas<\/h4>\n<p><span style=\"margin: 0px;padding: 0px;font-weight: 450;font-size: 14px;line-height: 21px;color: var(--dark-grey2);font-family: Lato, sans-serif;font-style: normal;letter-spacing: normal;text-align: start;text-indent: 0px;text-transform: none\">Produto: Parafusadeira<br \/>\nMarca: Bosch<br \/>\nCor: prata, azul, preto<br \/>\nPot\u00eancia da bateria: 3,6v<br \/>\nTens\u00e3o el\u00e9trica do carregador: Bivolt<br \/>\nRota\u00e7\u00e3o: 360rpm<br \/>\nCaracter\u00edsticas: 3 op\u00e7\u00f5es de uso parafusar, manual e desparafusar<br \/>\n6 tipos de torque<br \/>\nTorque duro\/macio): 5 \/ 2,5Nm<br \/>\nDi\u00e2metro m\u00e1ximo de 5mm<br \/>\nEncaixe: hex 1\/4&#8221;<br \/>\nBateria de l\u00edtio 3,6 v 1.5ah inbuilt<br \/>\nCarga via micro usb<br \/>\nIndicador de carga<br \/>\nTecnologia ecp<br \/>\nTempo de carga: 90 minutos<br \/>\nSistema Pressione e Use<br \/>\nQuantidade de pe\u00e7as: 4<br \/>\nItens Inclusos: 1 Parafusadeira<br \/>\n1 bit<br \/>\n1 cabo USB<br \/>\n1 maleta para transporte<br \/>\nDimens\u00f5es do produto (A X L X P): 3,5 x 3,5 x 18,2cm<br \/>\nGarantia: 12 meses<\/span><\/p>\n","protected":false},"featured_media":17452,"template":"","meta":{"_joinchat":[]},"product_brand":[],"product_cat":[152],"product_tag":[],"class_list":{"0":"post-17405","1":"product","2":"type-product","3":"status-publish","4":"has-post-thumbnail","6":"product_cat-ferramentas-eletricas","8":"first","9":"outofstock","10":"shipping-taxable","11":"product-type-simple"},"_links":{"self":[{"href":"https:\/\/www.multicasa.com.br\/inicio\/wp-json\/wp\/v2\/product\/17405","targetHints":{"allow":["GET"]}}],"collection":[{"href":"https:\/\/www.multicasa.com.br\/inicio\/wp-json\/wp\/v2\/product"}],"about":[{"href":"https:\/\/www.multicasa.com.br\/inicio\/wp-json\/wp\/v2\/types\/product"}],"wp:featuredmedia":[{"embeddable":true,"href":"https:\/\/www.multicasa.com.br\/inicio\/wp-json\/wp\/v2\/media\/17452"}],"wp:attachment":[{"href":"https:\/\/www.multicasa.com.br\/inicio\/wp-json\/wp\/v2\/media?parent=17405"}],"wp:term":[{"taxonomy":"product_brand","embeddable":true,"href":"https:\/\/www.multicasa.com.br\/inicio\/wp-json\/wp\/v2\/product_brand?post=17405"},{"taxonomy":"product_cat","embeddable":true,"href":"https:\/\/www.multicasa.com.br\/inicio\/wp-json\/wp\/v2\/product_cat?post=17405"},{"taxonomy":"product_tag","embeddable":true,"href":"https:\/\/www.multicasa.com.br\/inicio\/wp-json\/wp\/v2\/product_tag?post=17405"}],"curies":[{"name":"wp","href":"https:\/\/api.w.org\/{rel}","templated":true}]}}