{"id":17409,"date":"2025-06-20T19:18:40","date_gmt":"2025-06-20T23:18:40","guid":{"rendered":"https:\/\/www.multicasa.com.br\/inicio\/?post_type=product&#038;p=17409"},"modified":"2025-12-16T18:41:20","modified_gmt":"2025-12-16T22:41:20","slug":"cabo-de-video-rca-3x3-pix-15m","status":"publish","type":"product","link":"https:\/\/www.multicasa.com.br\/inicio\/produto\/cabo-de-video-rca-3x3-pix-15m\/","title":{"rendered":"Cabo de V\u00eddeo RCA 3&#215;3 Pix 1,5m"},"content":{"rendered":"<p>O Cabo de V\u00eddeo RCA 3&#215;3 da Pix possui 1,5 metros de comprimento. Pode ser utilizado para conectar equipamentos como: mesas de som, interfaces de \u00e1udio, caixa de som, entre outros. Voc\u00ea tamb\u00e9m pode us\u00e1-lo para conectar a sa\u00edda da sua interface de \u00e1udio na entrada dos seus monitores, ou pode us\u00e1-lo para ligar um aparelho de DVD na sua mesa de som.<\/p>\n","protected":false},"excerpt":{"rendered":"<h4 style=\"margin: 0px;padding: 0px 0px 16px;font-family: Lato, sans-serif;font-weight: bold;line-height: 3rem;color: var(--dark-grey3);font-size: 22px;font-style: normal;letter-spacing: normal;text-align: start;text-indent: 0px;text-transform: none\">Informa\u00e7\u00f5es t\u00e9cnicas<\/h4>\n<p><span style=\"margin: 0px;padding: 0px;font-weight: 450;font-size: 14px;line-height: 21px;color: var(--dark-grey2);font-family: Lato, sans-serif;font-style: normal;letter-spacing: normal;text-align: start;text-indent: 0px;text-transform: none\">Produto: Cabo \u00c1udio e V\u00eddeo RCA<br \/>\nMarca: Pix<br \/>\nCor: Preto<br \/>\nCaracter\u00edsticas: Cabo RCA n\u00edquel 3+3<br \/>\nItens inclusos: 1 Cabo \u00e1udio e v\u00eddeo RCA<br \/>\nDimens\u00f5es do produto (C): 1,5m<br \/>\nDimens\u00f5es da embalagem (A x L x P): 22 x 11,5 x 2cm                                                                                                        Peso: 0,04kg<\/span><\/p>\n","protected":false},"featured_media":17471,"template":"","meta":{"_joinchat":[]},"product_brand":[],"product_cat":[153],"product_tag":[],"class_list":{"0":"post-17409","1":"product","2":"type-product","3":"status-publish","4":"has-post-thumbnail","6":"product_cat-eletronica-e-cia","8":"first","9":"outofstock","10":"shipping-taxable","11":"product-type-simple"},"_links":{"self":[{"href":"https:\/\/www.multicasa.com.br\/inicio\/wp-json\/wp\/v2\/product\/17409","targetHints":{"allow":["GET"]}}],"collection":[{"href":"https:\/\/www.multicasa.com.br\/inicio\/wp-json\/wp\/v2\/product"}],"about":[{"href":"https:\/\/www.multicasa.com.br\/inicio\/wp-json\/wp\/v2\/types\/product"}],"wp:featuredmedia":[{"embeddable":true,"href":"https:\/\/www.multicasa.com.br\/inicio\/wp-json\/wp\/v2\/media\/17471"}],"wp:attachment":[{"href":"https:\/\/www.multicasa.com.br\/inicio\/wp-json\/wp\/v2\/media?parent=17409"}],"wp:term":[{"taxonomy":"product_brand","embeddable":true,"href":"https:\/\/www.multicasa.com.br\/inicio\/wp-json\/wp\/v2\/product_brand?post=17409"},{"taxonomy":"product_cat","embeddable":true,"href":"https:\/\/www.multicasa.com.br\/inicio\/wp-json\/wp\/v2\/product_cat?post=17409"},{"taxonomy":"product_tag","embeddable":true,"href":"https:\/\/www.multicasa.com.br\/inicio\/wp-json\/wp\/v2\/product_tag?post=17409"}],"curies":[{"name":"wp","href":"https:\/\/api.w.org\/{rel}","templated":true}]}}