{"id":17410,"date":"2025-06-20T19:18:40","date_gmt":"2025-06-20T23:18:40","guid":{"rendered":"https:\/\/www.multicasa.com.br\/inicio\/?post_type=product&#038;p=17410"},"modified":"2026-04-25T17:00:19","modified_gmt":"2026-04-25T21:00:19","slug":"kit-fechadura-externa-403-cromada-pado","status":"publish","type":"product","link":"https:\/\/www.multicasa.com.br\/inicio\/produto\/kit-fechadura-externa-403-cromada-pado\/","title":{"rendered":"Kit Fechadura Externa 403 Cromada Pado"},"content":{"rendered":"<p>O kit Fechadura Externa Cromada Pado modelo 403 \u00e9 produzida em a\u00e7o inoxid\u00e1vel com cilindro em lat\u00e3o maci\u00e7o que s\u00e3o perfeitos para regi\u00f5es litor\u00e2neas e \u00e1reas expostas \u00e0s intemp\u00e9ries, sujeitas ao ataque de agentes corrosivos. Com roseta, ma\u00e7aneta, testa e contra testa, ela traz seguran\u00e7a e qualidade. Fixa\u00e7\u00e3o atrav\u00e9s de parafusos.<\/p>\n","protected":false},"excerpt":{"rendered":"<h4 style=\"margin: 0px;padding: 0px 0px 16px;font-family: Lato, sans-serif;font-weight: bold;line-height: 3rem;color: var(--dark-grey3);font-size: 22px;font-style: normal;letter-spacing: normal;text-align: start;text-indent: 0px;text-transform: none\">Informa\u00e7\u00f5es t\u00e9cnicas<\/h4>\n<p><span style=\"margin: 0px;padding: 0px;font-weight: 450;font-size: 14px;line-height: 21px;color: var(--dark-grey2);font-family: Lato, sans-serif;font-style: normal;letter-spacing: normal;text-align: start;text-indent: 0px;text-transform: none\">Produto: Fechadura Externa<br \/>\nMarca: Pado<br \/>\nMaterial: A\u00e7o inoxid\u00e1vel<br \/>\nCilindro em lat\u00e3o maci\u00e7o<br \/>\nCor: Prata<br \/>\nCaracter\u00edsticas: Fixa\u00e7\u00e3o por parafuso<br \/>\nQuantidade de pe\u00e7as: 5<br \/>\nItens inclusos: 1 Fechadura Externa<br \/>\n1 Roseta<br \/>\n1 ma\u00e7aneta<br \/>\n1 testa<br \/>\n1 contra testa<br \/>\nDimens\u00f5es do produto (A X L): 19,5 x 2,2cm<br \/>\n<\/span><\/p>\n","protected":false},"featured_media":17473,"template":"","meta":{"_joinchat":[]},"product_brand":[],"product_cat":[141],"product_tag":[],"class_list":{"0":"post-17410","1":"product","2":"type-product","3":"status-publish","4":"has-post-thumbnail","6":"product_cat-marcenaria","8":"first","9":"instock","10":"shipping-taxable","11":"purchasable","12":"product-type-simple"},"_links":{"self":[{"href":"https:\/\/www.multicasa.com.br\/inicio\/wp-json\/wp\/v2\/product\/17410","targetHints":{"allow":["GET"]}}],"collection":[{"href":"https:\/\/www.multicasa.com.br\/inicio\/wp-json\/wp\/v2\/product"}],"about":[{"href":"https:\/\/www.multicasa.com.br\/inicio\/wp-json\/wp\/v2\/types\/product"}],"wp:featuredmedia":[{"embeddable":true,"href":"https:\/\/www.multicasa.com.br\/inicio\/wp-json\/wp\/v2\/media\/17473"}],"wp:attachment":[{"href":"https:\/\/www.multicasa.com.br\/inicio\/wp-json\/wp\/v2\/media?parent=17410"}],"wp:term":[{"taxonomy":"product_brand","embeddable":true,"href":"https:\/\/www.multicasa.com.br\/inicio\/wp-json\/wp\/v2\/product_brand?post=17410"},{"taxonomy":"product_cat","embeddable":true,"href":"https:\/\/www.multicasa.com.br\/inicio\/wp-json\/wp\/v2\/product_cat?post=17410"},{"taxonomy":"product_tag","embeddable":true,"href":"https:\/\/www.multicasa.com.br\/inicio\/wp-json\/wp\/v2\/product_tag?post=17410"}],"curies":[{"name":"wp","href":"https:\/\/api.w.org\/{rel}","templated":true}]}}