{"id":17411,"date":"2025-06-20T19:18:40","date_gmt":"2025-06-20T23:18:40","guid":{"rendered":"https:\/\/www.multicasa.com.br\/inicio\/?post_type=product&#038;p=17411"},"modified":"2025-06-20T19:19:34","modified_gmt":"2025-06-20T23:19:34","slug":"cesto-organizador-com-tampa-de-plastico-branco-paramount-19x14cm","status":"publish","type":"product","link":"https:\/\/www.multicasa.com.br\/inicio\/produto\/cesto-organizador-com-tampa-de-plastico-branco-paramount-19x14cm\/","title":{"rendered":"Cesto Organizador com Tampa de Pl\u00e1stico Branco Paramount 19x14cm"},"content":{"rendered":"<p>Que tal organizar produtos de higiene, maquiagem e roupas \u00edntimas de um jeito moderno e pr\u00e1tico? O Cesto Organizador com Tampa de Pl\u00e1stico da Paramount mede 10x19x14cm e cabe em qualquer espa\u00e7o vago do seu lar. Use do jeito que voc\u00ea quiser para deixar sua cozinha, banheiro ou escrit\u00f3rio mais modernos.<\/p>\n","protected":false},"excerpt":{"rendered":"<h4 style=\"margin: 0px;padding: 0px 0px 16px;font-family: Lato, sans-serif;font-weight: bold;line-height: 3rem;color: var(--dark-grey3);font-size: 22px;font-style: normal;letter-spacing: normal;text-align: start;text-indent: 0px;text-transform: none\">Informa\u00e7\u00f5es t\u00e9cnicas<\/h4>\n<p><span style=\"margin: 0px;padding: 0px;font-weight: 450;font-size: 14px;line-height: 21px;color: var(--dark-grey2);font-family: Lato, sans-serif;font-style: normal;letter-spacing: normal;text-align: start;text-indent: 0px;text-transform: none\">Produto: Caixa Organizadora<br \/>\nMarca: Paramount<br \/>\nMaterial: Pl\u00e1stico<br \/>\nCor: Branco<br \/>\nCaracter\u00edsticas: Possui tampa<br \/>\nUso Indicado: Closet, banheiros, lavanderias, dispensas e entre outros<br \/>\nItens Inclusos: 1 Caixa organizadora<br \/>\nDimens\u00f5es do produto (A x L x P): 10 x 19 x 14cm<br \/>\n<\/span><\/p>\n","protected":false},"featured_media":17474,"template":"","meta":{"_joinchat":[]},"product_brand":[],"product_cat":[63],"product_tag":[],"class_list":{"0":"post-17411","1":"product","2":"type-product","3":"status-publish","4":"has-post-thumbnail","6":"product_cat-utilidades-do-lar","8":"first","9":"outofstock","10":"shipping-taxable","11":"product-type-simple"},"_links":{"self":[{"href":"https:\/\/www.multicasa.com.br\/inicio\/wp-json\/wp\/v2\/product\/17411","targetHints":{"allow":["GET"]}}],"collection":[{"href":"https:\/\/www.multicasa.com.br\/inicio\/wp-json\/wp\/v2\/product"}],"about":[{"href":"https:\/\/www.multicasa.com.br\/inicio\/wp-json\/wp\/v2\/types\/product"}],"wp:featuredmedia":[{"embeddable":true,"href":"https:\/\/www.multicasa.com.br\/inicio\/wp-json\/wp\/v2\/media\/17474"}],"wp:attachment":[{"href":"https:\/\/www.multicasa.com.br\/inicio\/wp-json\/wp\/v2\/media?parent=17411"}],"wp:term":[{"taxonomy":"product_brand","embeddable":true,"href":"https:\/\/www.multicasa.com.br\/inicio\/wp-json\/wp\/v2\/product_brand?post=17411"},{"taxonomy":"product_cat","embeddable":true,"href":"https:\/\/www.multicasa.com.br\/inicio\/wp-json\/wp\/v2\/product_cat?post=17411"},{"taxonomy":"product_tag","embeddable":true,"href":"https:\/\/www.multicasa.com.br\/inicio\/wp-json\/wp\/v2\/product_tag?post=17411"}],"curies":[{"name":"wp","href":"https:\/\/api.w.org\/{rel}","templated":true}]}}