{"id":17429,"date":"2025-06-20T19:19:01","date_gmt":"2025-06-20T23:19:01","guid":{"rendered":"https:\/\/www.multicasa.com.br\/inicio\/?post_type=product&#038;p=17429"},"modified":"2025-08-18T01:14:16","modified_gmt":"2025-08-18T05:14:16","slug":"broca-de-aco-rapido-tramontina-3-16","status":"publish","type":"product","link":"https:\/\/www.multicasa.com.br\/inicio\/produto\/broca-de-aco-rapido-tramontina-3-16\/","title":{"rendered":"Broca de A\u00e7o R\u00e1pido Tramontina 3\/16&#8243;"},"content":{"rendered":"<p>A Broca de A\u00e7o R\u00e1pido da Tramontina de 3\/16 polegadas \u00e9 essencial para voc\u00ea que gosta de fazer os pr\u00f3prios reparos em casa. Essa broca \u00e9 perfeita para utilizar enquanto endura quadros ou prateleiras. Tenha em m\u00e3os as melhores pe\u00e7as com a qualidade Tramontina e complete sua caixa de ferramentas.<\/p>\n","protected":false},"excerpt":{"rendered":"<h4 style=\"margin: 0px;padding: 0px 0px 16px;font-family: Lato, sans-serif;font-weight: bold;line-height: 3rem;color: var(--dark-grey3);font-size: 22px;font-style: normal;letter-spacing: normal;text-align: start;text-indent: 0px;text-transform: none\">Informa\u00e7\u00f5es t\u00e9cnicas<\/h4>\n<p><span style=\"margin: 0px;padding: 0px;font-weight: 450;font-size: 14px;line-height: 21px;color: var(--dark-grey2);font-family: Lato, sans-serif;font-style: normal;letter-spacing: normal;text-align: start;text-indent: 0px;text-transform: none\">Produto: Broca para A\u00e7o<br \/>\nMarca: Tramontina<br \/>\nMaterial: A\u00e7o r\u00e1pido HSS                                                                                                                                                    Caracter\u00edsticas: corpo polido e envernizado, t\u00eampera total no corpo, \u00e2ngulo de afia\u00e7\u00e3o da ponta de 118\u00b0<br \/>\nItens Inclusos: 1 Broca<br \/>\nDimens\u00f5es do produto em polegadas: 3\/16&#8243;<br \/>\nDimens\u00f5es do produto (A x L ): 86 x 4,76mm                                                                                                                      Peso: 0,02kg<\/span><\/p>\n","protected":false},"featured_media":17477,"template":"","meta":{"_joinchat":[]},"product_brand":[],"product_cat":[152],"product_tag":[],"class_list":{"0":"post-17429","1":"product","2":"type-product","3":"status-publish","4":"has-post-thumbnail","6":"product_cat-ferramentas-eletricas","8":"first","9":"outofstock","10":"shipping-taxable","11":"purchasable","12":"product-type-simple"},"_links":{"self":[{"href":"https:\/\/www.multicasa.com.br\/inicio\/wp-json\/wp\/v2\/product\/17429","targetHints":{"allow":["GET"]}}],"collection":[{"href":"https:\/\/www.multicasa.com.br\/inicio\/wp-json\/wp\/v2\/product"}],"about":[{"href":"https:\/\/www.multicasa.com.br\/inicio\/wp-json\/wp\/v2\/types\/product"}],"wp:featuredmedia":[{"embeddable":true,"href":"https:\/\/www.multicasa.com.br\/inicio\/wp-json\/wp\/v2\/media\/17477"}],"wp:attachment":[{"href":"https:\/\/www.multicasa.com.br\/inicio\/wp-json\/wp\/v2\/media?parent=17429"}],"wp:term":[{"taxonomy":"product_brand","embeddable":true,"href":"https:\/\/www.multicasa.com.br\/inicio\/wp-json\/wp\/v2\/product_brand?post=17429"},{"taxonomy":"product_cat","embeddable":true,"href":"https:\/\/www.multicasa.com.br\/inicio\/wp-json\/wp\/v2\/product_cat?post=17429"},{"taxonomy":"product_tag","embeddable":true,"href":"https:\/\/www.multicasa.com.br\/inicio\/wp-json\/wp\/v2\/product_tag?post=17429"}],"curies":[{"name":"wp","href":"https:\/\/api.w.org\/{rel}","templated":true}]}}