{"id":17430,"date":"2025-06-20T19:19:01","date_gmt":"2025-06-20T23:19:01","guid":{"rendered":"https:\/\/www.multicasa.com.br\/inicio\/?post_type=product&#038;p=17430"},"modified":"2025-12-16T18:43:10","modified_gmt":"2025-12-16T22:43:10","slug":"desentupidor-e-coletor-de-cabelo-para-ralo-bono","status":"publish","type":"product","link":"https:\/\/www.multicasa.com.br\/inicio\/produto\/desentupidor-e-coletor-de-cabelo-para-ralo-bono\/","title":{"rendered":"Desentupidor e Coletor de Cabelo para Ralo Bono"},"content":{"rendered":"<p>Mantenha ralos de pias e tanques sempre desobstru\u00eddos com o Desentupidor e Coletor de Cabelos para Ralo Bono. O cata cabelo \u00e9 feito de pl\u00e1stico e metal e ajuda a manter ralos livres para que entupimentos n\u00e3o ocorram.<\/p>\n","protected":false},"excerpt":{"rendered":"<h4 style=\"margin: 0px;padding: 0px 0px 16px;font-family: Lato, sans-serif;font-weight: bold;line-height: 3rem;color: var(--dark-grey3);font-size: 22px;font-style: normal;letter-spacing: normal;text-align: start;text-indent: 0px;text-transform: none\">Informa\u00e7\u00f5es t\u00e9cnicas<\/h4>\n<p><span style=\"margin: 0px;padding: 0px;font-weight: 450;font-size: 14px;line-height: 21px;color: var(--dark-grey2);font-family: Lato, sans-serif;font-style: normal;letter-spacing: normal;text-align: start;text-indent: 0px;text-transform: none\">Produto: Desentupidor e Coletor de Cabelo<br \/>\nMarca: Bono<br \/>\nMaterial: Pl\u00e1stico<br \/>\nMetal<br \/>\nCor: Branco<br \/>\nCaracter\u00edsticas: Intercepta cabelos<br \/>\nEvita entupimento do ralo<br \/>\nItens Inclusos: 1 Desentupidor e Coletor de Cabelo<br \/>\nDimens\u00f5es do produto (L X P): 15 x 10cm<\/span><\/p>\n","protected":false},"featured_media":17480,"template":"","meta":{"_joinchat":[]},"product_brand":[],"product_cat":[101],"product_tag":[],"class_list":{"0":"post-17430","1":"product","2":"type-product","3":"status-publish","4":"has-post-thumbnail","6":"product_cat-cuidados-pessoais","8":"first","9":"outofstock","10":"shipping-taxable","11":"purchasable","12":"product-type-simple"},"_links":{"self":[{"href":"https:\/\/www.multicasa.com.br\/inicio\/wp-json\/wp\/v2\/product\/17430","targetHints":{"allow":["GET"]}}],"collection":[{"href":"https:\/\/www.multicasa.com.br\/inicio\/wp-json\/wp\/v2\/product"}],"about":[{"href":"https:\/\/www.multicasa.com.br\/inicio\/wp-json\/wp\/v2\/types\/product"}],"wp:featuredmedia":[{"embeddable":true,"href":"https:\/\/www.multicasa.com.br\/inicio\/wp-json\/wp\/v2\/media\/17480"}],"wp:attachment":[{"href":"https:\/\/www.multicasa.com.br\/inicio\/wp-json\/wp\/v2\/media?parent=17430"}],"wp:term":[{"taxonomy":"product_brand","embeddable":true,"href":"https:\/\/www.multicasa.com.br\/inicio\/wp-json\/wp\/v2\/product_brand?post=17430"},{"taxonomy":"product_cat","embeddable":true,"href":"https:\/\/www.multicasa.com.br\/inicio\/wp-json\/wp\/v2\/product_cat?post=17430"},{"taxonomy":"product_tag","embeddable":true,"href":"https:\/\/www.multicasa.com.br\/inicio\/wp-json\/wp\/v2\/product_tag?post=17430"}],"curies":[{"name":"wp","href":"https:\/\/api.w.org\/{rel}","templated":true}]}}