{"id":17432,"date":"2025-06-20T19:19:01","date_gmt":"2025-06-20T23:19:01","guid":{"rendered":"https:\/\/www.multicasa.com.br\/inicio\/?post_type=product&#038;p=17432"},"modified":"2025-08-17T19:02:36","modified_gmt":"2025-08-17T23:02:36","slug":"plugue-2pt-4-saidas-branco-force-line-10a","status":"publish","type":"product","link":"https:\/\/www.multicasa.com.br\/inicio\/produto\/plugue-2pt-4-saidas-branco-force-line-10a\/","title":{"rendered":"Plugue 2P+T 4 Sa\u00eddas Branco Force Line 10A"},"content":{"rendered":"<p>Ligue at\u00e9 4 aparelhos em uma \u00fanica tomada com o plugue 2P+T com 4 sa\u00eddas Force Line. Com corrente m\u00e1xima de 10a e cor branca, precisa de apenas 1 tomada para funcionar como um multiplicador de acessos. Bivolt, trabalha com tens\u00e3o m\u00e1xima de 250v.<\/p>\n","protected":false},"excerpt":{"rendered":"<h4 style=\"margin: 0px;padding: 0px 0px 16px;font-family: Lato, sans-serif;font-weight: bold;line-height: 3rem;color: var(--dark-grey3);font-size: 22px;font-style: normal;letter-spacing: normal;text-align: start;text-indent: 0px;text-transform: none\">Informa\u00e7\u00f5es t\u00e9cnicas<\/h4>\n<p><span style=\"margin: 0px;padding: 0px;font-weight: 450;font-size: 14px;line-height: 21px;color: var(--dark-grey2);font-family: Lato, sans-serif;font-style: normal;letter-spacing: normal;text-align: start;text-indent: 0px;text-transform: none\">Produto: Plugue tomada<br \/>\nMarca: Force Line<br \/>\nMaterial: Pl\u00e1stico isolante<br \/>\nPino em liga de cobre<br \/>\nCor: Branco<br \/>\nTens\u00e3o el\u00e9trica: 110v &#8211; 220v<br \/>\nCaracter\u00edsticas: Para correntes de 10a<br \/>\nResistente a tens\u00f5es de at\u00e9 250v<br \/>\n4 tomadas 2p+t<br \/>\nItens inclusos: 1 Plugue tomada<br \/>\n<\/span><\/p>\n","protected":false},"featured_media":17497,"template":"","meta":{"_joinchat":[]},"product_brand":[],"product_cat":[144],"product_tag":[],"class_list":{"0":"post-17432","1":"product","2":"type-product","3":"status-publish","4":"has-post-thumbnail","6":"product_cat-tomadas-e-cia","8":"first","9":"outofstock","10":"shipping-taxable","11":"purchasable","12":"product-type-simple"},"_links":{"self":[{"href":"https:\/\/www.multicasa.com.br\/inicio\/wp-json\/wp\/v2\/product\/17432","targetHints":{"allow":["GET"]}}],"collection":[{"href":"https:\/\/www.multicasa.com.br\/inicio\/wp-json\/wp\/v2\/product"}],"about":[{"href":"https:\/\/www.multicasa.com.br\/inicio\/wp-json\/wp\/v2\/types\/product"}],"wp:featuredmedia":[{"embeddable":true,"href":"https:\/\/www.multicasa.com.br\/inicio\/wp-json\/wp\/v2\/media\/17497"}],"wp:attachment":[{"href":"https:\/\/www.multicasa.com.br\/inicio\/wp-json\/wp\/v2\/media?parent=17432"}],"wp:term":[{"taxonomy":"product_brand","embeddable":true,"href":"https:\/\/www.multicasa.com.br\/inicio\/wp-json\/wp\/v2\/product_brand?post=17432"},{"taxonomy":"product_cat","embeddable":true,"href":"https:\/\/www.multicasa.com.br\/inicio\/wp-json\/wp\/v2\/product_cat?post=17432"},{"taxonomy":"product_tag","embeddable":true,"href":"https:\/\/www.multicasa.com.br\/inicio\/wp-json\/wp\/v2\/product_tag?post=17432"}],"curies":[{"name":"wp","href":"https:\/\/api.w.org\/{rel}","templated":true}]}}