{"id":17437,"date":"2025-06-20T19:19:02","date_gmt":"2025-06-20T23:19:02","guid":{"rendered":"https:\/\/www.multicasa.com.br\/inicio\/?post_type=product&#038;p=17437"},"modified":"2025-06-20T19:20:10","modified_gmt":"2025-06-20T23:20:10","slug":"carregador-portatil-power-bank-2-saidas-usb-preto-i2go-1500mah","status":"publish","type":"product","link":"https:\/\/www.multicasa.com.br\/inicio\/produto\/carregador-portatil-power-bank-2-saidas-usb-preto-i2go-1500mah\/","title":{"rendered":"Carregador Port\u00e1til Power Bank 2 Sa\u00eddas USB Preto I2GO 1500mAh"},"content":{"rendered":"<p>Com o carregador Port\u00e1til Power Bank Preto I2GO 1500mAh, voc\u00ea pode chegar at\u00e9 2 cargas completas no seu smartphone e dispositivos de at\u00e9 1800mah. Tem pot\u00eancia de carregamento de 2.1a e pode carregar at\u00e9 2 dispositivos. Possui tecnologia smart charge com 2 sa\u00eddas usb inteligentes que detectam automaticamente o dispositivo conectado e otimizam a energia adequada para um r\u00e1pido carregamento. \u00c9 compat\u00edvel com games, smartwatch, caixas de som bluetooth, fones bluetooth e outros dispositivos.<br \/>\nLeve sua bateria para te acompanhar no trabalho, em shows, viagens e onde mais voc\u00ea precisar, com muito estilo e qualidade.<\/p>\n","protected":false},"excerpt":{"rendered":"<h4 style=\"margin: 0px;padding: 0px 0px 16px;font-family: Lato, sans-serif;font-weight: bold;line-height: 3rem;color: var(--dark-grey3);font-size: 22px;font-style: normal;letter-spacing: normal;text-align: start;text-indent: 0px;text-transform: none\">Informa\u00e7\u00f5es t\u00e9cnicas<\/h4>\n<p><span style=\"margin: 0px;padding: 0px;font-weight: 450;font-size: 14px;line-height: 21px;color: var(--dark-grey2);font-family: Lato, sans-serif;font-style: normal;letter-spacing: normal;text-align: start;text-indent: 0px;text-transform: none\">Produto: Carregador port\u00e1til<br \/>\nMarca: I2GO<br \/>\nMaterial: Abs resistente<br \/>\nCor: Preto<br \/>\nTens\u00e3o el\u00e9trica: Bivolt<br \/>\nAmperagem: 5000 mah<br \/>\nCaracter\u00edsticas: 2 sa\u00eddas USB 5v 2a<br \/>\nEntrada micro usb 5v 2a<br \/>\nPossui tecnologia smart charge<br \/>\nBateria premium tipo a<br \/>\nItens Inclusos: 1 Carregador port\u00e1til<br \/>\nDimens\u00f5es do produto (A X L): 15 x 8cm<br \/>\n<\/span><\/p>\n","protected":false},"featured_media":17510,"template":"","meta":{"_joinchat":[]},"product_brand":[],"product_cat":[63],"product_tag":[],"class_list":{"0":"post-17437","1":"product","2":"type-product","3":"status-publish","4":"has-post-thumbnail","6":"product_cat-utilidades-do-lar","8":"first","9":"outofstock","10":"shipping-taxable","11":"product-type-simple"},"_links":{"self":[{"href":"https:\/\/www.multicasa.com.br\/inicio\/wp-json\/wp\/v2\/product\/17437","targetHints":{"allow":["GET"]}}],"collection":[{"href":"https:\/\/www.multicasa.com.br\/inicio\/wp-json\/wp\/v2\/product"}],"about":[{"href":"https:\/\/www.multicasa.com.br\/inicio\/wp-json\/wp\/v2\/types\/product"}],"wp:featuredmedia":[{"embeddable":true,"href":"https:\/\/www.multicasa.com.br\/inicio\/wp-json\/wp\/v2\/media\/17510"}],"wp:attachment":[{"href":"https:\/\/www.multicasa.com.br\/inicio\/wp-json\/wp\/v2\/media?parent=17437"}],"wp:term":[{"taxonomy":"product_brand","embeddable":true,"href":"https:\/\/www.multicasa.com.br\/inicio\/wp-json\/wp\/v2\/product_brand?post=17437"},{"taxonomy":"product_cat","embeddable":true,"href":"https:\/\/www.multicasa.com.br\/inicio\/wp-json\/wp\/v2\/product_cat?post=17437"},{"taxonomy":"product_tag","embeddable":true,"href":"https:\/\/www.multicasa.com.br\/inicio\/wp-json\/wp\/v2\/product_tag?post=17437"}],"curies":[{"name":"wp","href":"https:\/\/api.w.org\/{rel}","templated":true}]}}