{"id":17459,"date":"2025-06-20T19:19:24","date_gmt":"2025-06-20T23:19:24","guid":{"rendered":"https:\/\/www.multicasa.com.br\/inicio\/?post_type=product&#038;p=17459"},"modified":"2025-06-20T19:20:19","modified_gmt":"2025-06-20T23:20:19","slug":"luva-multitato-de-poliamida-preta-fixtil","status":"publish","type":"product","link":"https:\/\/www.multicasa.com.br\/inicio\/produto\/luva-multitato-de-poliamida-preta-fixtil\/","title":{"rendered":"Luva Multitato de Poliamida Preta Fixtil"},"content":{"rendered":"<p>A Luva Multitato de Poliamida Preta Fixtil pode ser usado tanto em uso dom\u00e9stico quanto profissional, sendo um equipamento de prote\u00e7\u00e3o individual de alto desempenho para manuseio de pe\u00e7as envolvidas com \u00f3leo, graxa, em oficinas de manuten\u00e7\u00e3o em geral, manuseio de ferramentas e servi\u00e7os de carga e descarga.<\/p>\n","protected":false},"excerpt":{"rendered":"<h4 style=\"margin: 0px;padding: 0px 0px 16px;font-family: Lato, sans-serif;font-weight: bold;line-height: 3rem;color: var(--dark-grey3);font-size: 22px;font-style: normal;letter-spacing: normal;text-align: start;text-indent: 0px;text-transform: none\">Informa\u00e7\u00f5es t\u00e9cnicas<\/h4>\n<p><span style=\"margin: 0px;padding: 0px;font-weight: 450;font-size: 14px;line-height: 21px;color: var(--dark-grey2);font-family: Lato, sans-serif;font-style: normal;letter-spacing: normal;text-align: start;text-indent: 0px;text-transform: none\">Produto: Luva Multiuso<br \/>\nMarca: Fixtil<br \/>\nMaterial: Poliamida e poliuretano<br \/>\nCor: Preta<br \/>\nCaracter\u00edsticas: tamanho 9&#8243;<br \/>\nItens Inclusos: 1 par de luvas<br \/>\nDimens\u00f5es do produto (A X L X P): 0,16 x 0,28 x 0,05cm<br \/>\nPeso: 0,08kg<\/span><\/p>\n","protected":false},"featured_media":17524,"template":"","meta":{"_joinchat":[]},"product_brand":[],"product_cat":[133],"product_tag":[],"class_list":{"0":"post-17459","1":"product","2":"type-product","3":"status-publish","4":"has-post-thumbnail","6":"product_cat-epis","8":"first","9":"outofstock","10":"shipping-taxable","11":"product-type-simple"},"_links":{"self":[{"href":"https:\/\/www.multicasa.com.br\/inicio\/wp-json\/wp\/v2\/product\/17459","targetHints":{"allow":["GET"]}}],"collection":[{"href":"https:\/\/www.multicasa.com.br\/inicio\/wp-json\/wp\/v2\/product"}],"about":[{"href":"https:\/\/www.multicasa.com.br\/inicio\/wp-json\/wp\/v2\/types\/product"}],"wp:featuredmedia":[{"embeddable":true,"href":"https:\/\/www.multicasa.com.br\/inicio\/wp-json\/wp\/v2\/media\/17524"}],"wp:attachment":[{"href":"https:\/\/www.multicasa.com.br\/inicio\/wp-json\/wp\/v2\/media?parent=17459"}],"wp:term":[{"taxonomy":"product_brand","embeddable":true,"href":"https:\/\/www.multicasa.com.br\/inicio\/wp-json\/wp\/v2\/product_brand?post=17459"},{"taxonomy":"product_cat","embeddable":true,"href":"https:\/\/www.multicasa.com.br\/inicio\/wp-json\/wp\/v2\/product_cat?post=17459"},{"taxonomy":"product_tag","embeddable":true,"href":"https:\/\/www.multicasa.com.br\/inicio\/wp-json\/wp\/v2\/product_tag?post=17459"}],"curies":[{"name":"wp","href":"https:\/\/api.w.org\/{rel}","templated":true}]}}