{"id":17461,"date":"2025-06-20T19:19:25","date_gmt":"2025-06-20T23:19:25","guid":{"rendered":"https:\/\/www.multicasa.com.br\/inicio\/?post_type=product&#038;p=17461"},"modified":"2025-06-20T19:20:21","modified_gmt":"2025-06-20T23:20:21","slug":"oculos-de-protecao-incolor-fixtil","status":"publish","type":"product","link":"https:\/\/www.multicasa.com.br\/inicio\/produto\/oculos-de-protecao-incolor-fixtil\/","title":{"rendered":"\u00d3culos de Prote\u00e7\u00e3o Incolor Fixtil"},"content":{"rendered":"<p>Os \u00d3culos de Prote\u00e7\u00e3o Incolor Rio de Janeiro da Fixtil possui lentes grandes antiemba\u00e7antes e vem com as laterais cobertas que ti d\u00e1 mais seguran\u00e7a e visibilidade. \u00c9 um \u00f3timo acess\u00f3rio de seguran\u00e7a para seu trabalho, produzido em policarbonato com suas hastes de pl\u00e1stico de alta resist\u00eancia.<\/p>\n","protected":false},"excerpt":{"rendered":"<h4 style=\"margin: 0px;padding: 0px 0px 16px;font-family: Lato, sans-serif;font-weight: bold;line-height: 3rem;color: var(--dark-grey3);font-size: 22px;font-style: normal;letter-spacing: normal;text-align: start;text-indent: 0px;text-transform: none\">Informa\u00e7\u00f5es t\u00e9cnicas<\/h4>\n<p><span style=\"margin: 0px;padding: 0px;font-weight: 450;font-size: 14px;line-height: 21px;color: var(--dark-grey2);font-family: Lato, sans-serif;font-style: normal;letter-spacing: normal;text-align: start;text-indent: 0px;text-transform: none\">Produto: \u00d3culos para prote\u00e7\u00e3o<br \/>\nMarca: Fixtil<br \/>\nMaterial: Policarbonato e hastes pl\u00e1sticas<br \/>\nCor: Incolor e preto<br \/>\nCaracter\u00edsticas: lentes grandes antiemba\u00e7antes<br \/>\nItens Inclusos: 1 \u00d3culos para prote\u00e7\u00e3o<br \/>\nDimens\u00f5es (A x L x P): 20 x 10 x 7cm<br \/>\nPeso: 0,045<\/span><\/p>\n","protected":false},"featured_media":17526,"template":"","meta":{"_joinchat":[]},"product_brand":[],"product_cat":[133],"product_tag":[],"class_list":{"0":"post-17461","1":"product","2":"type-product","3":"status-publish","4":"has-post-thumbnail","6":"product_cat-epis","8":"first","9":"outofstock","10":"shipping-taxable","11":"product-type-simple"},"_links":{"self":[{"href":"https:\/\/www.multicasa.com.br\/inicio\/wp-json\/wp\/v2\/product\/17461","targetHints":{"allow":["GET"]}}],"collection":[{"href":"https:\/\/www.multicasa.com.br\/inicio\/wp-json\/wp\/v2\/product"}],"about":[{"href":"https:\/\/www.multicasa.com.br\/inicio\/wp-json\/wp\/v2\/types\/product"}],"wp:featuredmedia":[{"embeddable":true,"href":"https:\/\/www.multicasa.com.br\/inicio\/wp-json\/wp\/v2\/media\/17526"}],"wp:attachment":[{"href":"https:\/\/www.multicasa.com.br\/inicio\/wp-json\/wp\/v2\/media?parent=17461"}],"wp:term":[{"taxonomy":"product_brand","embeddable":true,"href":"https:\/\/www.multicasa.com.br\/inicio\/wp-json\/wp\/v2\/product_brand?post=17461"},{"taxonomy":"product_cat","embeddable":true,"href":"https:\/\/www.multicasa.com.br\/inicio\/wp-json\/wp\/v2\/product_cat?post=17461"},{"taxonomy":"product_tag","embeddable":true,"href":"https:\/\/www.multicasa.com.br\/inicio\/wp-json\/wp\/v2\/product_tag?post=17461"}],"curies":[{"name":"wp","href":"https:\/\/api.w.org\/{rel}","templated":true}]}}