{"id":17463,"date":"2025-06-20T19:19:25","date_gmt":"2025-06-20T23:19:25","guid":{"rendered":"https:\/\/www.multicasa.com.br\/inicio\/?post_type=product&#038;p=17463"},"modified":"2025-08-16T15:02:44","modified_gmt":"2025-08-16T19:02:44","slug":"mascara-para-lixamentos-e-poeira-fixtil","status":"publish","type":"product","link":"https:\/\/www.multicasa.com.br\/inicio\/produto\/mascara-para-lixamentos-e-poeira-fixtil\/","title":{"rendered":"M\u00e1scara para Lixamentos e Poeira Fixtil"},"content":{"rendered":"<p>A M\u00e1scara para Lixamentos e Poeira Fixtil \u00e9 ideal para lixamentos em geral e poeiras t\u00f3xicas e incomodas. Com dupla a\u00e7\u00e3o de filtra\u00e7\u00e3o de ar por reten\u00e7\u00e3o mec\u00e2nica e reten\u00e7\u00e3o por eletrost\u00e1tica. O respirador PFF2 \u00e9 de alta efici\u00eancia com resist\u00eancia respirat\u00f3ria extremamente baixa.<\/p>\n","protected":false},"excerpt":{"rendered":"<h4 style=\"margin: 0px;padding: 0px 0px 16px;font-family: Lato, sans-serif;font-weight: bold;line-height: 3rem;color: var(--dark-grey3);font-size: 22px;font-style: normal;letter-spacing: normal;text-align: start;text-indent: 0px;text-transform: none\">Informa\u00e7\u00f5es t\u00e9cnicas<\/h4>\n<p><span style=\"margin: 0px;padding: 0px;font-weight: 450;font-size: 14px;line-height: 21px;color: var(--dark-grey2);font-family: Lato, sans-serif;font-style: normal;letter-spacing: normal;text-align: start;text-indent: 0px;text-transform: none\">Produto: M\u00e1scara para lixamento<br \/>\nMarca: Fixtil                                                                                                                                                                      Material: Poli\u00e9ster e TNT<br \/>\nModelo: PFF2 (N95)<br \/>\nCaracter\u00edsticas: sem v\u00e1lvula,<br \/>\nItens Inclusos: 1 m\u00e1scara para lixamento<br \/>\nDimens\u00f5es (A X L X P): 20 x 15 x 1cm<br \/>\nPeso: 0,021kg<\/span><\/p>\n","protected":false},"featured_media":17528,"template":"","meta":{"_joinchat":[]},"product_brand":[],"product_cat":[133],"product_tag":[],"class_list":{"0":"post-17463","1":"product","2":"type-product","3":"status-publish","4":"has-post-thumbnail","6":"product_cat-epis","8":"first","9":"outofstock","10":"shipping-taxable","11":"product-type-simple"},"_links":{"self":[{"href":"https:\/\/www.multicasa.com.br\/inicio\/wp-json\/wp\/v2\/product\/17463","targetHints":{"allow":["GET"]}}],"collection":[{"href":"https:\/\/www.multicasa.com.br\/inicio\/wp-json\/wp\/v2\/product"}],"about":[{"href":"https:\/\/www.multicasa.com.br\/inicio\/wp-json\/wp\/v2\/types\/product"}],"wp:featuredmedia":[{"embeddable":true,"href":"https:\/\/www.multicasa.com.br\/inicio\/wp-json\/wp\/v2\/media\/17528"}],"wp:attachment":[{"href":"https:\/\/www.multicasa.com.br\/inicio\/wp-json\/wp\/v2\/media?parent=17463"}],"wp:term":[{"taxonomy":"product_brand","embeddable":true,"href":"https:\/\/www.multicasa.com.br\/inicio\/wp-json\/wp\/v2\/product_brand?post=17463"},{"taxonomy":"product_cat","embeddable":true,"href":"https:\/\/www.multicasa.com.br\/inicio\/wp-json\/wp\/v2\/product_cat?post=17463"},{"taxonomy":"product_tag","embeddable":true,"href":"https:\/\/www.multicasa.com.br\/inicio\/wp-json\/wp\/v2\/product_tag?post=17463"}],"curies":[{"name":"wp","href":"https:\/\/api.w.org\/{rel}","templated":true}]}}