{"id":17465,"date":"2025-06-20T19:19:25","date_gmt":"2025-06-20T23:19:25","guid":{"rendered":"https:\/\/www.multicasa.com.br\/inicio\/?post_type=product&#038;p=17465"},"modified":"2025-06-20T19:20:29","modified_gmt":"2025-06-20T23:20:29","slug":"suporte-ergonomico-para-notebook-uptable-preto-octoo","status":"publish","type":"product","link":"https:\/\/www.multicasa.com.br\/inicio\/produto\/suporte-ergonomico-para-notebook-uptable-preto-octoo\/","title":{"rendered":"Suporte Ergon\u00f4mico para Notebook Uptable Preto Octoo"},"content":{"rendered":"<p>O Suporte Ergon\u00f4mico para Notebook Uptable Preto Octoo \u00e9 um suporte ergon\u00f4mico que eleva a tela do notebook na altura dos olhos melhorando a sua postura. Mais conforto, ergonomia e menos dores musculares. Super leve, \u00e9 s\u00f3 dobrar e levar sempre junto com o seu notebook. Ideal para trabalhar em caf\u00e9s, coworkings, escrit\u00f3rios e home offices. Pode ser usado para notebooks e tablets. Feito em a\u00e7o cromado, com acabamentos em pl\u00e1stico nos pontos de contato com o notebook. Sistema de inclina\u00e7\u00e3o e deslizamento feito por um pol\u00edmero auto lubrificante.<\/p>\n","protected":false},"excerpt":{"rendered":"<h4 style=\"margin: 0px;padding: 0px 0px 16px;font-family: Lato, sans-serif;font-weight: bold;line-height: 3rem;color: var(--dark-grey3);font-size: 22px;font-style: normal;letter-spacing: normal;text-align: start;text-indent: 0px;text-transform: none\">Informa\u00e7\u00f5es t\u00e9cnicas<\/h4>\n<p><span style=\"margin: 0px;padding: 0px;font-weight: 450;font-size: 14px;line-height: 21px;color: var(--dark-grey2);font-family: Lato, sans-serif;font-style: normal;letter-spacing: normal;text-align: start;text-indent: 0px;text-transform: none\">Produto: Suporte para notebook<br \/>\nMarca: Octoo<br \/>\nMaterial: A\u00e7o cromado<br \/>\nCor: Preto<br \/>\nCaracter\u00edsticas: Serve para qualquer tamanho de notebook evita superaquecimento, adapta facilmente na pasta ou mochila, altura regul\u00e1vel, ergon\u00f4mico<br \/>\nItens Inclusos: 1 suporte para notebook<br \/>\nDimens\u00f5es do produto (A x L x P): 26 x 16 x 2,5cm<br \/>\nPeso: 0,290kg<\/span><\/p>\n","protected":false},"featured_media":17530,"template":"","meta":{"_joinchat":[]},"product_brand":[],"product_cat":[130],"product_tag":[],"class_list":{"0":"post-17465","1":"product","2":"type-product","3":"status-publish","4":"has-post-thumbnail","6":"product_cat-informatica","8":"first","9":"outofstock","10":"shipping-taxable","11":"product-type-simple"},"_links":{"self":[{"href":"https:\/\/www.multicasa.com.br\/inicio\/wp-json\/wp\/v2\/product\/17465","targetHints":{"allow":["GET"]}}],"collection":[{"href":"https:\/\/www.multicasa.com.br\/inicio\/wp-json\/wp\/v2\/product"}],"about":[{"href":"https:\/\/www.multicasa.com.br\/inicio\/wp-json\/wp\/v2\/types\/product"}],"wp:featuredmedia":[{"embeddable":true,"href":"https:\/\/www.multicasa.com.br\/inicio\/wp-json\/wp\/v2\/media\/17530"}],"wp:attachment":[{"href":"https:\/\/www.multicasa.com.br\/inicio\/wp-json\/wp\/v2\/media?parent=17465"}],"wp:term":[{"taxonomy":"product_brand","embeddable":true,"href":"https:\/\/www.multicasa.com.br\/inicio\/wp-json\/wp\/v2\/product_brand?post=17465"},{"taxonomy":"product_cat","embeddable":true,"href":"https:\/\/www.multicasa.com.br\/inicio\/wp-json\/wp\/v2\/product_cat?post=17465"},{"taxonomy":"product_tag","embeddable":true,"href":"https:\/\/www.multicasa.com.br\/inicio\/wp-json\/wp\/v2\/product_tag?post=17465"}],"curies":[{"name":"wp","href":"https:\/\/api.w.org\/{rel}","templated":true}]}}