{"id":17466,"date":"2025-06-20T19:19:25","date_gmt":"2025-06-20T23:19:25","guid":{"rendered":"https:\/\/www.multicasa.com.br\/inicio\/?post_type=product&#038;p=17466"},"modified":"2025-06-20T19:20:31","modified_gmt":"2025-06-20T23:20:31","slug":"grampeador-alicate-de-metal-24-6-26-6-ate-20-folhas-kaz","status":"publish","type":"product","link":"https:\/\/www.multicasa.com.br\/inicio\/produto\/grampeador-alicate-de-metal-24-6-26-6-ate-20-folhas-kaz\/","title":{"rendered":"Grampeador Alicate de Metal 24\/6 &#8211; 26\/6 at\u00e9 20 folhas Kaz"},"content":{"rendered":"<p>O Grampeador Alicate da Kaz \u00e9 feito de metal com pintura eletrost\u00e1tica, medindo 11cm. Vem na cor preto, grampeia at\u00e9 20 folhas e utiliza grampos de 24\/6 e 26\/6. <\/p>\n","protected":false},"excerpt":{"rendered":"<h4 style=\"margin: 0px;padding: 0px 0px 16px;font-family: Lato, sans-serif;font-weight: bold;line-height: 3rem;color: var(--dark-grey3);font-size: 22px;font-style: normal;letter-spacing: normal;text-align: start;text-indent: 0px;text-transform: none\">Informa\u00e7\u00f5es t\u00e9cnicas<\/h4>\n<p><span style=\"margin: 0px;padding: 0px;font-weight: 450;font-size: 14px;line-height: 21px;color: var(--dark-grey2);font-family: Lato, sans-serif;font-style: normal;letter-spacing: normal;text-align: start;text-indent: 0px;text-transform: none\">Produto: Grampeador Alicate<br \/>\nMarca: Kaz<br \/>\nMaterial: Metal e pintura eletrost\u00e1tica<br \/>\nCor: Preto<br \/>\nCapacidade: Para 20 folhas<br \/>\nCaracter\u00edsticas: Utiliza grampos 24\/6 e 26\/6                                                                                                                        Itens Inclusos: 1 grampeador<br \/>\nDimens\u00f5es do produto (C): 11cm                                                                                                                                       Peso: 10g<\/span><\/p>\n","protected":false},"featured_media":17533,"template":"","meta":{"_joinchat":[]},"product_brand":[],"product_cat":[97],"product_tag":[],"class_list":{"0":"post-17466","1":"product","2":"type-product","3":"status-publish","4":"has-post-thumbnail","6":"product_cat-papelaria","8":"first","9":"outofstock","10":"shipping-taxable","11":"product-type-simple"},"_links":{"self":[{"href":"https:\/\/www.multicasa.com.br\/inicio\/wp-json\/wp\/v2\/product\/17466","targetHints":{"allow":["GET"]}}],"collection":[{"href":"https:\/\/www.multicasa.com.br\/inicio\/wp-json\/wp\/v2\/product"}],"about":[{"href":"https:\/\/www.multicasa.com.br\/inicio\/wp-json\/wp\/v2\/types\/product"}],"wp:featuredmedia":[{"embeddable":true,"href":"https:\/\/www.multicasa.com.br\/inicio\/wp-json\/wp\/v2\/media\/17533"}],"wp:attachment":[{"href":"https:\/\/www.multicasa.com.br\/inicio\/wp-json\/wp\/v2\/media?parent=17466"}],"wp:term":[{"taxonomy":"product_brand","embeddable":true,"href":"https:\/\/www.multicasa.com.br\/inicio\/wp-json\/wp\/v2\/product_brand?post=17466"},{"taxonomy":"product_cat","embeddable":true,"href":"https:\/\/www.multicasa.com.br\/inicio\/wp-json\/wp\/v2\/product_cat?post=17466"},{"taxonomy":"product_tag","embeddable":true,"href":"https:\/\/www.multicasa.com.br\/inicio\/wp-json\/wp\/v2\/product_tag?post=17466"}],"curies":[{"name":"wp","href":"https:\/\/api.w.org\/{rel}","templated":true}]}}