{"id":17467,"date":"2025-06-20T19:19:25","date_gmt":"2025-06-20T23:19:25","guid":{"rendered":"https:\/\/www.multicasa.com.br\/inicio\/?post_type=product&#038;p=17467"},"modified":"2026-04-16T17:50:09","modified_gmt":"2026-04-16T21:50:09","slug":"limpa-maquina-esfrebom-bettanin-80g","status":"publish","type":"product","link":"https:\/\/www.multicasa.com.br\/inicio\/produto\/limpa-maquina-esfrebom-bettanin-80g\/","title":{"rendered":"Limpa M\u00e1quina Esfrebom Bettanin 80g"},"content":{"rendered":"<p>O Limpa M\u00e1quina da linha Esfrebom Bettanin de 80 gramas \u00e9 indicado para a limpeza interna da m\u00e1quina. Sem cloro e com a\u00e7\u00e3o imediata, remove todos os res\u00edduos e elimina os maus odores. Se sua m\u00e1quina estiver com odor ou res\u00edduos, use o limpa m\u00e1quina pelo per\u00edodo de tr\u00eas semanas, aplicando uma vez na semana. <\/p>\n","protected":false},"excerpt":{"rendered":"<h4 style=\"margin: 0px;padding: 0px 0px 16px;font-family: Lato, sans-serif;font-weight: bold;line-height: 3rem;color: var(--dark-grey3);font-size: 22px;font-style: normal;letter-spacing: normal;text-align: start;text-indent: 0px;text-transform: none\">Informa\u00e7\u00f5es t\u00e9cnicas<\/h4>\n<p><span style=\"margin: 0px;padding: 0px;font-weight: 450;font-size: 14px;line-height: 21px;color: var(--dark-grey2);font-family: Lato, sans-serif;font-style: normal;letter-spacing: normal;text-align: start;text-indent: 0px;text-transform: none\">Produto: Limpa m\u00e1quina<br \/>\nMarca: Bettanin<br \/>\nUso Indicado: Limpeza de m\u00e1quina de lavar roupa<br \/>\nConte\u00fado: 80g<br \/>\nCaracter\u00edsticas: Sem cloro, combate maus odores<br \/>\nItens inclusos: 1 limpa m\u00e1quina<br \/>\nDimens\u00f5es do produto (A x L x P): 12 x 10 x 11cm<br \/>\nPeso: 0,10kg<\/span><\/p>\n","protected":false},"featured_media":17535,"template":"","meta":{"_joinchat":[]},"product_brand":[],"product_cat":[96],"product_tag":[],"class_list":{"0":"post-17467","1":"product","2":"type-product","3":"status-publish","4":"has-post-thumbnail","6":"product_cat-limpeza-e-cia","8":"first","9":"instock","10":"shipping-taxable","11":"purchasable","12":"product-type-simple"},"_links":{"self":[{"href":"https:\/\/www.multicasa.com.br\/inicio\/wp-json\/wp\/v2\/product\/17467","targetHints":{"allow":["GET"]}}],"collection":[{"href":"https:\/\/www.multicasa.com.br\/inicio\/wp-json\/wp\/v2\/product"}],"about":[{"href":"https:\/\/www.multicasa.com.br\/inicio\/wp-json\/wp\/v2\/types\/product"}],"wp:featuredmedia":[{"embeddable":true,"href":"https:\/\/www.multicasa.com.br\/inicio\/wp-json\/wp\/v2\/media\/17535"}],"wp:attachment":[{"href":"https:\/\/www.multicasa.com.br\/inicio\/wp-json\/wp\/v2\/media?parent=17467"}],"wp:term":[{"taxonomy":"product_brand","embeddable":true,"href":"https:\/\/www.multicasa.com.br\/inicio\/wp-json\/wp\/v2\/product_brand?post=17467"},{"taxonomy":"product_cat","embeddable":true,"href":"https:\/\/www.multicasa.com.br\/inicio\/wp-json\/wp\/v2\/product_cat?post=17467"},{"taxonomy":"product_tag","embeddable":true,"href":"https:\/\/www.multicasa.com.br\/inicio\/wp-json\/wp\/v2\/product_tag?post=17467"}],"curies":[{"name":"wp","href":"https:\/\/api.w.org\/{rel}","templated":true}]}}