{"id":17468,"date":"2025-06-20T19:19:26","date_gmt":"2025-06-20T23:19:26","guid":{"rendered":"https:\/\/www.multicasa.com.br\/inicio\/?post_type=product&#038;p=17468"},"modified":"2025-12-16T18:51:03","modified_gmt":"2025-12-16T22:51:03","slug":"refil-de-umidificador-de-ar-portatil-branco-2-unidades-on-eletronicos","status":"publish","type":"product","link":"https:\/\/www.multicasa.com.br\/inicio\/produto\/refil-de-umidificador-de-ar-portatil-branco-2-unidades-on-eletronicos\/","title":{"rendered":"Refil de Umidificador de Ar Port\u00e1til Branco 2 Unidades ON Eletr\u00f4nicos"},"content":{"rendered":"<p>O Refil Filtro do Umidificador de Ar Fresh da ON Eletr\u00f4nicos vem com 2 unidades na cor branca. Deve ser usado junto ao prolongador que possibilita conectar 2 filtros de algod\u00e3o e usar garrafas pet maiores, aumentando o per\u00edodo de funcionamento. Lavar o filtro de algod\u00e3o sempre ap\u00f3s o uso e substitu\u00ed-lo quando for notado altera\u00e7\u00e3o de cor ou odor no mesmo, evitando assim algum mau funcionamento do equipamento.<\/p>\n","protected":false},"excerpt":{"rendered":"<h4 style=\"margin: 0px;padding: 0px 0px 16px;font-family: Lato, sans-serif;font-weight: bold;line-height: 3rem;color: var(--dark-grey3);font-size: 22px;font-style: normal;letter-spacing: normal;text-align: start;text-indent: 0px;text-transform: none\">Informa\u00e7\u00f5es t\u00e9cnicas<\/h4>\n<p><span style=\"margin: 0px;padding: 0px;font-weight: 450;font-size: 14px;line-height: 21px;color: var(--dark-grey2);font-family: Lato, sans-serif;font-style: normal;letter-spacing: normal;text-align: start;text-indent: 0px;text-transform: none\">Produto: Refil umidificador de ar                                                                                                                                        Marca: ON Eletr\u00f4nicos<br \/>\nModelo: Fresh<br \/>\nMaterial: Algod\u00e3o e isopor<br \/>\nCor: Branco<br \/>\nItens inclusos: 2 refis umidificador de ar<br \/>\nDimens\u00f5es do produto (A X L X P): 12 x 1cm<br \/>\nPeso: 0,01kg<\/span><\/p>\n","protected":false},"featured_media":25889,"template":"","meta":{"_joinchat":[]},"product_brand":[],"product_cat":[136],"product_tag":[],"class_list":{"0":"post-17468","1":"product","2":"type-product","3":"status-publish","4":"has-post-thumbnail","6":"product_cat-lazer","8":"first","9":"instock","10":"shipping-taxable","11":"purchasable","12":"product-type-simple"},"_links":{"self":[{"href":"https:\/\/www.multicasa.com.br\/inicio\/wp-json\/wp\/v2\/product\/17468","targetHints":{"allow":["GET"]}}],"collection":[{"href":"https:\/\/www.multicasa.com.br\/inicio\/wp-json\/wp\/v2\/product"}],"about":[{"href":"https:\/\/www.multicasa.com.br\/inicio\/wp-json\/wp\/v2\/types\/product"}],"wp:featuredmedia":[{"embeddable":true,"href":"https:\/\/www.multicasa.com.br\/inicio\/wp-json\/wp\/v2\/media\/25889"}],"wp:attachment":[{"href":"https:\/\/www.multicasa.com.br\/inicio\/wp-json\/wp\/v2\/media?parent=17468"}],"wp:term":[{"taxonomy":"product_brand","embeddable":true,"href":"https:\/\/www.multicasa.com.br\/inicio\/wp-json\/wp\/v2\/product_brand?post=17468"},{"taxonomy":"product_cat","embeddable":true,"href":"https:\/\/www.multicasa.com.br\/inicio\/wp-json\/wp\/v2\/product_cat?post=17468"},{"taxonomy":"product_tag","embeddable":true,"href":"https:\/\/www.multicasa.com.br\/inicio\/wp-json\/wp\/v2\/product_tag?post=17468"}],"curies":[{"name":"wp","href":"https:\/\/api.w.org\/{rel}","templated":true}]}}