{"id":17487,"date":"2025-06-20T19:19:48","date_gmt":"2025-06-20T23:19:48","guid":{"rendered":"https:\/\/www.multicasa.com.br\/inicio\/?post_type=product&#038;p=17487"},"modified":"2025-06-20T19:20:40","modified_gmt":"2025-06-20T23:20:40","slug":"ventilador-de-mesa-turbo-repelente-preto-40cm-vtx-40-8p-rp-mondial-127v","status":"publish","type":"product","link":"https:\/\/www.multicasa.com.br\/inicio\/produto\/ventilador-de-mesa-turbo-repelente-preto-40cm-vtx-40-8p-rp-mondial-127v\/","title":{"rendered":"Ventilador de Mesa Turbo Repelente Preto 40cm VTX-40-8P-RP Mondial 127v"},"content":{"rendered":"<p>Com o Ventilador de Mesa Turbo Repelente Preto 40cm VTX-40-8P-RP Mondial 127v voc\u00ea ter\u00e1 mais vento e menos barulho, proporcionando bem estar para toda sua fam\u00edlia. Com sistema anti mosquitos, permite a inclus\u00e3o de pastilhas repelentes no ventilador. Com alta tecnologia e baixo consumo de energia, suas grades desmont\u00e1veis s\u00e3o f\u00e1ceis de limpar. O ventilador vem com uma incr\u00edvel h\u00e9lice com 8 p\u00e1s, possui fun\u00e7\u00e3o turbo, bot\u00e3o de f\u00e1cil acionamento para movimento oscilante na dire\u00e7\u00e3o horizontal e ajuste de inclina\u00e7\u00e3o.<\/p>\n","protected":false},"excerpt":{"rendered":"<h4 style=\"margin: 0px;padding: 0px 0px 16px;font-family: Lato, sans-serif;font-weight: bold;line-height: 3rem;color: var(--dark-grey3);font-size: 22px;font-style: normal;letter-spacing: normal;text-align: start;text-indent: 0px;text-transform: none\">Informa\u00e7\u00f5es t\u00e9cnicas<\/h4>\n<p><span style=\"margin: 0px;padding: 0px;font-weight: 450;font-size: 14px;line-height: 21px;color: var(--dark-grey2);font-family: Lato, sans-serif;font-style: normal;letter-spacing: normal;text-align: start;text-indent: 0px;text-transform: none\">Produto: Ventilador de mesa<br \/>\nMarca: Mondial                                                                                                                                                                 Modelo: Turbo Repelente Pastilha VTX-40-8P-RP<br \/>\nMaterial: Pl\u00e1stico<br \/>\nCor: Preto<br \/>\nPot\u00eancia: 140w<br \/>\nTens\u00e3o el\u00e9trica: 127v<br \/>\nCaracter\u00edsticas: H\u00e9lice de 40cm com 8 p\u00e1s, 3 velocidades, grande vaz\u00e3o de ar, baixo consumo de energia, oscilante, inclina\u00e7\u00e3o regul\u00e1vel<br \/>\nItens inclusos: 1 Ventilador de mesa                                                                                                                                   Dimens\u00f5es do produto (A x L x P): 67,5 x 35,4 x 49,5cm                                                                                                      Peso: 3,150kg<br \/>\nGarantia: 12 meses<br \/>\nOCP:<\/span><\/p>\n","protected":false},"featured_media":17550,"template":"","meta":{"_joinchat":[]},"product_brand":[],"product_cat":[149],"product_tag":[],"class_list":{"0":"post-17487","1":"product","2":"type-product","3":"status-publish","4":"has-post-thumbnail","6":"product_cat-ventiladores-comerciais","8":"first","9":"outofstock","10":"shipping-taxable","11":"product-type-simple"},"_links":{"self":[{"href":"https:\/\/www.multicasa.com.br\/inicio\/wp-json\/wp\/v2\/product\/17487","targetHints":{"allow":["GET"]}}],"collection":[{"href":"https:\/\/www.multicasa.com.br\/inicio\/wp-json\/wp\/v2\/product"}],"about":[{"href":"https:\/\/www.multicasa.com.br\/inicio\/wp-json\/wp\/v2\/types\/product"}],"wp:featuredmedia":[{"embeddable":true,"href":"https:\/\/www.multicasa.com.br\/inicio\/wp-json\/wp\/v2\/media\/17550"}],"wp:attachment":[{"href":"https:\/\/www.multicasa.com.br\/inicio\/wp-json\/wp\/v2\/media?parent=17487"}],"wp:term":[{"taxonomy":"product_brand","embeddable":true,"href":"https:\/\/www.multicasa.com.br\/inicio\/wp-json\/wp\/v2\/product_brand?post=17487"},{"taxonomy":"product_cat","embeddable":true,"href":"https:\/\/www.multicasa.com.br\/inicio\/wp-json\/wp\/v2\/product_cat?post=17487"},{"taxonomy":"product_tag","embeddable":true,"href":"https:\/\/www.multicasa.com.br\/inicio\/wp-json\/wp\/v2\/product_tag?post=17487"}],"curies":[{"name":"wp","href":"https:\/\/api.w.org\/{rel}","templated":true}]}}