{"id":17488,"date":"2025-06-20T19:19:48","date_gmt":"2025-06-20T23:19:48","guid":{"rendered":"https:\/\/www.multicasa.com.br\/inicio\/?post_type=product&#038;p=17488"},"modified":"2025-06-20T19:20:43","modified_gmt":"2025-06-20T23:20:43","slug":"ventilador-de-mesa-turbo-preto-40cm-vtx-40-8p-mondial-127v","status":"publish","type":"product","link":"https:\/\/www.multicasa.com.br\/inicio\/produto\/ventilador-de-mesa-turbo-preto-40cm-vtx-40-8p-mondial-127v\/","title":{"rendered":"Ventilador de Mesa Turbo Preto 40cm VTX-40-8P Mondial 127v"},"content":{"rendered":"<p>O Ventilador de Mesa Turbo Preto 40cm VTX-40-8P Mondial 127v vem com 8 p\u00e1s, 20% mais vento, 140w de pot\u00eancia, supersilencioso, controle de velocidade, inclina\u00e7\u00e3o vertical regul\u00e1vel direciona o fluxo de ar e sistema oscilante que permite ampla distribui\u00e7\u00e3o do ar pelo ambiente. F\u00e1cil de transportar, com porta-cabo na base e grade desmont\u00e1vel que facilita a limpeza.<\/p>\n","protected":false},"excerpt":{"rendered":"<h4 style=\"margin: 0px;padding: 0px 0px 16px;font-family: Lato, sans-serif;font-weight: bold;line-height: 3rem;color: var(--dark-grey3);font-size: 22px;font-style: normal;letter-spacing: normal;text-align: start;text-indent: 0px;text-transform: none\">Informa\u00e7\u00f5es t\u00e9cnicas<\/h4>\n<p><span style=\"margin: 0px;padding: 0px;font-weight: 450;font-size: 14px;line-height: 21px;color: var(--dark-grey2);font-family: Lato, sans-serif;font-style: normal;letter-spacing: normal;text-align: start;text-indent: 0px;text-transform: none\">Produto: Ventilador de mesa<br \/>\nMarca: Mondial                                                                                                                                                                  Modelo: Turbo VTX-40-8P<br \/>\nMaterial: Pl\u00e1stico<br \/>\nCor: Preto<br \/>\nPot\u00eancia: 140w<br \/>\nTens\u00e3o el\u00e9trica: 127v<br \/>\nCaracter\u00edsticas: H\u00e9lice de 40cm com 8 p\u00e1s, 3 velocidades, grande vaz\u00e3o de ar, baixo consumo de energia, oscilante, inclina\u00e7\u00e3o regul\u00e1vel<br \/>\nItens inclusos: 1 Ventilador de mesa                                                                                                                                   Dimens\u00f5es do produto (A x L x P): 51 x 50 x 31cm                                                                                                              Peso: 3,15kg<br \/>\nGarantia: 12 meses<br \/>\nOCP:<\/span><\/p>\n","protected":false},"featured_media":17553,"template":"","meta":{"_joinchat":[]},"product_brand":[],"product_cat":[149],"product_tag":[],"class_list":{"0":"post-17488","1":"product","2":"type-product","3":"status-publish","4":"has-post-thumbnail","6":"product_cat-ventiladores-comerciais","8":"first","9":"outofstock","10":"shipping-taxable","11":"product-type-simple"},"_links":{"self":[{"href":"https:\/\/www.multicasa.com.br\/inicio\/wp-json\/wp\/v2\/product\/17488","targetHints":{"allow":["GET"]}}],"collection":[{"href":"https:\/\/www.multicasa.com.br\/inicio\/wp-json\/wp\/v2\/product"}],"about":[{"href":"https:\/\/www.multicasa.com.br\/inicio\/wp-json\/wp\/v2\/types\/product"}],"wp:featuredmedia":[{"embeddable":true,"href":"https:\/\/www.multicasa.com.br\/inicio\/wp-json\/wp\/v2\/media\/17553"}],"wp:attachment":[{"href":"https:\/\/www.multicasa.com.br\/inicio\/wp-json\/wp\/v2\/media?parent=17488"}],"wp:term":[{"taxonomy":"product_brand","embeddable":true,"href":"https:\/\/www.multicasa.com.br\/inicio\/wp-json\/wp\/v2\/product_brand?post=17488"},{"taxonomy":"product_cat","embeddable":true,"href":"https:\/\/www.multicasa.com.br\/inicio\/wp-json\/wp\/v2\/product_cat?post=17488"},{"taxonomy":"product_tag","embeddable":true,"href":"https:\/\/www.multicasa.com.br\/inicio\/wp-json\/wp\/v2\/product_tag?post=17488"}],"curies":[{"name":"wp","href":"https:\/\/api.w.org\/{rel}","templated":true}]}}