{"id":17489,"date":"2025-06-20T19:19:48","date_gmt":"2025-06-20T23:19:48","guid":{"rendered":"https:\/\/www.multicasa.com.br\/inicio\/?post_type=product&#038;p=17489"},"modified":"2025-08-18T01:55:07","modified_gmt":"2025-08-18T05:55:07","slug":"esponja-multiuso-scotch-brite-3m-4-unidades","status":"publish","type":"product","link":"https:\/\/www.multicasa.com.br\/inicio\/produto\/esponja-multiuso-scotch-brite-3m-4-unidades\/","title":{"rendered":"Esponja Multiuso Scotch Brite 3M 4 Unidades"},"content":{"rendered":"<p>A Esponja Multiuso da linha Scotch-Brite Limpeza Extrema da 3M com seu sistema de fibras, permite limpeza mais r\u00e1pida at\u00e9 para as sujeiras incrustadas e mais dif\u00edceis. Ideal para limpeza de lou\u00e7as, alum\u00ednio, cer\u00e2micas, grelhas e vidros. Limpeza mais eficiente em menos tempo, dando a voc\u00ea mais tempo livre para fazer o que gosta. Alto poder de limpeza e durabilidade com maciez e conforto para as m\u00e3os.<\/p>\n","protected":false},"excerpt":{"rendered":"<h4 style=\"margin: 0px;padding: 0px 0px 16px;font-family: Lato, sans-serif;font-weight: bold;line-height: 3rem;color: var(--dark-grey3);font-size: 22px;font-style: normal;letter-spacing: normal;text-align: start;text-indent: 0px;text-transform: none\">Informa\u00e7\u00f5es t\u00e9cnicas<\/h4>\n<p><span style=\"margin: 0px;padding: 0px;font-weight: 450;font-size: 14px;line-height: 21px;color: var(--dark-grey2);font-family: Lato, sans-serif;font-style: normal;letter-spacing: normal;text-align: start;text-indent: 0px;text-transform: none\">Produto: Esponja Multiuso<br \/>\nMarca: 3M<br \/>\nMaterial: Espuma, fibra<br \/>\nCaracter\u00edsticas: Dupla face, limpeza profunda + r\u00e1pida<br \/>\nItens Inclusos: 4 Esponja multiuso<br \/>\nDimens\u00f5es do produto (A x L x P): 21 x 14,9 x 2,8cm<br \/>\nPeso: 1,89g<\/span><\/p>\n","protected":false},"featured_media":17556,"template":"","meta":{"_joinchat":[]},"product_brand":[],"product_cat":[96],"product_tag":[],"class_list":{"0":"post-17489","1":"product","2":"type-product","3":"status-publish","4":"has-post-thumbnail","6":"product_cat-limpeza-e-cia","8":"first","9":"instock","10":"shipping-taxable","11":"purchasable","12":"product-type-simple"},"_links":{"self":[{"href":"https:\/\/www.multicasa.com.br\/inicio\/wp-json\/wp\/v2\/product\/17489","targetHints":{"allow":["GET"]}}],"collection":[{"href":"https:\/\/www.multicasa.com.br\/inicio\/wp-json\/wp\/v2\/product"}],"about":[{"href":"https:\/\/www.multicasa.com.br\/inicio\/wp-json\/wp\/v2\/types\/product"}],"wp:featuredmedia":[{"embeddable":true,"href":"https:\/\/www.multicasa.com.br\/inicio\/wp-json\/wp\/v2\/media\/17556"}],"wp:attachment":[{"href":"https:\/\/www.multicasa.com.br\/inicio\/wp-json\/wp\/v2\/media?parent=17489"}],"wp:term":[{"taxonomy":"product_brand","embeddable":true,"href":"https:\/\/www.multicasa.com.br\/inicio\/wp-json\/wp\/v2\/product_brand?post=17489"},{"taxonomy":"product_cat","embeddable":true,"href":"https:\/\/www.multicasa.com.br\/inicio\/wp-json\/wp\/v2\/product_cat?post=17489"},{"taxonomy":"product_tag","embeddable":true,"href":"https:\/\/www.multicasa.com.br\/inicio\/wp-json\/wp\/v2\/product_tag?post=17489"}],"curies":[{"name":"wp","href":"https:\/\/api.w.org\/{rel}","templated":true}]}}