{"id":17494,"date":"2025-06-20T19:19:49","date_gmt":"2025-06-20T23:19:49","guid":{"rendered":"https:\/\/www.multicasa.com.br\/inicio\/?post_type=product&#038;p=17494"},"modified":"2025-08-16T18:16:16","modified_gmt":"2025-08-16T22:16:16","slug":"torneira-esfera-inox-esteves-1-2","status":"publish","type":"product","link":"https:\/\/www.multicasa.com.br\/inicio\/produto\/torneira-esfera-inox-esteves-1-2\/","title":{"rendered":"Torneira Esfera Inox Esteves 1\/2&#8243;"},"content":{"rendered":"<p>A Torneira de jardim esfera Esteves 1\/2&#8243; com alavanca \u00e9 feita de a\u00e7o inoxid\u00e1vel com acabamento cromado, indicado para \u00e1rea externa. Mecanismo cer\u00e2mico 1\/4 volta, uso geral jardim e tanque. Temperatura m\u00e1xima: 70\u00b0C; Press\u00e3o de funcionamento: 2 a 40 m.c.a. Norma t\u00e9cnica: ABNT NBR 10281.<\/p>\n","protected":false},"excerpt":{"rendered":"<h4 style=\"margin: 0px;padding: 0px 0px 16px;font-family: Lato, sans-serif;font-weight: bold;line-height: 3rem;color: var(--dark-grey3);font-size: 22px;font-style: normal;letter-spacing: normal;text-align: start;text-indent: 0px;text-transform: none\">Informa\u00e7\u00f5es t\u00e9cnicas<\/h4>\n<p><span style=\"margin: 0px;padding: 0px;font-weight: 450;font-size: 14px;line-height: 21px;color: var(--dark-grey2);font-family: Lato, sans-serif;font-style: normal;letter-spacing: normal;text-align: start;text-indent: 0px;text-transform: none\">Produto: Torneira de jardim<br \/>\nMarca: Esteves<br \/>\nMaterial: Liga de cobre, pl\u00e1stico engenharia, zamac, elast\u00f4meros<br \/>\nAcabamento: Cromado                                                                                                                                                Cor: Laranja e prata<br \/>\nCaracter\u00edsticas: Mecanismo cer\u00e2mico 1\/4&#8243; volta; Bitola 1\/2&#8243;; Temperatura m\u00e1xima: 70\u00b0C; Press\u00e3o de funcionamento: 2 a 40 m.c.a.<br \/>\nItens inclusos: 1 Torneira de jardim<br \/>\nDimens\u00f5es do produto (A X L X P): 15 x 15 x 5cm<br \/>\nPeso: 0,12kg                                                                                                                                                       Garantia: 15 anos<\/span><\/p>\n","protected":false},"featured_media":17561,"template":"","meta":{"_joinchat":[]},"product_brand":[],"product_cat":[67],"product_tag":[],"class_list":{"0":"post-17494","1":"product","2":"type-product","3":"status-publish","4":"has-post-thumbnail","6":"product_cat-torneiras-e-cia","8":"first","9":"outofstock","10":"shipping-taxable","11":"product-type-simple"},"_links":{"self":[{"href":"https:\/\/www.multicasa.com.br\/inicio\/wp-json\/wp\/v2\/product\/17494","targetHints":{"allow":["GET"]}}],"collection":[{"href":"https:\/\/www.multicasa.com.br\/inicio\/wp-json\/wp\/v2\/product"}],"about":[{"href":"https:\/\/www.multicasa.com.br\/inicio\/wp-json\/wp\/v2\/types\/product"}],"wp:featuredmedia":[{"embeddable":true,"href":"https:\/\/www.multicasa.com.br\/inicio\/wp-json\/wp\/v2\/media\/17561"}],"wp:attachment":[{"href":"https:\/\/www.multicasa.com.br\/inicio\/wp-json\/wp\/v2\/media?parent=17494"}],"wp:term":[{"taxonomy":"product_brand","embeddable":true,"href":"https:\/\/www.multicasa.com.br\/inicio\/wp-json\/wp\/v2\/product_brand?post=17494"},{"taxonomy":"product_cat","embeddable":true,"href":"https:\/\/www.multicasa.com.br\/inicio\/wp-json\/wp\/v2\/product_cat?post=17494"},{"taxonomy":"product_tag","embeddable":true,"href":"https:\/\/www.multicasa.com.br\/inicio\/wp-json\/wp\/v2\/product_tag?post=17494"}],"curies":[{"name":"wp","href":"https:\/\/api.w.org\/{rel}","templated":true}]}}