{"id":17514,"date":"2025-06-20T19:20:12","date_gmt":"2025-06-20T23:20:12","guid":{"rendered":"https:\/\/www.multicasa.com.br\/inicio\/?post_type=product&#038;p=17514"},"modified":"2026-02-02T17:50:26","modified_gmt":"2026-02-02T21:50:26","slug":"bateria-botao-lithium-cr2032-duracell-3v-2-unidades","status":"publish","type":"product","link":"https:\/\/www.multicasa.com.br\/inicio\/produto\/bateria-botao-lithium-cr2032-duracell-3v-2-unidades\/","title":{"rendered":"Bateria Bot\u00e3o Lithium CR2032 Duracell 3V 2 Unidades"},"content":{"rendered":"<p>As pilhas tipo moeda da Duracell 2032 s\u00e3o fabricadas com l\u00edtio de elevada pureza e t\u00eam energia de longa dura\u00e7\u00e3o para diferentes equipamentos. A tecnologia de Duracell preserva a energia das pilhas que ainda n\u00e3o foram usadas, por at\u00e9 10 anos. A embalagem refor\u00e7ada garante a seguran\u00e7a dos seus filhos: ela s\u00f3 pode ser aberta com uma tesoura. As pilhas moeda s\u00e3o concebidas para uso em chaveiros, controles remotos, chaves de carro, balan\u00e7as, calculadoras, acess\u00f3rios vest\u00edveis (como \u00f3culos e rel\u00f3gios), sensores, equipamentos m\u00e9dicos (medidores de glicemia, term\u00f4metros digitais), aparelhos desportivos (medidor de ritmo card\u00edaco, acess\u00f3rios de ciclismo), entre outros.<\/p>\n","protected":false},"excerpt":{"rendered":"<h4 style=\"margin: 0px;padding: 0px 0px 16px;font-family: Lato, sans-serif;font-weight: bold;line-height: 3rem;color: var(--dark-grey3);font-size: 22px;font-style: normal;letter-spacing: normal;text-align: start;text-indent: 0px;text-transform: none\">Informa\u00e7\u00f5es t\u00e9cnicas<\/h4>\n<p><span style=\"margin: 0px;padding: 0px;font-weight: 450;font-size: 14px;line-height: 21px;color: var(--dark-grey2);font-family: Lato, sans-serif;font-style: normal;letter-spacing: normal;text-align: start;text-indent: 0px;text-transform: none\">Produto: Bateria<br \/>\nTipo: Bot\u00e3o\/Moeda<br \/>\nMarca: Duracell<br \/>\nModelo: CR2032                                                                                                                                                                Material: L\u00edtio met\u00e1lico<br \/>\nVoltagem: 3v<br \/>\nCaracter\u00edsticas: Tecnologia Duralock, design aperfei\u00e7oado<br \/>\nItens inclusos: 2 baterias<br \/>\nDimens\u00f5es do produto (A x L x C): 11,9 x 8,4 x 0,635cm                                                                                                      Peso: 0,007kg<\/span><\/p>\n","protected":false},"featured_media":24680,"template":"","meta":{"_joinchat":[]},"product_brand":[],"product_cat":[151],"product_tag":[],"class_list":{"0":"post-17514","1":"product","2":"type-product","3":"status-publish","4":"has-post-thumbnail","6":"product_cat-pilhas","8":"first","9":"outofstock","10":"shipping-taxable","11":"purchasable","12":"product-type-simple"},"_links":{"self":[{"href":"https:\/\/www.multicasa.com.br\/inicio\/wp-json\/wp\/v2\/product\/17514","targetHints":{"allow":["GET"]}}],"collection":[{"href":"https:\/\/www.multicasa.com.br\/inicio\/wp-json\/wp\/v2\/product"}],"about":[{"href":"https:\/\/www.multicasa.com.br\/inicio\/wp-json\/wp\/v2\/types\/product"}],"wp:featuredmedia":[{"embeddable":true,"href":"https:\/\/www.multicasa.com.br\/inicio\/wp-json\/wp\/v2\/media\/24680"}],"wp:attachment":[{"href":"https:\/\/www.multicasa.com.br\/inicio\/wp-json\/wp\/v2\/media?parent=17514"}],"wp:term":[{"taxonomy":"product_brand","embeddable":true,"href":"https:\/\/www.multicasa.com.br\/inicio\/wp-json\/wp\/v2\/product_brand?post=17514"},{"taxonomy":"product_cat","embeddable":true,"href":"https:\/\/www.multicasa.com.br\/inicio\/wp-json\/wp\/v2\/product_cat?post=17514"},{"taxonomy":"product_tag","embeddable":true,"href":"https:\/\/www.multicasa.com.br\/inicio\/wp-json\/wp\/v2\/product_tag?post=17514"}],"curies":[{"name":"wp","href":"https:\/\/api.w.org\/{rel}","templated":true}]}}