{"id":17516,"date":"2025-06-20T19:20:12","date_gmt":"2025-06-20T23:20:12","guid":{"rendered":"https:\/\/www.multicasa.com.br\/inicio\/?post_type=product&#038;p=17516"},"modified":"2025-12-08T15:45:45","modified_gmt":"2025-12-08T19:45:45","slug":"kit-p-instalacao-10x100-meu-rodape","status":"publish","type":"product","link":"https:\/\/www.multicasa.com.br\/inicio\/produto\/kit-p-instalacao-10x100-meu-rodape\/","title":{"rendered":"Kit p\/ Instala\u00e7\u00e3o 10&#215;100 Meu Rodap\u00e9"},"content":{"rendered":"<p>Quer deixar o processo de aplica\u00e7\u00e3o do produto ainda mais f\u00e1cil? Pensando nisso, criamos um kit instala\u00e7\u00e3o, que vai lhe auxiliar no processo dos cortes e at\u00e9 da fixa\u00e7\u00e3o.<\/p>\n<p>Com ele, os \u00e2ngulos que voc\u00ea pode precisar para fazer a sua instala\u00e7\u00e3o ser\u00e3o realizados sem dificuldades (incluindo os de 45\u00b0, caso necessite).<\/p>\n<p>O kit tamb\u00e9m possui uma cola para poss\u00edveis emendas que voc\u00ea pode fazer (como em quinas nas paredes, por exemplo). <\/p>\n","protected":false},"excerpt":{"rendered":"<h4 style=\"margin: 0px;padding: 0px 0px 16px;font-family: Lato, sans-serif;font-weight: bold;line-height: 3rem;color: var(--dark-grey3);font-size: 22px;font-style: normal;letter-spacing: normal;text-align: start;text-indent: 0px;text-transform: none\">Informa\u00e7\u00f5es t\u00e9cnicas<\/h4>\n<p><span style=\"margin: 0px;padding: 0px;font-weight: 450;font-size: 14px;line-height: 21px;color: var(--dark-grey2);font-family: Lato, sans-serif;font-style: normal;letter-spacing: normal;text-align: start;text-indent: 0px;text-transform: none\">Voc\u00ea vai receber:<br \/>\n1 Estilete;<br \/>\n1 Gabarito de para corte das quinas;<br \/>\n1 Gabarito para corte 45\u00ba (estilo molduras);<br \/>\n1 Cola de contato de 30g para emendas.<\/span><\/p>\n","protected":false},"featured_media":25363,"template":"","meta":{"_joinchat":[]},"product_brand":[],"product_cat":[147],"product_tag":[],"class_list":{"0":"post-17516","1":"product","2":"type-product","3":"status-publish","4":"has-post-thumbnail","6":"product_cat-basicos","8":"first","9":"outofstock","10":"shipping-taxable","11":"purchasable","12":"product-type-simple"},"_links":{"self":[{"href":"https:\/\/www.multicasa.com.br\/inicio\/wp-json\/wp\/v2\/product\/17516","targetHints":{"allow":["GET"]}}],"collection":[{"href":"https:\/\/www.multicasa.com.br\/inicio\/wp-json\/wp\/v2\/product"}],"about":[{"href":"https:\/\/www.multicasa.com.br\/inicio\/wp-json\/wp\/v2\/types\/product"}],"wp:featuredmedia":[{"embeddable":true,"href":"https:\/\/www.multicasa.com.br\/inicio\/wp-json\/wp\/v2\/media\/25363"}],"wp:attachment":[{"href":"https:\/\/www.multicasa.com.br\/inicio\/wp-json\/wp\/v2\/media?parent=17516"}],"wp:term":[{"taxonomy":"product_brand","embeddable":true,"href":"https:\/\/www.multicasa.com.br\/inicio\/wp-json\/wp\/v2\/product_brand?post=17516"},{"taxonomy":"product_cat","embeddable":true,"href":"https:\/\/www.multicasa.com.br\/inicio\/wp-json\/wp\/v2\/product_cat?post=17516"},{"taxonomy":"product_tag","embeddable":true,"href":"https:\/\/www.multicasa.com.br\/inicio\/wp-json\/wp\/v2\/product_tag?post=17516"}],"curies":[{"name":"wp","href":"https:\/\/api.w.org\/{rel}","templated":true}]}}