{"id":17518,"date":"2025-06-20T19:20:12","date_gmt":"2025-06-20T23:20:12","guid":{"rendered":"https:\/\/www.multicasa.com.br\/inicio\/?post_type=product&#038;p=17518"},"modified":"2025-12-08T15:45:50","modified_gmt":"2025-12-08T19:45:50","slug":"rodape-autocolante-100mm-10m-meu-rodape","status":"publish","type":"product","link":"https:\/\/www.multicasa.com.br\/inicio\/produto\/rodape-autocolante-100mm-10m-meu-rodape\/","title":{"rendered":"Rodap\u00e9 Autocolante 100mm 10M Meu Rodap\u00e9"},"content":{"rendered":"<p>Vers\u00e1til, este modelo \u00e9 utilizado n\u00e3o apenas como rodap\u00e9, mas tamb\u00e9m como painel ripado, cabeceira, moldura de portas e janelas e tamb\u00e9m em pagina\u00e7\u00f5es especiais.<\/p>\n<p>Destaque ainda para sua flexibilidade e leveza &#8211; o que permite a aplica\u00e7\u00e3o em paredes curvas ou no teto &#8211; e tamb\u00e9m para a sua personaliza\u00e7\u00e3o, j\u00e1 que o material aceita pintura com diversos tipos de tinta.<\/p>\n<p>Leve para sua casa um produto reconhecido pelos principais nomes do pa\u00eds! <\/p>\n","protected":false},"excerpt":{"rendered":"<h4 style=\"margin: 0px;padding: 0px 0px 16px;font-family: Lato, sans-serif;font-weight: bold;line-height: 3rem;color: var(--dark-grey3);font-size: 22px;font-style: normal;letter-spacing: normal;text-align: start;text-indent: 0px;text-transform: none\">Informa\u00e7\u00f5es t\u00e9cnicas<\/h4>\n<p><span style=\"margin: 0px;padding: 0px;font-weight: 450;font-size: 14px;line-height: 21px;color: var(--dark-grey2);font-family: Lato, sans-serif;font-style: normal;letter-spacing: normal;text-align: start;text-indent: 0px;text-transform: none\"><br \/>\nNosso produto \u00e9 autocolante. Com o tempo desenvolvemos uma cola (fruto de inova\u00e7\u00e3o tecnol\u00f3gica), espec\u00edfica para a decora\u00e7\u00e3o. Ela garante maior fixa\u00e7\u00e3o e durabilidade. N\u00e3o utilizamos fita dupla-face.<\/p>\n<p>Diferente de outros materiais, o nosso \u00e9 flex\u00edvel e se adapta a paredes curvas com facilidade. Ele tamb\u00e9m \u00e9 enviado em rolos (e \u00e9 leve), o que facilita o seu recebimento e armazenamento.<\/span><\/p>\n","protected":false},"featured_media":25937,"template":"","meta":{"_joinchat":[]},"product_brand":[],"product_cat":[147],"product_tag":[],"class_list":{"0":"post-17518","1":"product","2":"type-product","3":"status-publish","4":"has-post-thumbnail","6":"product_cat-basicos","8":"first","9":"outofstock","10":"shipping-taxable","11":"purchasable","12":"product-type-simple"},"_links":{"self":[{"href":"https:\/\/www.multicasa.com.br\/inicio\/wp-json\/wp\/v2\/product\/17518","targetHints":{"allow":["GET"]}}],"collection":[{"href":"https:\/\/www.multicasa.com.br\/inicio\/wp-json\/wp\/v2\/product"}],"about":[{"href":"https:\/\/www.multicasa.com.br\/inicio\/wp-json\/wp\/v2\/types\/product"}],"wp:featuredmedia":[{"embeddable":true,"href":"https:\/\/www.multicasa.com.br\/inicio\/wp-json\/wp\/v2\/media\/25937"}],"wp:attachment":[{"href":"https:\/\/www.multicasa.com.br\/inicio\/wp-json\/wp\/v2\/media?parent=17518"}],"wp:term":[{"taxonomy":"product_brand","embeddable":true,"href":"https:\/\/www.multicasa.com.br\/inicio\/wp-json\/wp\/v2\/product_brand?post=17518"},{"taxonomy":"product_cat","embeddable":true,"href":"https:\/\/www.multicasa.com.br\/inicio\/wp-json\/wp\/v2\/product_cat?post=17518"},{"taxonomy":"product_tag","embeddable":true,"href":"https:\/\/www.multicasa.com.br\/inicio\/wp-json\/wp\/v2\/product_tag?post=17518"}],"curies":[{"name":"wp","href":"https:\/\/api.w.org\/{rel}","templated":true}]}}