{"id":17519,"date":"2025-06-20T19:20:12","date_gmt":"2025-06-20T23:20:12","guid":{"rendered":"https:\/\/www.multicasa.com.br\/inicio\/?post_type=product&#038;p=17519"},"modified":"2026-02-13T17:20:09","modified_gmt":"2026-02-13T21:20:09","slug":"chuveiro-acqua-century-digital-7500w-220v-pt-cr","status":"publish","type":"product","link":"https:\/\/www.multicasa.com.br\/inicio\/produto\/chuveiro-acqua-century-digital-7500w-220v-pt-cr\/","title":{"rendered":"Chuveiro Acqua Century Digital 7500W 220V PT\/CR"},"content":{"rendered":"<p>O Chuveiro Lorenzetti Acqua Century Digital 220V 7500W \u00e9 a mais recente express\u00e3o da inova\u00e7\u00e3o Lorenzetti, celebrando os 100 anos da marca com um design arrojado e caracter\u00edsticas tecnol\u00f3gicas avan\u00e7adas. Indo al\u00e9m da funcionalidade b\u00e1sica, este chuveiro el\u00e9trico proporciona uma experi\u00eancia de banho \u00fanica, desafiando as conven\u00e7\u00f5es tradicionais. Com caracter\u00edsticas t\u00e9cnicas not\u00e1veis, como press\u00e3o de funcionamento vari\u00e1vel, grau de prote\u00e7\u00e3o IP 24, sistema de aterramento, comando eletr\u00f4nico de temperaturas e compatibilidade com diversos sistemas de aquecimento, o Acqua Century Digital se adapta \u00e0s exig\u00eancias modernas de design e conforto no banheiro. As especifica\u00e7\u00f5es el\u00e9tricas incluem uma pot\u00eancia de 7500W a 220V, fios de 6mm\u00b2 e um disjuntor de 40A, assegurando desempenho eficiente e seguro.<\/p>\n","protected":false},"excerpt":{"rendered":"<h4 style=\"margin: 0px;padding: 0px 0px 16px;font-family: Lato, sans-serif;font-weight: bold;line-height: 3rem;color: var(--dark-grey3);font-size: 22px;font-style: normal;letter-spacing: normal;text-align: start;text-indent: 0px;text-transform: none\">Informa\u00e7\u00f5es t\u00e9cnicas<\/h4>\n<p><span style=\"margin: 0px;padding: 0px;font-weight: 450;font-size: 14px;line-height: 21px;color: var(--dark-grey2);font-family: Lato, sans-serif;font-style: normal;letter-spacing: normal;text-align: start;text-indent: 0px;text-transform: none\">Marca: LORENZETTI<br \/>\nComprimento: 50.00 cm<br \/>\nLargura: 30.00 cm<br \/>\nAltura: 20.00 cm<br \/>\nVoltagem\t220 V<br \/>\nAcabamento: Brilhante<br \/>\nDimens\u00f5es: C x L x A: 52,8 x 25,7 x 36,9cm<br \/>\nFabricante: LORENZETTI<br \/>\nInforma\u00e7\u00f5es: As especifica\u00e7\u00f5es el\u00e9tricas incluem uma pot\u00eancia de 7500W a 220V, fios de 6mm\u00b2 e um disjuntor de 40A, assegurando desempenho eficiente e seguro.<br \/>\nInstala\u00e7\u00e3o: De parede<br \/>\nLugar De Coloca\u00e7\u00e3o: Banheiro, Lavabos<br \/>\nObserva\u00e7\u00e3o: Imagem meramente ilustrativa<br \/>\nPot\u00eancia: 7500 W<br \/>\nTipo: Chuveiro Digital<br \/>\nCor: Preto\/Cromado<br \/>\nLinha: Acqua Century Digital<br \/>\nFormato: Quadrado<\/span><\/p>\n","protected":false},"featured_media":24942,"template":"","meta":{"_joinchat":[]},"product_brand":[],"product_cat":[71],"product_tag":[],"class_list":{"0":"post-17519","1":"product","2":"type-product","3":"status-publish","4":"has-post-thumbnail","6":"product_cat-chuveiros","8":"first","9":"outofstock","10":"shipping-taxable","11":"purchasable","12":"product-type-simple"},"_links":{"self":[{"href":"https:\/\/www.multicasa.com.br\/inicio\/wp-json\/wp\/v2\/product\/17519","targetHints":{"allow":["GET"]}}],"collection":[{"href":"https:\/\/www.multicasa.com.br\/inicio\/wp-json\/wp\/v2\/product"}],"about":[{"href":"https:\/\/www.multicasa.com.br\/inicio\/wp-json\/wp\/v2\/types\/product"}],"wp:featuredmedia":[{"embeddable":true,"href":"https:\/\/www.multicasa.com.br\/inicio\/wp-json\/wp\/v2\/media\/24942"}],"wp:attachment":[{"href":"https:\/\/www.multicasa.com.br\/inicio\/wp-json\/wp\/v2\/media?parent=17519"}],"wp:term":[{"taxonomy":"product_brand","embeddable":true,"href":"https:\/\/www.multicasa.com.br\/inicio\/wp-json\/wp\/v2\/product_brand?post=17519"},{"taxonomy":"product_cat","embeddable":true,"href":"https:\/\/www.multicasa.com.br\/inicio\/wp-json\/wp\/v2\/product_cat?post=17519"},{"taxonomy":"product_tag","embeddable":true,"href":"https:\/\/www.multicasa.com.br\/inicio\/wp-json\/wp\/v2\/product_tag?post=17519"}],"curies":[{"name":"wp","href":"https:\/\/api.w.org\/{rel}","templated":true}]}}