{"id":17542,"date":"2025-06-20T19:20:35","date_gmt":"2025-06-20T23:20:35","guid":{"rendered":"https:\/\/www.multicasa.com.br\/inicio\/?post_type=product&#038;p=17542"},"modified":"2025-08-17T19:10:36","modified_gmt":"2025-08-17T23:10:36","slug":"adaptador-bruto-para-instalacao-de-gas-rosca-macho-blukit-3-8-x-1-2","status":"publish","type":"product","link":"https:\/\/www.multicasa.com.br\/inicio\/produto\/adaptador-bruto-para-instalacao-de-gas-rosca-macho-blukit-3-8-x-1-2\/","title":{"rendered":"Adaptador Bruto para Instala\u00e7\u00e3o de G\u00e1s Rosca Macho Blukit 3\/8 x 1\/2?"},"content":{"rendered":"<p>O Adaptador Bruto para Instala\u00e7\u00e3o de G\u00e1s Rosca Macho Blukit realiza a liga\u00e7\u00e3o entre tubula\u00e7\u00f5es de g\u00e1s com seguran\u00e7a e qualidade. \u00c9 uma pe\u00e7a resistente com rosca macho de 1\/2? e espig\u00e3o interno de 3\/8?.<\/p>\n","protected":false},"excerpt":{"rendered":"<h4 style=\"margin: 0px;padding: 0px 0px 16px;font-family: Lato, sans-serif;font-weight: bold;line-height: 3rem;color: var(--dark-grey3);font-size: 22px;font-style: normal;letter-spacing: normal;text-align: start;text-indent: 0px;text-transform: none\">Informa\u00e7\u00f5es t\u00e9cnicas<\/h4>\n<p><span style=\"margin: 0px;padding: 0px;font-weight: 450;font-size: 14px;line-height: 21px;color: var(--dark-grey2);font-family: Lato, sans-serif;font-style: normal;letter-spacing: normal;text-align: start;text-indent: 0px;text-transform: none\">Produto: Adaptador para G\u00e1s<br \/>\nMarca: Blukit<br \/>\nMaterial: Metal<br \/>\nBorracha<br \/>\nCor: Prata<br \/>\nCaracter\u00edsticas: Bruto<br \/>\nRosca macho 1\/2?<br \/>\nEspig\u00e3o 3\/8?<br \/>\nItens inclusos: 1 Adaptador para G\u00e1s<br \/>\nDimens\u00f5es do produto em polegadas: 3\/8&#215;1\/2?<br \/>\n<\/span><\/p>\n","protected":false},"featured_media":17590,"template":"","meta":{"_joinchat":[]},"product_brand":[],"product_cat":[73],"product_tag":[],"class_list":{"0":"post-17542","1":"product","2":"type-product","3":"status-publish","4":"has-post-thumbnail","6":"product_cat-tubos-e-conexoes","8":"first","9":"outofstock","10":"shipping-taxable","11":"purchasable","12":"product-type-simple"},"_links":{"self":[{"href":"https:\/\/www.multicasa.com.br\/inicio\/wp-json\/wp\/v2\/product\/17542","targetHints":{"allow":["GET"]}}],"collection":[{"href":"https:\/\/www.multicasa.com.br\/inicio\/wp-json\/wp\/v2\/product"}],"about":[{"href":"https:\/\/www.multicasa.com.br\/inicio\/wp-json\/wp\/v2\/types\/product"}],"wp:featuredmedia":[{"embeddable":true,"href":"https:\/\/www.multicasa.com.br\/inicio\/wp-json\/wp\/v2\/media\/17590"}],"wp:attachment":[{"href":"https:\/\/www.multicasa.com.br\/inicio\/wp-json\/wp\/v2\/media?parent=17542"}],"wp:term":[{"taxonomy":"product_brand","embeddable":true,"href":"https:\/\/www.multicasa.com.br\/inicio\/wp-json\/wp\/v2\/product_brand?post=17542"},{"taxonomy":"product_cat","embeddable":true,"href":"https:\/\/www.multicasa.com.br\/inicio\/wp-json\/wp\/v2\/product_cat?post=17542"},{"taxonomy":"product_tag","embeddable":true,"href":"https:\/\/www.multicasa.com.br\/inicio\/wp-json\/wp\/v2\/product_tag?post=17542"}],"curies":[{"name":"wp","href":"https:\/\/api.w.org\/{rel}","templated":true}]}}