{"id":17544,"date":"2025-06-20T19:20:36","date_gmt":"2025-06-20T23:20:36","guid":{"rendered":"https:\/\/www.multicasa.com.br\/inicio\/?post_type=product&#038;p=17544"},"modified":"2026-02-02T17:50:32","modified_gmt":"2026-02-02T21:50:32","slug":"porta-sanduiche-de-plastico-incolor-sanremo","status":"publish","type":"product","link":"https:\/\/www.multicasa.com.br\/inicio\/produto\/porta-sanduiche-de-plastico-incolor-sanremo\/","title":{"rendered":"Porta Sandu\u00edche de Pl\u00e1stico Incolor Sanremo"},"content":{"rendered":"<p>O Porta Sandu\u00edche de Pl\u00e1stico da Sanremo \u00e9 ideal para quem deseja garantir sua refei\u00e7\u00e3o fora de casa a qualquer hora e qualquer lugar. Armazena, evita que amasse e conserva o seu lanche sem transferir odor aos alimentos. Tem dimens\u00f5es de 3,1 x 13,2 x 4,5 cm, tamanho que cabe em qualquer bolsa e mochila. Uso indicado para quem passa horas fora de casa e n\u00e3o abre m\u00e3o de se alimentar com qualidade e higiene.<\/p>\n","protected":false},"excerpt":{"rendered":"<h4 style=\"margin: 0px;padding: 0px 0px 16px;font-family: Lato, sans-serif;font-weight: bold;line-height: 3rem;color: var(--dark-grey3);font-size: 22px;font-style: normal;letter-spacing: normal;text-align: start;text-indent: 0px;text-transform: none\">Informa\u00e7\u00f5es t\u00e9cnicas<\/h4>\n<p><span style=\"margin: 0px;padding: 0px;font-weight: 450;font-size: 14px;line-height: 21px;color: var(--dark-grey2);font-family: Lato, sans-serif;font-style: normal;letter-spacing: normal;text-align: start;text-indent: 0px;text-transform: none\">Produto: Porta Sandu\u00edche<br \/>\nMarca: Sanremo<br \/>\nMaterial: Pl\u00e1stico<br \/>\nCaracter\u00edsticas: Fecho r\u00e1pida<br \/>\nF\u00e1cil de limpar<br \/>\nItens Inclusos: 1 Porta sandu\u00edche<br \/>\nDimens\u00f5es do produto (A x L x P): 4,5 x 13,1 x 13,2cm<\/span><\/p>\n","protected":false},"featured_media":17592,"template":"","meta":{"_joinchat":[]},"product_brand":[],"product_cat":[138],"product_tag":[],"class_list":{"0":"post-17544","1":"product","2":"type-product","3":"status-publish","4":"has-post-thumbnail","6":"product_cat-telefones-e-cia","8":"first","9":"instock","10":"shipping-taxable","11":"purchasable","12":"product-type-simple"},"_links":{"self":[{"href":"https:\/\/www.multicasa.com.br\/inicio\/wp-json\/wp\/v2\/product\/17544","targetHints":{"allow":["GET"]}}],"collection":[{"href":"https:\/\/www.multicasa.com.br\/inicio\/wp-json\/wp\/v2\/product"}],"about":[{"href":"https:\/\/www.multicasa.com.br\/inicio\/wp-json\/wp\/v2\/types\/product"}],"wp:featuredmedia":[{"embeddable":true,"href":"https:\/\/www.multicasa.com.br\/inicio\/wp-json\/wp\/v2\/media\/17592"}],"wp:attachment":[{"href":"https:\/\/www.multicasa.com.br\/inicio\/wp-json\/wp\/v2\/media?parent=17544"}],"wp:term":[{"taxonomy":"product_brand","embeddable":true,"href":"https:\/\/www.multicasa.com.br\/inicio\/wp-json\/wp\/v2\/product_brand?post=17544"},{"taxonomy":"product_cat","embeddable":true,"href":"https:\/\/www.multicasa.com.br\/inicio\/wp-json\/wp\/v2\/product_cat?post=17544"},{"taxonomy":"product_tag","embeddable":true,"href":"https:\/\/www.multicasa.com.br\/inicio\/wp-json\/wp\/v2\/product_tag?post=17544"}],"curies":[{"name":"wp","href":"https:\/\/api.w.org\/{rel}","templated":true}]}}