{"id":17545,"date":"2025-06-20T19:20:36","date_gmt":"2025-06-20T23:20:36","guid":{"rendered":"https:\/\/www.multicasa.com.br\/inicio\/?post_type=product&#038;p=17545"},"modified":"2025-06-20T19:21:19","modified_gmt":"2025-06-20T23:21:19","slug":"maleta-organizadora-multiuso-de-plastico-incolor-sao-bernardo-165cm","status":"publish","type":"product","link":"https:\/\/www.multicasa.com.br\/inicio\/produto\/maleta-organizadora-multiuso-de-plastico-incolor-sao-bernardo-165cm\/","title":{"rendered":"Maleta Organizadora Multiuso de Pl\u00e1stico Incolor S\u00e3o Bernardo 16,5cm"},"content":{"rendered":"<p>A Maleta Organizadora Multiuso da S\u00e3o Bernardo foi desenvolvida para guardar cosm\u00e9ticos, esmaltes, itens de costura e outros acess\u00f3rios com praticidade e seguran\u00e7a. Incolor, possui fecho para seguran\u00e7a e al\u00e7a que facilita o transporte. Medindo 19,5 x 26 x 16,5cm e deixa seu dia-a-dia ainda mais pr\u00e1tico.<\/p>\n","protected":false},"excerpt":{"rendered":"<h4 style=\"margin: 0px;padding: 0px 0px 16px;font-family: Lato, sans-serif;font-weight: bold;line-height: 3rem;color: var(--dark-grey3);font-size: 22px;font-style: normal;letter-spacing: normal;text-align: start;text-indent: 0px;text-transform: none\">Informa\u00e7\u00f5es t\u00e9cnicas<\/h4>\n<p><span style=\"margin: 0px;padding: 0px;font-weight: 450;font-size: 14px;line-height: 21px;color: var(--dark-grey2);font-family: Lato, sans-serif;font-style: normal;letter-spacing: normal;text-align: start;text-indent: 0px;text-transform: none\">Produto: Maleta Organizadora Multiuso<br \/>\nMarca: S\u00e3o Bernardo<br \/>\nMaterial: Pl\u00e1stico<br \/>\nCapacidade: 6L<br \/>\nCor: Incolor<br \/>\nItens Inclusos: 1 maleta organizadora multiuso<br \/>\nDimens\u00f5es do produto (A x L x P): 19,5 x 26 x 16,5cm<br \/>\n<\/span><\/p>\n","protected":false},"featured_media":17593,"template":"","meta":{"_joinchat":[]},"product_brand":[],"product_cat":[98],"product_tag":[],"class_list":{"0":"post-17545","1":"product","2":"type-product","3":"status-publish","4":"has-post-thumbnail","6":"product_cat-organizadores","8":"first","9":"outofstock","10":"shipping-taxable","11":"product-type-simple"},"_links":{"self":[{"href":"https:\/\/www.multicasa.com.br\/inicio\/wp-json\/wp\/v2\/product\/17545","targetHints":{"allow":["GET"]}}],"collection":[{"href":"https:\/\/www.multicasa.com.br\/inicio\/wp-json\/wp\/v2\/product"}],"about":[{"href":"https:\/\/www.multicasa.com.br\/inicio\/wp-json\/wp\/v2\/types\/product"}],"wp:featuredmedia":[{"embeddable":true,"href":"https:\/\/www.multicasa.com.br\/inicio\/wp-json\/wp\/v2\/media\/17593"}],"wp:attachment":[{"href":"https:\/\/www.multicasa.com.br\/inicio\/wp-json\/wp\/v2\/media?parent=17545"}],"wp:term":[{"taxonomy":"product_brand","embeddable":true,"href":"https:\/\/www.multicasa.com.br\/inicio\/wp-json\/wp\/v2\/product_brand?post=17545"},{"taxonomy":"product_cat","embeddable":true,"href":"https:\/\/www.multicasa.com.br\/inicio\/wp-json\/wp\/v2\/product_cat?post=17545"},{"taxonomy":"product_tag","embeddable":true,"href":"https:\/\/www.multicasa.com.br\/inicio\/wp-json\/wp\/v2\/product_tag?post=17545"}],"curies":[{"name":"wp","href":"https:\/\/api.w.org\/{rel}","templated":true}]}}