{"id":17549,"date":"2025-06-20T19:20:36","date_gmt":"2025-06-20T23:20:36","guid":{"rendered":"https:\/\/www.multicasa.com.br\/inicio\/?post_type=product&#038;p=17549"},"modified":"2025-06-20T19:21:26","modified_gmt":"2025-06-20T23:21:26","slug":"calculadora-de-bolso-com-8-digitos-elgin","status":"publish","type":"product","link":"https:\/\/www.multicasa.com.br\/inicio\/produto\/calculadora-de-bolso-com-8-digitos-elgin\/","title":{"rendered":"Calculadora de Bolso com 8 D\u00edgitos Elgin"},"content":{"rendered":"<p>A Calculadora de Bolso com 8 D\u00edgitos da Elgin possui um visor de cristal l\u00edquido com as fun\u00e7\u00f5es de: 4 opera\u00e7\u00f5es b\u00e1sicas, raiz quadrada e porcentagem. Com desligamento autom\u00e1tico e seu funcionamento \u00e9 atrav\u00e9s de 1 pilha AA e energia solar.<\/p>\n","protected":false},"excerpt":{"rendered":"<h4 style=\"margin: 0px;padding: 0px 0px 16px;font-family: Lato, sans-serif;font-weight: bold;line-height: 3rem;color: var(--dark-grey3);font-size: 22px;font-style: normal;letter-spacing: normal;text-align: start;text-indent: 0px;text-transform: none\">Informa\u00e7\u00f5es t\u00e9cnicas<\/h4>\n<p><span style=\"margin: 0px;padding: 0px;font-weight: 450;font-size: 14px;line-height: 21px;color: var(--dark-grey2);font-family: Lato, sans-serif;font-style: normal;letter-spacing: normal;text-align: start;text-indent: 0px;text-transform: none\">Produto: Calculadora de Bolso<br \/>\nMarca: Elgin<br \/>\nModelo: CB1483<br \/>\nCor: Preto<br \/>\nAlimenta\u00e7\u00e3o: 1 Pilha AA (n\u00e3o inclusa)<br \/>\nCaracter\u00edsticas: 8 d\u00edgitos; 4 opera\u00e7\u00f5es b\u00e1sicas; desligamento autom\u00e1tico<br \/>\nItens Inclusos: 1 calculadora de bolso<br \/>\nDimens\u00f5es do produto (A X L X P): 1,9 x 6,8 x 10,6cm<br \/>\nPeso: 0,05kg                                                                                                                                                       Garantia: 90 dias<\/span><\/p>\n","protected":false},"featured_media":17613,"template":"","meta":{"_joinchat":[]},"product_brand":[],"product_cat":[130],"product_tag":[],"class_list":{"0":"post-17549","1":"product","2":"type-product","3":"status-publish","4":"has-post-thumbnail","6":"product_cat-informatica","8":"first","9":"outofstock","10":"shipping-taxable","11":"product-type-simple"},"_links":{"self":[{"href":"https:\/\/www.multicasa.com.br\/inicio\/wp-json\/wp\/v2\/product\/17549","targetHints":{"allow":["GET"]}}],"collection":[{"href":"https:\/\/www.multicasa.com.br\/inicio\/wp-json\/wp\/v2\/product"}],"about":[{"href":"https:\/\/www.multicasa.com.br\/inicio\/wp-json\/wp\/v2\/types\/product"}],"wp:featuredmedia":[{"embeddable":true,"href":"https:\/\/www.multicasa.com.br\/inicio\/wp-json\/wp\/v2\/media\/17613"}],"wp:attachment":[{"href":"https:\/\/www.multicasa.com.br\/inicio\/wp-json\/wp\/v2\/media?parent=17549"}],"wp:term":[{"taxonomy":"product_brand","embeddable":true,"href":"https:\/\/www.multicasa.com.br\/inicio\/wp-json\/wp\/v2\/product_brand?post=17549"},{"taxonomy":"product_cat","embeddable":true,"href":"https:\/\/www.multicasa.com.br\/inicio\/wp-json\/wp\/v2\/product_cat?post=17549"},{"taxonomy":"product_tag","embeddable":true,"href":"https:\/\/www.multicasa.com.br\/inicio\/wp-json\/wp\/v2\/product_tag?post=17549"}],"curies":[{"name":"wp","href":"https:\/\/api.w.org\/{rel}","templated":true}]}}