{"id":17571,"date":"2025-06-20T19:21:00","date_gmt":"2025-06-20T23:21:00","guid":{"rendered":"https:\/\/www.multicasa.com.br\/inicio\/?post_type=product&#038;p=17571"},"modified":"2025-08-17T19:14:41","modified_gmt":"2025-08-17T23:14:41","slug":"prendedores-de-roupa-5-em-1-squadrus-12-pecas","status":"publish","type":"product","link":"https:\/\/www.multicasa.com.br\/inicio\/produto\/prendedores-de-roupa-5-em-1-squadrus-12-pecas\/","title":{"rendered":"Prendedores de Roupa 5 em 1 Squadrus 12 Pe\u00e7as"},"content":{"rendered":"<p>Os Prendedores de Roupa 5 em 1 Squadrus se encaixam em di\u00e2metros de 3,5mm, 8mm, 9,5mm, 12,7mm e 16mm. Produzidos em pl\u00e1stico, o pacote conta com 12 pe\u00e7as. Perfeito para sua lavanderia.<\/p>\n","protected":false},"excerpt":{"rendered":"<h4 style=\"margin: 0px;padding: 0px 0px 16px;font-family: Lato, sans-serif;font-weight: bold;line-height: 3rem;color: var(--dark-grey3);font-size: 22px;font-style: normal;letter-spacing: normal;text-align: start;text-indent: 0px;text-transform: none\">Informa\u00e7\u00f5es t\u00e9cnicas<\/h4>\n<p><span style=\"margin: 0px;padding: 0px;font-weight: 450;font-size: 14px;line-height: 21px;color: var(--dark-grey2);font-family: Lato, sans-serif;font-style: normal;letter-spacing: normal;text-align: start;text-indent: 0px;text-transform: none\">Produto: Prendedor<br \/>\nMarca: Squadrus<br \/>\nMaterial: Pl\u00e1stico<br \/>\nCor: Sortido<br \/>\nUso indicado: Prender roupas, bilhetes, embalagens e outros<br \/>\nCaracter\u00edsticas: Encaixa em varais com di\u00e2metro de &#8211; 3,5\/8\/9,5\/12,7\/16mm<br \/>\nItens Inclusos: 12 prendedores<br \/>\nDimens\u00f5es do produto (A x L): 18 x 17,5cm<br \/>\n<\/span><\/p>\n","protected":false},"featured_media":25843,"template":"","meta":{"_joinchat":[]},"product_brand":[],"product_cat":[95],"product_tag":[],"class_list":{"0":"post-17571","1":"product","2":"type-product","3":"status-publish","4":"has-post-thumbnail","6":"product_cat-lavanderia","8":"first","9":"outofstock","10":"shipping-taxable","11":"purchasable","12":"product-type-simple"},"_links":{"self":[{"href":"https:\/\/www.multicasa.com.br\/inicio\/wp-json\/wp\/v2\/product\/17571","targetHints":{"allow":["GET"]}}],"collection":[{"href":"https:\/\/www.multicasa.com.br\/inicio\/wp-json\/wp\/v2\/product"}],"about":[{"href":"https:\/\/www.multicasa.com.br\/inicio\/wp-json\/wp\/v2\/types\/product"}],"wp:featuredmedia":[{"embeddable":true,"href":"https:\/\/www.multicasa.com.br\/inicio\/wp-json\/wp\/v2\/media\/25843"}],"wp:attachment":[{"href":"https:\/\/www.multicasa.com.br\/inicio\/wp-json\/wp\/v2\/media?parent=17571"}],"wp:term":[{"taxonomy":"product_brand","embeddable":true,"href":"https:\/\/www.multicasa.com.br\/inicio\/wp-json\/wp\/v2\/product_brand?post=17571"},{"taxonomy":"product_cat","embeddable":true,"href":"https:\/\/www.multicasa.com.br\/inicio\/wp-json\/wp\/v2\/product_cat?post=17571"},{"taxonomy":"product_tag","embeddable":true,"href":"https:\/\/www.multicasa.com.br\/inicio\/wp-json\/wp\/v2\/product_tag?post=17571"}],"curies":[{"name":"wp","href":"https:\/\/api.w.org\/{rel}","templated":true}]}}